{"id":96,"date":"2017-07-18T21:46:31","date_gmt":"2017-07-18T18:46:31","guid":{"rendered":"http:\/\/localhost\/en\/?post_type=product&#038;p=96"},"modified":"2025-03-09T09:14:16","modified_gmt":"2025-03-09T06:14:16","slug":"the-second-coming-of-christ","status":"publish","type":"product","link":"https:\/\/www.amin-sheikho.com\/fr\/product\/the-second-coming-of-christ\/","title":{"rendered":"L&rsquo;envoye De La Paix Se Profile A L&rsquo;horizon"},"content":{"rendered":"<p style=\"text-align: justify;\">\u00abEt Nous fimes du fils de Marie, ainsi que de sa m\u00e8re, un prodige; et Nous donn\u00e2mes \u00e0 tous \u00a0deux, asile sur une colline bien stable et dot\u00e9e d\u2019une source.\u00bb Sourate 23;50Le pr\u00e9sent ouvrage paraitra tr\u00e8s singulier aux yeux de certains lecteurs.<\/p>\n<p style=\"text-align: justify;\">En effet, plusieurs sujets qui y sont abord\u00e9s n\u2019ont pas fait auparavant l\u2019objet d\u2019une analyse v\u00e9ritablement approfondie. Sa singularit\u00e8, si l\u2019 on peut dire, tient \u00e0 la fois de l\u2019originalit\u00e9 des sujets \u00a0mais d\u2019avantage de la qualit\u00e9 de leur traitement.<\/p>\n<p style=\"text-align: justify;\">Elle offre la preuve de la grande clairvoyance de son auteur, Mohammad Amin Sheikho (qu\u2019Allah sanctifie son \u00e2me) qui est un \u00e9rudit de haut vol, un fid\u00e8le \u00e0 l\u2019esprit \u00e9lev\u00e9, un savant hors du commun, un homme qui ne s\u2019arr\u00eate pas aux apparences lorsqu\u2019il s\u2019agit de faire \u0153uvre de science.<\/p>\n<p style=\"text-align: justify;\">Aussi singulier qu\u2019il puisse paraitre, ce livre ne flirte pas avec l\u2019innovation.<\/p>\n<p style=\"text-align: justify;\">Il ne va ni \u00a0en-de\u00e7\u00e0 ni au-del\u00e0 de la parole d\u2019Allah. Le coran et la sunna du Messager (pri\u00e8re et salut sur lui) sont la source exclusive dans laquelle le grand humaniste Amin Sheikho s\u2019est abreuv\u00e9 pour le mettre en \u0153uvre.<\/p>\n","protected":false},"excerpt":{"rendered":"<h2>Jesus Christ Le Messager De La Paix<\/h2>\n<h3>\u00ab\u00a0Les Signes D\u2019un Retour Imminent!\u00a0\u00bb<\/h3>\n<p style=\"text-align: justify;\">&#8211; Le Grand Erudit et Humaniste Mohammad Amin Sheikho (Qu\u2019Allah sanctifie son \u00e2me)<\/p>\n<p style=\"text-align: justify;\">&#8211; Edition revue et corrig\u00e9e par le Prof. Abdoul-kh\u00e2dir Yahya dit al-Dyrani, Chercheur et penseur islamique<\/p>\n[divider style=\"solid\" top=\"20\" bottom=\"20\"]\n[box type=\"download\" align=\"aligncenter\" class=\"\" width=\"\"]<\/p>\n<p>Cet achat contient les fichiers: formats PDF, ePUB, etMobi.<\/p>\n<p>[\/box]\n","protected":false},"featured_media":4215,"template":"","meta":[],"product_brand":[],"product_cat":[19],"product_tag":[],"class_list":{"0":"post-96","1":"product","2":"type-product","3":"status-publish","4":"has-post-thumbnail","6":"product_cat-ebooks","8":"first","9":"instock","10":"downloadable","11":"virtual","12":"sold-individually","13":"taxable","14":"purchasable","15":"product-type-simple"},"jetpack_sharing_enabled":true,"_links":{"self":[{"href":"https:\/\/www.amin-sheikho.com\/fr\/wp-json\/wp\/v2\/product\/96","targetHints":{"allow":["GET"]}}],"collection":[{"href":"https:\/\/www.amin-sheikho.com\/fr\/wp-json\/wp\/v2\/product"}],"about":[{"href":"https:\/\/www.amin-sheikho.com\/fr\/wp-json\/wp\/v2\/types\/product"}],"wp:featuredmedia":[{"embeddable":true,"href":"https:\/\/www.amin-sheikho.com\/fr\/wp-json\/wp\/v2\/media\/4215"}],"wp:attachment":[{"href":"https:\/\/www.amin-sheikho.com\/fr\/wp-json\/wp\/v2\/media?parent=96"}],"wp:term":[{"taxonomy":"product_brand","embeddable":true,"href":"https:\/\/www.amin-sheikho.com\/fr\/wp-json\/wp\/v2\/product_brand?post=96"},{"taxonomy":"product_cat","embeddable":true,"href":"https:\/\/www.amin-sheikho.com\/fr\/wp-json\/wp\/v2\/product_cat?post=96"},{"taxonomy":"product_tag","embeddable":true,"href":"https:\/\/www.amin-sheikho.com\/fr\/wp-json\/wp\/v2\/product_tag?post=96"}],"curies":[{"name":"wp","href":"https:\/\/api.w.org\/{rel}","templated":true}]}}