{"id":94,"date":"2017-07-18T21:43:12","date_gmt":"2017-07-18T18:43:12","guid":{"rendered":"http:\/\/localhost\/en\/?post_type=product&#038;p=94"},"modified":"2024-11-11T21:35:18","modified_gmt":"2024-11-11T18:35:18","slug":"islam-what-are-the-veil-divorce-and-polygamy-for","status":"publish","type":"product","link":"https:\/\/www.amin-sheikho.com\/fr\/product\/islam-what-are-the-veil-divorce-and-polygamy-for\/","title":{"rendered":"Pourquoi la Polygamie et le Divorce et le Voile en Islam?"},"content":{"rendered":"<p style=\"text-align: justify;\"><em><strong>Le voile est-il une calomnie en islam?verite\u2026 ou&#8230; Mensonge!<\/strong><\/em><\/p>\n<p style=\"text-align: justify;\">Vu de l\u2019occident, le port du voile (Hijab) en islam est un acte syst\u00e9matiquement oppos\u00e9 aux droits et \u00e0 l\u2019\u00e9mancipation de la femme. Certaines personnes trouvent que la femme musulmane qui se voile nage encore dans les t\u00e9n\u00e8bres de l\u2019ignorance. Ce qui vaut aux nations musulmanes d\u2019\u00eatre mal class\u00e9es sur la liste des \u00ab peuples civilis\u00e9s \u00bb, respectueux des droits de l\u2019homme et des valeurs humaines.<br \/>\nA la question de savoir qu\u2019est ce que le voile islamique (hijab) et \u00e0 quoi cela sert?<br \/>\nS\u2019agit-il du foulard qui couvre les cheveux uniquement? Ou encore une couverture compl\u00e8te englobant le corps et le visage? Pour quelle raison il est recommand\u00e9? Y a-t-il de la preuve dans le Coran qui parle du hijab, et est-ce que sa nature est bien d\u00e9finit?<\/p>\n","protected":false},"excerpt":{"rendered":"<p style=\"text-align: justify;\">&#8211; Le Grand Erudit et Humaniste Mohammad Amin Sheikho (Qu\u2019Allah sanctifie son \u00e2me)<\/p>\n<p style=\"text-align: justify;\">&#8211; Edition revue et corrig\u00e9e par le Prof. Abdoul-kh\u00e2dir Yahya dit al-Dyrani, Chercheur et penseur islamique<\/p>\n<p style=\"text-align: justify;\">[divider style=\"solid\" top=\"20\" bottom=\"20\"]<\/p>\n<p style=\"text-align: justify;\">[box type=\"download\" align=\"aligncenter\" class=\"\" width=\"\"]<\/p>\n<p style=\"text-align: justify;\">Cet achat contient les fichiers: formats PDF, ePUB, et Mobi.<\/p>\n<p style=\"text-align: justify;\">[\/box]<\/p>\n","protected":false},"featured_media":4180,"template":"","meta":[],"product_brand":[],"product_cat":[19],"product_tag":[],"class_list":{"0":"post-94","1":"product","2":"type-product","3":"status-publish","4":"has-post-thumbnail","6":"product_cat-ebooks","8":"first","9":"instock","10":"downloadable","11":"virtual","12":"sold-individually","13":"taxable","14":"purchasable","15":"product-type-simple"},"jetpack_sharing_enabled":true,"_links":{"self":[{"href":"https:\/\/www.amin-sheikho.com\/fr\/wp-json\/wp\/v2\/product\/94","targetHints":{"allow":["GET"]}}],"collection":[{"href":"https:\/\/www.amin-sheikho.com\/fr\/wp-json\/wp\/v2\/product"}],"about":[{"href":"https:\/\/www.amin-sheikho.com\/fr\/wp-json\/wp\/v2\/types\/product"}],"wp:featuredmedia":[{"embeddable":true,"href":"https:\/\/www.amin-sheikho.com\/fr\/wp-json\/wp\/v2\/media\/4180"}],"wp:attachment":[{"href":"https:\/\/www.amin-sheikho.com\/fr\/wp-json\/wp\/v2\/media?parent=94"}],"wp:term":[{"taxonomy":"product_brand","embeddable":true,"href":"https:\/\/www.amin-sheikho.com\/fr\/wp-json\/wp\/v2\/product_brand?post=94"},{"taxonomy":"product_cat","embeddable":true,"href":"https:\/\/www.amin-sheikho.com\/fr\/wp-json\/wp\/v2\/product_cat?post=94"},{"taxonomy":"product_tag","embeddable":true,"href":"https:\/\/www.amin-sheikho.com\/fr\/wp-json\/wp\/v2\/product_tag?post=94"}],"curies":[{"name":"wp","href":"https:\/\/api.w.org\/{rel}","templated":true}]}}