{"id":80,"date":"2017-07-18T18:38:22","date_gmt":"2017-07-18T15:38:22","guid":{"rendered":"http:\/\/localhost\/en\/?post_type=product&#038;p=80"},"modified":"2025-03-27T07:13:42","modified_gmt":"2025-03-27T04:13:42","slug":"the-sources-of-spring-water-in-the-world","status":"publish","type":"product","link":"https:\/\/www.amin-sheikho.com\/fr\/product\/the-sources-of-spring-water-in-the-world\/","title":{"rendered":"Les Origines Des Eaux De Source Dans Le Monde\u200b"},"content":{"rendered":"<p style=\"text-align: justify;\">Lorsque les gens recherchent la v\u00e9rit\u00e9 et veulent conna\u00eetre la r\u00e9alit\u00e9 actuelle de cette vie \u2013 pas celle imagin\u00e9e -, que doivent-ils faire ? Doivent-ils voyager dans l\u2019espace ou bien explorer les profondeurs de la terre ? S\u2019ils le faisaient, pourraient-ils penser qu\u2019ils eussent atteint un discernement infaillible, apport\u00e9 une preuve convaincante ou trouv\u00e9 une source de v\u00e9rit\u00e9 certaine ? Bien s\u00fbr que non.<br \/>\nLeurs sciences ne sont pas all\u00e9es au-del\u00e0 des limites de ce qui est visible \u00e0 l\u2019\u0153il nu, tandis que pour les grandes \u00e9nigmes d\u00e9routantes, tous les r\u00e9sultats qu&rsquo;ils ont obtenus restent de simples suppositions et des conjectures.<br \/>\nO\u00f9 est donc la v\u00e9rit\u00e9 ? Et qui nous guidera vers elle ?<br \/>\nToute personne qui lit les livres du v\u00e9n\u00e9rable savant Mouhammad Amine Cheikhou (qu\u2019Allah sanctifie son \u00e2me), les trouvera pleins de faits scientifiques, m\u00e9dicaux et sociaux : de grandes r\u00e9alit\u00e9s scientifiques qu\u2019il a puis\u00e9es dans le Livre Saint de Dieu, apr\u00e8s avoir observ\u00e9 ses versets par l\u2019\u0153il interne (du c\u0153ur) et per\u00e7u le but cach\u00e9 derri\u00e8re les Mots du Tout-Puissant. Quand il les voit, ils sont \u00e9crits de fa\u00e7on simple, mais rev\u00eatent un sens profond.<br \/>\nDans ce livre, vous trouverez:<br \/>\nL\u2019histoire du grand erudit et eminent humaniste Mohammad Amin Sheikho et le philosophe du vingtieme siecle Sir John Godolphin Bennett de la grande bretagne.\u2022 Qu\u2019est-ce que l\u2019\u00e2me? O\u00f9 est le centre de son existence? Et quelle est sa fonction?<\/p>\n<ul>\n<li>Qu\u2019est-ce que l\u2019esprit? O\u00f9 est le centre de son existence? Et quelle est sa fonction?<\/li>\n<li>Qu\u2019est-ce que la r\u00e9flexion? O\u00f9 est le centre de son existence? Et quelle est sa fonction?<\/li>\n<li>Qu\u2019est-ce que la raison? O\u00f9 est le centre de son existence? Et quelle est sa fonction? Quelle est sa relation avec la r\u00e9flexion? Et quelles sont les relations entre les entit\u00e9s ci-dessus cit\u00e9es?<\/li>\n<\/ul>\n<p style=\"text-align: justify;\">Ces interrogations sont une introduction \u00e0 une grande question que le savant britannique, Sir John Godolphin Bennett, a pos\u00e9e au Grand Erudit et Eminent Humaniste Mohammad Amin Sheikho.<br \/>\nQui est Sir John G. Bennett? Comment la rencontre s\u2019\u00e9tait-elle tenue? Et quelle \u00e9tait sa pr\u00e9occupation majeure?<\/p>\n","protected":false},"excerpt":{"rendered":"<h3 style=\"text-align: justify;\"><strong>Un Dialogue Entre Le Grand Erudit Et Humaniste Mohammad Amin Sheikho Et Le Philosophe Du Vingti\u00e8me Si\u00e8cle Sir John Godolphin Bennett\u200b.<\/strong><\/h3>\n[divider style=\"normal\" top=\"20\" bottom=\"20\"]\n<p>&#8211; Le Grand Erudit et Humaniste Mohammad Amin Sheikho (Qu\u2019Allah sanctifie son \u00e2me)<\/p>\n<p>&#8211; Edition revue et corrig\u00e9e par le Prof. Abdoul-kh\u00e2dir Yahya dit al-Dyrani, Chercheur et penseur islamique<\/p>\n[divider style=\"solid\" top=\"20\" bottom=\"20\"]\n[box type=\"download\" align=\"aligncenter\" class=\"\" width=\"\"]<\/p>\n<p>Cet achat contient les fichiers: formats PDF, ePUB et Mobi.<\/p>\n<p>[\/box]\n<p>&nbsp;<\/p>\n","protected":false},"featured_media":4234,"template":"","meta":[],"product_brand":[],"product_cat":[19],"product_tag":[],"class_list":{"0":"post-80","1":"product","2":"type-product","3":"status-publish","4":"has-post-thumbnail","6":"product_cat-ebooks","8":"first","9":"instock","10":"downloadable","11":"virtual","12":"sold-individually","13":"taxable","14":"purchasable","15":"product-type-simple"},"jetpack_sharing_enabled":true,"_links":{"self":[{"href":"https:\/\/www.amin-sheikho.com\/fr\/wp-json\/wp\/v2\/product\/80","targetHints":{"allow":["GET"]}}],"collection":[{"href":"https:\/\/www.amin-sheikho.com\/fr\/wp-json\/wp\/v2\/product"}],"about":[{"href":"https:\/\/www.amin-sheikho.com\/fr\/wp-json\/wp\/v2\/types\/product"}],"wp:featuredmedia":[{"embeddable":true,"href":"https:\/\/www.amin-sheikho.com\/fr\/wp-json\/wp\/v2\/media\/4234"}],"wp:attachment":[{"href":"https:\/\/www.amin-sheikho.com\/fr\/wp-json\/wp\/v2\/media?parent=80"}],"wp:term":[{"taxonomy":"product_brand","embeddable":true,"href":"https:\/\/www.amin-sheikho.com\/fr\/wp-json\/wp\/v2\/product_brand?post=80"},{"taxonomy":"product_cat","embeddable":true,"href":"https:\/\/www.amin-sheikho.com\/fr\/wp-json\/wp\/v2\/product_cat?post=80"},{"taxonomy":"product_tag","embeddable":true,"href":"https:\/\/www.amin-sheikho.com\/fr\/wp-json\/wp\/v2\/product_tag?post=80"}],"curies":[{"name":"wp","href":"https:\/\/api.w.org\/{rel}","templated":true}]}}