{"id":69,"date":"2017-07-18T11:46:56","date_gmt":"2017-07-18T08:46:56","guid":{"rendered":"http:\/\/localhost\/en\/?post_type=product&#038;p=69"},"modified":"2025-07-27T08:05:42","modified_gmt":"2025-07-27T05:05:42","slug":"islamic-education-for-youths","status":"publish","type":"product","link":"https:\/\/www.amin-sheikho.com\/fr\/product\/islamic-education-for-youths\/","title":{"rendered":"\u00c9ducation islamique pour la jeunesse &#8211; Niveau 1"},"content":{"rendered":"<ul>\n<li style=\"text-align: justify;\">D\u00e9finition de la Sal\u00e2t (la pri\u00e8re)<\/li>\n<li style=\"text-align: justify;\">Interpr\u00e9tation de la sourate al-F\u00e2tiha<\/li>\n<li style=\"text-align: justify;\">Interpr\u00e9tation de la sourate an-N\u00e2s<\/li>\n<li style=\"text-align: justify;\">Interpr\u00e9tation de la sourate al-Falaq (l\u2019aube naissante)<\/li>\n<li style=\"text-align: justify;\">Interpr\u00e9tation de la sourate al-Ikhl\u00e2s (Le monoth\u00e9isme pur)<\/li>\n<li style=\"text-align: justify;\">Le magicien et l\u2019aiguille<\/li>\n<li style=\"text-align: justify;\">Interpr\u00e9tation de la sourate al-Massad<\/li>\n<li style=\"text-align: justify;\">Interpr\u00e9tation de la sourate an-Nasr (Le secours)<\/li>\n<li style=\"text-align: justify;\">Interpr\u00e9tation de la sourate al-K\u00e2firoun<\/li>\n<li style=\"text-align: justify;\">Interpr\u00e9tation de la sourate al-M\u00e2`oun (L\u2019ustensile)<\/li>\n<li style=\"text-align: justify;\">Interpr\u00e9tation de la sourate al-Quraych<\/li>\n<li style=\"text-align: justify;\">Interpr\u00e9tation de la sourate al-F\u00eel (L\u2019\u00e9l\u00e9phant)<\/li>\n<li style=\"text-align: justify;\">La foi est le levain de la pri\u00e8re<\/li>\n<li style=\"text-align: justify;\">Les ablutions mineures<\/li>\n<li style=\"text-align: justify;\">Les horaires de la pri\u00e8re et la noble Ka`ba<\/li>\n<li style=\"text-align: justify;\">Apprentissage de la pri\u00e8re<\/li>\n<li style=\"text-align: justify;\">Apprentissage de la pri\u00e8re<\/li>\n<\/ul>\n","protected":false},"excerpt":{"rendered":"<p>&#8211; Le Grand Erudit et Humaniste Mohammad Amin Sheikho (Qu\u2019Allah sanctifie son \u00e2me)<\/p>\n<p>&#8211; Edition revue et corrig\u00e9e par le Prof. Abdoul-kh\u00e2dir Yahya dit al-Dyrani, Chercheur et penseur islamique<\/p>\n[divider style=\"solid\" top=\"20\" bottom=\"20\"]\n[box type=\"download\" align=\"aligncenter\" class=\"\" width=\"\"]<\/p>\n<p>Cet achat contient les fichiers: formats PDF, ePUB, et Mobi.<\/p>\n<p>[\/box]\n","protected":false},"featured_media":4340,"template":"","meta":[],"product_brand":[],"product_cat":[19],"product_tag":[],"class_list":{"0":"post-69","1":"product","2":"type-product","3":"status-publish","4":"has-post-thumbnail","6":"product_cat-ebooks","8":"first","9":"instock","10":"downloadable","11":"virtual","12":"sold-individually","13":"taxable","14":"purchasable","15":"product-type-simple"},"jetpack_sharing_enabled":true,"_links":{"self":[{"href":"https:\/\/www.amin-sheikho.com\/fr\/wp-json\/wp\/v2\/product\/69","targetHints":{"allow":["GET"]}}],"collection":[{"href":"https:\/\/www.amin-sheikho.com\/fr\/wp-json\/wp\/v2\/product"}],"about":[{"href":"https:\/\/www.amin-sheikho.com\/fr\/wp-json\/wp\/v2\/types\/product"}],"wp:featuredmedia":[{"embeddable":true,"href":"https:\/\/www.amin-sheikho.com\/fr\/wp-json\/wp\/v2\/media\/4340"}],"wp:attachment":[{"href":"https:\/\/www.amin-sheikho.com\/fr\/wp-json\/wp\/v2\/media?parent=69"}],"wp:term":[{"taxonomy":"product_brand","embeddable":true,"href":"https:\/\/www.amin-sheikho.com\/fr\/wp-json\/wp\/v2\/product_brand?post=69"},{"taxonomy":"product_cat","embeddable":true,"href":"https:\/\/www.amin-sheikho.com\/fr\/wp-json\/wp\/v2\/product_cat?post=69"},{"taxonomy":"product_tag","embeddable":true,"href":"https:\/\/www.amin-sheikho.com\/fr\/wp-json\/wp\/v2\/product_tag?post=69"}],"curies":[{"name":"wp","href":"https:\/\/api.w.org\/{rel}","templated":true}]}}