{"id":66,"date":"2017-07-18T10:25:37","date_gmt":"2017-07-18T07:25:37","guid":{"rendered":"http:\/\/localhost\/en\/?post_type=product&#038;p=66"},"modified":"2021-06-13T10:40:57","modified_gmt":"2021-06-13T07:40:57","slug":"is-happiness-really-beyond-reach%e2%80%8b","status":"publish","type":"product","link":"https:\/\/www.amin-sheikho.com\/fr\/product\/is-happiness-really-beyond-reach%e2%80%8b\/","title":{"rendered":"Le Bonheur, Est\u2010il vraiment hors de port\u00e9e?\u200b"},"content":{"rendered":"<p style=\"text-align: justify;\">Si tu n&rsquo;a pas de connaissance sur ton Cr\u00e9ateur qui t&rsquo;a amen\u00e9 dans ce monde, comment pourras-tu arriver au bonheur?<\/p>\n<p style=\"text-align: justify;\">Observe tes deux mains!!<\/p>\n<p style=\"text-align: justify;\">Qui les a faites de cette fa\u00e7on?<\/p>\n<p style=\"text-align: justify;\">Sans ces mains comment pourrais-tu travailler?<\/p>\n<p style=\"text-align: justify;\">N&rsquo;est-ce pas que tes doigts te servent!!<\/p>\n<p style=\"text-align: justify;\">Ne lances-tu pas un regard sur tes ongles?<\/p>\n<p style=\"text-align: justify;\">N&rsquo;attirent-t-ils pas ton attention? Faisant usage de tes mains, tu parviens \u00e0 travailler et \u00e0 fabriquer. Cependant, qui les a cr\u00e9\u00e9s et en a donn\u00e9 la vie et l&rsquo;existence?<\/p>\n<p style=\"text-align: justify;\">Combien important il est proche de toi et est avec toi.<\/p>\n<p style=\"text-align: justify;\">Si tu r\u00e9fl\u00e9chis un seul instant sur tout ce qu&rsquo;il a cr\u00e9\u00e9 pour toi.<\/p>\n<p style=\"text-align: justify;\">A partir de ton ,corpsde l&rsquo;univers autour de toi, tu te conna\u00eetras.<\/p>\n<p style=\"text-align: justify;\">Tu croiras en Lui et deviendras heureux&#8230;<\/p>\n<p style=\"text-align: justify;\">Tu auras ainsi acquis le bonheur.<\/p>\n","protected":false},"excerpt":{"rendered":"<p style=\"text-align: justify;\">&#8211; Le Grand Erudit et Humaniste Mohammad Amin Sheikho (Qu\u2019Allah sanctifie son \u00e2me)<\/p>\n<p style=\"text-align: justify;\">&#8211; Edition revue et corrig\u00e9e par le Prof. Abdoul-kh\u00e2dir Yahya dit al-Dyrani, Chercheur et penseur islamique<\/p>\n<p style=\"text-align: justify;\">[divider style=\"solid\" top=\"20\" bottom=\"20\"]<\/p>\n<p style=\"text-align: justify;\">[box type=\"download\" align=\"aligncenter\" class=\"\" width=\"\"]<\/p>\n<p style=\"text-align: justify;\">Cet achat contient les fichiers: formats PDF, ePUB, Mobi et Flash.<\/p>\n<p style=\"text-align: justify;\">[\/box]<\/p>\n","protected":false},"featured_media":344,"template":"","meta":[],"product_brand":[],"product_cat":[19],"product_tag":[],"class_list":{"0":"post-66","1":"product","2":"type-product","3":"status-publish","4":"has-post-thumbnail","6":"product_cat-ebooks","8":"first","9":"instock","10":"downloadable","11":"virtual","12":"sold-individually","13":"taxable","14":"purchasable","15":"product-type-simple"},"jetpack_sharing_enabled":true,"_links":{"self":[{"href":"https:\/\/www.amin-sheikho.com\/fr\/wp-json\/wp\/v2\/product\/66","targetHints":{"allow":["GET"]}}],"collection":[{"href":"https:\/\/www.amin-sheikho.com\/fr\/wp-json\/wp\/v2\/product"}],"about":[{"href":"https:\/\/www.amin-sheikho.com\/fr\/wp-json\/wp\/v2\/types\/product"}],"wp:featuredmedia":[{"embeddable":true,"href":"https:\/\/www.amin-sheikho.com\/fr\/wp-json\/wp\/v2\/media\/344"}],"wp:attachment":[{"href":"https:\/\/www.amin-sheikho.com\/fr\/wp-json\/wp\/v2\/media?parent=66"}],"wp:term":[{"taxonomy":"product_brand","embeddable":true,"href":"https:\/\/www.amin-sheikho.com\/fr\/wp-json\/wp\/v2\/product_brand?post=66"},{"taxonomy":"product_cat","embeddable":true,"href":"https:\/\/www.amin-sheikho.com\/fr\/wp-json\/wp\/v2\/product_cat?post=66"},{"taxonomy":"product_tag","embeddable":true,"href":"https:\/\/www.amin-sheikho.com\/fr\/wp-json\/wp\/v2\/product_tag?post=66"}],"curies":[{"name":"wp","href":"https:\/\/api.w.org\/{rel}","templated":true}]}}