{"id":60,"date":"2017-07-18T10:15:10","date_gmt":"2017-07-18T07:15:10","guid":{"rendered":"http:\/\/localhost\/en\/?post_type=product&#038;p=60"},"modified":"2025-04-11T08:11:37","modified_gmt":"2025-04-11T05:11:37","slug":"the-effective-medication","status":"publish","type":"product","link":"https:\/\/www.amin-sheikho.com\/fr\/product\/the-effective-medication\/","title":{"rendered":"Les Miracles De La Medecine Prophetique\u200b"},"content":{"rendered":"<p style=\"text-align: justify;\"><em><strong>Chers lecteurs,<\/strong><\/em><\/p>\n<p style=\"text-align: justify;\">Dieu l\u2019exalt\u00e9 laisse-t-il son serviteur dans la maladie? Est \u2013ce qu\u2019il vous laisse sous l\u2019emprise des micobes,des virus et des bact\u00e9ries afin que votre quotidien soit \u00e0 la solde des maux et des douleurs? Ou tout de m\u00eame, va-t-il conforter l\u2019exclusivit\u00e9 d\u2019 usage qui fait des chercheurs les seuls \u00e0 d\u00e9covrir les maladies et leurs m\u00e9dicaments ad\u00e9quats.<\/p>\n<p style=\"text-align: justify;\">Le Messager d\u2019Allah (PBSL) dit: (soignez- vous serviteurs d\u2019 Allah, car Allah ne fait jamais exiter une maladie sansfair exister parall\u00e9lement son traitement \u00bb.<\/p>\n<p style=\"text-align: justify;\">Les rem\u00e8des mentionn\u00e9s dans ce livret sont tir\u00e9s du livre d\u2019Allah et de la sounnah de son Messager.<\/p>\n<p style=\"text-align: justify;\">Les r\u00e9sultats incontestables de ces rem\u00e8des ont combl\u00e9 les attentes de tout le monde, m\u00eame celles des particiens les plus t\u00e9m\u00e9raires de la m\u00e9decine moderne.<\/p>\n<p style=\"text-align: justify;\">Qu\u2019il est immense et grand ce messager de Dieu qui nous a apport\u00e9 la m\u00e9decine spirituelle et celle du corp.<\/p>\n","protected":false},"excerpt":{"rendered":"<h3 style=\"text-align: justify;\"><strong>La Sounnah Du Noble Prophete (Pbsl)<\/strong><\/h3>\n[divider style=\"normal\" top=\"20\" bottom=\"20\"]\n<p style=\"text-align: justify;\">&#8211; Le Grand Erudit et Humaniste Mohammad Amin Sheikho (Qu\u2019Allah sanctifie son \u00e2me)<\/p>\n<p style=\"text-align: justify;\">&#8211; Edition revue et corrig\u00e9e par le Prof. Abdoul-kh\u00e2dir Yahya dit al-Dyrani, Chercheur et penseur islamique<\/p>\n<p style=\"text-align: justify;\">[divider style=\"solid\" top=\"20\" bottom=\"20\"]<\/p>\n<p style=\"text-align: justify;\">[box type=\"download\" align=\"aligncenter\" class=\"\" width=\"\"]<\/p>\n<p style=\"text-align: justify;\">Cet achat contient les fichiers: formats PDF, ePUB, et Mobi.<\/p>\n<p style=\"text-align: justify;\">[\/box]<\/p>\n","protected":false},"featured_media":4244,"template":"","meta":[],"product_brand":[],"product_cat":[19],"product_tag":[],"class_list":{"0":"post-60","1":"product","2":"type-product","3":"status-publish","4":"has-post-thumbnail","6":"product_cat-ebooks","8":"first","9":"instock","10":"downloadable","11":"virtual","12":"sold-individually","13":"taxable","14":"purchasable","15":"product-type-simple"},"jetpack_sharing_enabled":true,"_links":{"self":[{"href":"https:\/\/www.amin-sheikho.com\/fr\/wp-json\/wp\/v2\/product\/60","targetHints":{"allow":["GET"]}}],"collection":[{"href":"https:\/\/www.amin-sheikho.com\/fr\/wp-json\/wp\/v2\/product"}],"about":[{"href":"https:\/\/www.amin-sheikho.com\/fr\/wp-json\/wp\/v2\/types\/product"}],"wp:featuredmedia":[{"embeddable":true,"href":"https:\/\/www.amin-sheikho.com\/fr\/wp-json\/wp\/v2\/media\/4244"}],"wp:attachment":[{"href":"https:\/\/www.amin-sheikho.com\/fr\/wp-json\/wp\/v2\/media?parent=60"}],"wp:term":[{"taxonomy":"product_brand","embeddable":true,"href":"https:\/\/www.amin-sheikho.com\/fr\/wp-json\/wp\/v2\/product_brand?post=60"},{"taxonomy":"product_cat","embeddable":true,"href":"https:\/\/www.amin-sheikho.com\/fr\/wp-json\/wp\/v2\/product_cat?post=60"},{"taxonomy":"product_tag","embeddable":true,"href":"https:\/\/www.amin-sheikho.com\/fr\/wp-json\/wp\/v2\/product_tag?post=60"}],"curies":[{"name":"wp","href":"https:\/\/api.w.org\/{rel}","templated":true}]}}