{"id":4353,"date":"2025-09-20T08:25:13","date_gmt":"2025-09-20T05:25:13","guid":{"rendered":"https:\/\/www.amin-sheikho.com\/fr\/?post_type=product&#038;p=4353"},"modified":"2025-09-20T08:25:13","modified_gmt":"2025-09-20T05:25:13","slug":"interpretation-de-la-sourate-an-nissa","status":"publish","type":"product","link":"https:\/\/www.amin-sheikho.com\/fr\/product\/interpretation-de-la-sourate-an-nissa\/","title":{"rendered":"Interpr\u00e9tation de la sourate An-Niss\u00e2"},"content":{"rendered":"<p style=\"text-align: justify;\">Nous vivons dans un univers o\u00f9 tout est magnifique, immense comme s&rsquo;il n&rsquo;a pas de fin, port\u00e9 \u00e0 la perfection que personne ne peut absolument atteindre ce m\u00eame degr\u00e9 de perfection, car c&rsquo;est l&rsquo;\u0153uvre de Dieu qui a cr\u00e9\u00e9 cet univers dans lequel tout est coordonn\u00e9, coh\u00e9rent, inter coop\u00e9ratif et int\u00e9gral\u2026 Nulle erreur, nulle d\u00e9fection et nul d\u00e9faut.<br \/>\nLe Tr\u00e8s-Haut dit:<br \/>\n{Celui qui a cr\u00e9\u00e9 sept cieux superpos\u00e9s sans que tu voies de disproportion en la cr\u00e9ation du Tout Compatissant. Regarde encore! Vois-tu des d\u00e9fauts? Puis, retourne ton regard \u00e0 deux fois: le regard te reviendra faible et vaincu} . L&rsquo;\u0153uvre divine pr\u00e9sente la perfection absolue; il en est de m\u00eame pour Sa Parole (Exalt\u00e9 soit-Il) dans le noble Coran. Quiconque y voit des versets contradictoires ou mal compris, c&rsquo;est sa faute \u00e0 lui qui manque de bonne r\u00e9flexion le rendant incapable de bien saisir l&rsquo;interpr\u00e9tation juste du noble Coran.<br \/>\nQui oserait donc parler d&rsquo;irr\u00e9gularit\u00e9 dans le syst\u00e8me solaire l&rsquo;opposant \u00e0 la lune, des irr\u00e9gularit\u00e9s dans le syst\u00e8me plan\u00e9taire, voire dans la cr\u00e9ation inimaginable de l&rsquo;\u00eatre humain dont la main droite est bien proportionn\u00e9e avec sa main gauche. En fait, les deux mains coop\u00e8rent, ainsi que le pouce et les autres doigts, la bouche et la langue; aucune disproportion ni moins ni plus. Tout est intentionnellement d\u00e9crit dans le Livre de la cr\u00e9ation parfaite tant par sa pr\u00e9cision que par sa fonctionnalit\u00e9. Ce Livre constitue un ensemble int\u00e9gral, coop\u00e9ratif et collaboratif qui fonctionne pour un objectif fructueux dans un cadre harmonieux o\u00f9 nulle diff\u00e9rence ou disproportion ne peuvent exister.<br \/>\nUn tel syst\u00e8me, une telle cr\u00e9ation parfaite, un tel processus perfectionn\u00e9 ne peuvent \u00eatre r\u00e9alis\u00e9s que par la main de la magnificence divine \u00ab\u00a0qui a fait descendre le Coran\u00a0\u00bb contenant des versets sur l\u2019univers; lesquels veillent sur l&rsquo;univers, d\u00e9terminent son cheminement et le consacre au bien-\u00eatre de l&rsquo;homme, car c&rsquo;est la cr\u00e9ation honor\u00e9e par son Cr\u00e9ateur. C&rsquo;est l&rsquo;homme qui s&rsquo;est engag\u00e9 de fid\u00e9lit\u00e9 et d&rsquo;abandonner l&rsquo;infid\u00e9lit\u00e9.<br \/>\nCertes, Dieu (Exalt\u00e9 soit-Il) nous a fait descendre un livre qui ne porte ni contradictions ni ambigu\u00eft\u00e9s. Comment peut-ton alors accuser le noble Coran de porter des contradictions ou des ambigu\u00eft\u00e9s, ou qu&rsquo;il pr\u00eate \u00e0 \u00e9quivoque? Dieu (Exalt\u00e9 soit-Il) est tr\u00e8s loin de l\u00e0&#8230; Donc, aucune contradiction ou ambigu\u00eft\u00e9. Dieu (Exalt\u00e9 soit-Il) dit:<br \/>\n{Nous l\u2019avons fait descendre [en r\u00e9v\u00e9lation]: un Coran arabe\u2026}; les mots du Coran sont clairs et riches en signification.<br \/>\nLe mot \u00abarabe\u00bb signifie \u00abce qui est clair et d\u00e9taill\u00e9, logique et riche de signification\u00bb. {\u2026pour que, peut-\u00eatre, vous le compreniez}: afin que vous (les gens) puissiez prendre (ses r\u00e9alit\u00e9s) dans vos c\u0153urs, en \u00e9tant t\u00e9moins des b\u00e9n\u00e9dictions qu&rsquo;il contient \u2013 mais cela n\u00e9cessite que vous r\u00e9fl\u00e9chissiez profond\u00e9ment \u00e0 votre cr\u00e9ation, depuis le moment de votre formation jusqu&rsquo;au moment de votre mort.<br \/>\nDonc, l&rsquo;adjectif \u00ab\u00a0Arabe\u00a0\u00bb dont se qualifie le Coran n&rsquo;indique pas seulement sa langue, mais porte toutes les acceptions de cet adjectif. En effet, le Coran est un livre clair et d\u00e9taill\u00e9, logique et riche de signification, ne porte aucune ambigu\u00eft\u00e9, c&rsquo;est clair tout comme le soleil matinal. Sa clart\u00e9 est per\u00e7ue par le croyant.<br \/>\nDieu dit: {\u2026Dis: \u00abPour ceux qui croient, il est une guid\u00e9e et une gu\u00e9rison.\u00bb Et quant \u00e0 ceux qui ne croient pas, il est une surdit\u00e9 dans leurs oreilles et ils sont frapp\u00e9s d&rsquo;aveuglement en ce qui le concerne; ceux-l\u00e0 sont appel\u00e9s d\u2019un endroit lointain.}<br \/>\nAllons ensemble, chers lecteurs et ch\u00e8res lectrices, voir cette interpr\u00e9tation distingu\u00e9e et sup\u00e9rieure des tr\u00e9sors des v\u00e9rit\u00e9s incluses dans le noble Coran; cette interpr\u00e9tation de notre guide et notre grand Imam Mohammad Amin Sheikho, constitue l&rsquo;Arche du Salut.<\/p>\n","protected":false},"excerpt":{"rendered":"<h2>Le Saint Coran \u00abSourate 4: An-Niss\u00e2\u00bb<\/h2>\n<h3><em><strong>Quelques \u0152uvres de L&rsquo;\u00e9rudit Humaniste Mohammad Amin Sheikho (Qu\u2019Allah sanctifie son \u00e2me).<\/strong><\/em><\/h3>\n<p>&#8211; R\u00e9unie et annot\u00e9e par le Professeur Abdoul-kh\u00e2dir Yahya Al-Dyrani, Chercheur et penseur islamique.<\/p>\n[divider style=\"solid\" top=\"20\" bottom=\"20\"]\n[box type=\"download\" align=\"aligncenter\" class=\"\" width=\"\"]<\/p>\n<p>Cet achat contient les fichiers: formats PDF, ePUB et Mobi.<\/p>\n<p>[\/box]\n","protected":false},"featured_media":4354,"template":"","meta":[],"product_brand":[],"product_cat":[19],"product_tag":[],"class_list":{"0":"post-4353","1":"product","2":"type-product","3":"status-publish","4":"has-post-thumbnail","6":"product_cat-ebooks","8":"first","9":"instock","10":"downloadable","11":"virtual","12":"sold-individually","13":"taxable","14":"purchasable","15":"product-type-simple"},"jetpack_sharing_enabled":true,"_links":{"self":[{"href":"https:\/\/www.amin-sheikho.com\/fr\/wp-json\/wp\/v2\/product\/4353","targetHints":{"allow":["GET"]}}],"collection":[{"href":"https:\/\/www.amin-sheikho.com\/fr\/wp-json\/wp\/v2\/product"}],"about":[{"href":"https:\/\/www.amin-sheikho.com\/fr\/wp-json\/wp\/v2\/types\/product"}],"wp:featuredmedia":[{"embeddable":true,"href":"https:\/\/www.amin-sheikho.com\/fr\/wp-json\/wp\/v2\/media\/4354"}],"wp:attachment":[{"href":"https:\/\/www.amin-sheikho.com\/fr\/wp-json\/wp\/v2\/media?parent=4353"}],"wp:term":[{"taxonomy":"product_brand","embeddable":true,"href":"https:\/\/www.amin-sheikho.com\/fr\/wp-json\/wp\/v2\/product_brand?post=4353"},{"taxonomy":"product_cat","embeddable":true,"href":"https:\/\/www.amin-sheikho.com\/fr\/wp-json\/wp\/v2\/product_cat?post=4353"},{"taxonomy":"product_tag","embeddable":true,"href":"https:\/\/www.amin-sheikho.com\/fr\/wp-json\/wp\/v2\/product_tag?post=4353"}],"curies":[{"name":"wp","href":"https:\/\/api.w.org\/{rel}","templated":true}]}}