{"id":4254,"date":"2025-05-06T08:45:33","date_gmt":"2025-05-06T05:45:33","guid":{"rendered":"https:\/\/www.amin-sheikho.com\/fr\/?post_type=product&#038;p=4254"},"modified":"2025-05-06T09:09:53","modified_gmt":"2025-05-06T06:09:53","slug":"la-maison-al-amine","status":"publish","type":"product","link":"https:\/\/www.amin-sheikho.com\/fr\/product\/la-maison-al-amine\/","title":{"rendered":"La Maison Al-Amine"},"content":{"rendered":"<!-- WP-Appbox (Version: 4.5.12 \/\/ Store: googleplay \/\/ ID: com.aminsheikho.alaminlibrary) -->\n<div class=\"wpappbox wpappbox-220e32f8612ce15e1a287c06aeccc7cf googleplay colorful simple\">\n\t<div class=\"qrcode\"><img decoding=\"async\" src=\"https:\/\/api.qrserver.com\/v1\/create-qr-code\/?data=https%3A%2F%2Fplay.google.com%2Fstore%2Fapps%2Fdetails%3Fid%3Dcom.aminsheikho.alaminlibrary&size=200x200&ecc=M&margin=0\" alt=\"La Maison Al Amine\" \/><\/div>\n\t<div class=\"appicon\">\n\t\t<a target=\"_blank\" rel=\"nofollow\" href=\"https:\/\/play.google.com\/store\/apps\/details?id=com.aminsheikho.alaminlibrary\"><img decoding=\"async\" src=\"\/\/play-lh.googleusercontent.com\/dhfoLIAY1Z2x3lHhfo6rThfhO6h2YUOS1XANFdC5q2rKkaH8RwVwsF450sIUCLwnhBA=s128-h480-rw\" alt=\"La Maison Al Amine\" \/><\/a>\n\t<\/div>\n\t<div class=\"applinks\">\n\t\t<div class=\"appbuttons\">\n\t\t\t<a target=\"_blank\" rel=\"nofollow\" href=\"https:\/\/play.google.com\/store\/apps\/details?id=com.aminsheikho.alaminlibrary\">T\u00e9l\u00e9charger<\/a>\n\t\t\t<span onMouseOver=\"jQuery('.wpappbox-220e32f8612ce15e1a287c06aeccc7cf .qrcode').show();\" onMouseOut=\"jQuery('.wpappbox-220e32f8612ce15e1a287c06aeccc7cf .qrcode').hide();\">QR-Code<\/span>\n\t\t<\/div>\n\t<\/div>\n\t<div class=\"appdetails\">\n\t\t<div class=\"apptitle\"><a target=\"_blank\" rel=\"nofollow\" href=\"https:\/\/play.google.com\/store\/apps\/details?id=com.aminsheikho.alaminlibrary\" title=\"La Maison Al Amine\" class=\"apptitle\">La Maison Al Amine<\/a><\/div>\n\t\t<div class=\"developer\">\n\t\t\t<span class=\"label\">D\u00e9veloppeur: <\/span>\n\t\t\t<span class=\"value\"><a target=\"_blank\" rel=\"nofollow\" href=\"https:\/\/play.google.com\/store\/apps\/dev?id=5603811226014914643\"><span>Amin-sheikho.com<\/span><\/a><\/span>\n\t\t<\/div>\n\t\t<div class=\"price\">\n\t\t\t<span class=\"label\">Prix: <\/span>\n\t\t\t<span class=\"value\">Gratuit<\/span> \n\t\t\t<span class=\"rating\"><div title=\"5 sur 5 \u00e9toiles\" class=\"rating-stars stars-monochrome stars50\"><\/div><\/span>\n\t\t<\/div>\n\t<\/div>\n<\/div><!-- \/WP-Appbox -->\n\n\t\t<div class=\"clearfix\"><\/div>\n\t\t<hr style=\"margin-top:20px; margin-bottom:20px;\" class=\"divider divider-solid\">\n\t\n<p style=\"text-align: justify;\">L&rsquo;application de la maison Al-Amin a l&rsquo;honneur de vous pr\u00e9senter le texte int\u00e9grale du Saint Coran avec son ex\u00e9g\u00e8se rapport\u00e9e de s\u00e9rie de r\u00e9f\u00e9rences (portant sur l&rsquo;interpr\u00e9tation du Saint Coran) par l&rsquo;imminent savant humaniste Mohammad Amin Sheikho (Que son \u00e2me soit sanctifi\u00e9e).<\/p>\n<p style=\"text-align: justify;\">Vous y trouverez des r\u00e9citations des plus c\u00e9l\u00e8bres lecteurs que vous pouvez \u00e9couter et suivre l&rsquo;ordre des nobles versets.<\/p>\n<p style=\"text-align: justify;\">Avec une pr\u00e9sentation PDF des livres d\u00e9j\u00e0 publi\u00e9s de l&rsquo;imminent savant humaniste Mohammad Amin Sheikho .<\/p>\n<p style=\"text-align: justify;\">Vous pouvez acc\u00e9der et t\u00e9l\u00e9charger gratuitement tous ces livres, les lire, avec possibilit\u00e9s de traitement de textes: volume des caract\u00e8res, s\u00e9lectionner des couleurs pour le fond, faire des recherches dans chaque livre, introduire des r\u00e9f\u00e9rences ou des remarques.<\/p>\n<p style=\"text-align: justify;\">Pour acc\u00e9der \u00e0 ces publications PDF, il vous suffit de vous connecter une seule fois et t\u00e9l\u00e9charger gratuitement. En plus, si vous aimez de revoir ces livres \u00e0 votre convenance, vous n&rsquo;avez plus besoin de mise \u00e0 jour de votre connexion.<\/p>\n<p style=\"text-align: justify;\">Cette application vous offre la possibilit\u00e9 d&rsquo;\u00e9couter certains livres vocaux.<\/p>\n\n\t\t<div class=\"clearfix\"><\/div>\n\t\t<hr style=\"margin-top:20px; margin-bottom:20px;\" class=\"divider divider-solid\">\n\t\n<p><a href=\"https:\/\/apps.apple.com\/us\/app\/%D9%85%D9%83%D8%AA%D8%A8%D8%A9-%D8%A7%D9%84%D8%A3%D9%85%D9%8A%D9%86\/id6477443238\" target=\"_blank\" rel=\"noopener\"><img loading=\"lazy\" decoding=\"async\" class=\"aligncenter wp-image-4256 size-full\" src=\"https:\/\/www.amin-sheikho.com\/fr\/wp-content\/uploads\/2025\/05\/apple_got_it_fr.png\" alt=\"Obtenez-le sur l'Apple Store\" width=\"817\" height=\"242\" srcset=\"https:\/\/www.amin-sheikho.com\/fr\/wp-content\/uploads\/2025\/05\/apple_got_it_fr.png 817w, https:\/\/www.amin-sheikho.com\/fr\/wp-content\/uploads\/2025\/05\/apple_got_it_fr-300x89.png 300w, https:\/\/www.amin-sheikho.com\/fr\/wp-content\/uploads\/2025\/05\/apple_got_it_fr-768x227.png 768w, https:\/\/www.amin-sheikho.com\/fr\/wp-content\/uploads\/2025\/05\/apple_got_it_fr-800x237.png 800w\" sizes=\"auto, (max-width: 817px) 100vw, 817px\" \/><\/a><\/p>\n","protected":false},"excerpt":{"rendered":"<h2>Livres de l\u2019erudit humaniste Mohammad Amin Sheikho (Qu\u2019Allah sanctifie son ame)<\/h2>\n<h3>V\u00e9rifi\u00e9 et introduit du Prof. Abdoul-kh\u00e2dir Yahya Al-Dyrani, \u00ab\u00a0penseur et chercheur islamique\u00a0\u00bb<\/h3>\n","protected":false},"featured_media":410,"template":"","meta":[],"product_brand":[],"product_cat":[29],"product_tag":[],"class_list":{"0":"post-4254","1":"product","2":"type-product","3":"status-publish","4":"has-post-thumbnail","6":"product_cat-app","8":"first","9":"instock","10":"taxable","11":"shipping-taxable","12":"product-type-external"},"jetpack_sharing_enabled":true,"_links":{"self":[{"href":"https:\/\/www.amin-sheikho.com\/fr\/wp-json\/wp\/v2\/product\/4254","targetHints":{"allow":["GET"]}}],"collection":[{"href":"https:\/\/www.amin-sheikho.com\/fr\/wp-json\/wp\/v2\/product"}],"about":[{"href":"https:\/\/www.amin-sheikho.com\/fr\/wp-json\/wp\/v2\/types\/product"}],"wp:featuredmedia":[{"embeddable":true,"href":"https:\/\/www.amin-sheikho.com\/fr\/wp-json\/wp\/v2\/media\/410"}],"wp:attachment":[{"href":"https:\/\/www.amin-sheikho.com\/fr\/wp-json\/wp\/v2\/media?parent=4254"}],"wp:term":[{"taxonomy":"product_brand","embeddable":true,"href":"https:\/\/www.amin-sheikho.com\/fr\/wp-json\/wp\/v2\/product_brand?post=4254"},{"taxonomy":"product_cat","embeddable":true,"href":"https:\/\/www.amin-sheikho.com\/fr\/wp-json\/wp\/v2\/product_cat?post=4254"},{"taxonomy":"product_tag","embeddable":true,"href":"https:\/\/www.amin-sheikho.com\/fr\/wp-json\/wp\/v2\/product_tag?post=4254"}],"curies":[{"name":"wp","href":"https:\/\/api.w.org\/{rel}","templated":true}]}}