{"id":4235,"date":"2025-03-30T09:52:52","date_gmt":"2025-03-30T06:52:52","guid":{"rendered":"https:\/\/www.amin-sheikho.com\/fr\/?post_type=product&#038;p=4235"},"modified":"2025-03-30T11:12:42","modified_gmt":"2025-03-30T08:12:42","slug":"4235","status":"publish","type":"product","link":"https:\/\/www.amin-sheikho.com\/fr\/product\/4235\/","title":{"rendered":"Proclamer L&rsquo;amour De Dieu"},"content":{"rendered":"<p style=\"text-align: justify;\">Allah Tout-Puissant a dit :<br \/>\n<strong>{Et ne mangez pas [la viande] de ce sur quoi le nom d&rsquo;Allah n&rsquo;a pas \u00e9t\u00e9 prononc\u00e9 [avant de l&rsquo;abattage], car ce serait (assur\u00e9ment) une perversit\u00e9. Les diables inspirent \u00e0 leurs alli\u00e9s de disputer avec vous. Si vous leur ob\u00e9issez, vous deviendrez certes des associateurs.}<\/strong> <em>Sourate Al-An&rsquo;\u00e2m (6) Versets (121)<\/em><\/p>\n<p style=\"text-align: justify;\">En commentant ce passage coranique, le grand ma\u00eetre Mouhammad Amine Cheikhou a \u00e9clairci depuis plus de soixante-dix ans, l\u2019importance de mentionner le nom d\u2019Allah, lors de l\u2019abattage des bovins. En pr\u00e9cisant que tout animal \u00e9gorg\u00e9 sans \u00e9voquer l\u2019expression \u00ab Allahou Akbar \u00bb (Dieu est Grand) lors de l\u2019abattage, sera plein de bact\u00e9ries et de microbes. Il a \u00e9galement montr\u00e9 que le Coran a insist\u00e9 dans huit versets l\u2019obligation de prononcer le nom de Dieu lors de toute sorte d\u2019abattage.<\/p>\n<p style=\"text-align: justify;\">Il a aussi montr\u00e9 les cons\u00e9quences de la n\u00e9gligence de cette prescription divine qui engendre des multiples maladies dangereuses pour l\u2019\u00eatre humain. Les effets n\u00e9gatifs de cette n\u00e9gligence affectent \u00e9galement les cheptels bovins par l\u2019apparition des pires maladies d\u00e9vastatrices.<\/p>\n","protected":false},"excerpt":{"rendered":"<h2>Les motivations scientifiques et coraniques de l&rsquo;abattage Halal.<\/h2>\n<h3>L&rsquo;\u00e9dit divin est soutenu par une \u00e9tude r\u00e9volutionnaire qui promet la fin des maladies li\u00e9es au bien-\u00eatre animal<\/h3>\n<h3><em><strong>Quelques \u0152uvres de L&rsquo;\u00e9rudit Humaniste Mohammad Amin Sheikho (Qu\u2019Allah sanctifie son \u00e2me).<\/strong><\/em><\/h3>\n<p>&#8211; R\u00e9unie et annot\u00e9e par le Professeur Abdoul-kh\u00e2dir Yahya Al-Dyrani, Chercheur et penseur islamique.<\/p>\n[divider style=\"solid\" top=\"20\" bottom=\"20\"]\n[box type=\"download\" align=\"aligncenter\" class=\"\" width=\"\"]<\/p>\n<p>Cet achat contient les fichiers: formats PDF, ePUB et Mobi.<\/p>\n<p>[\/box]\n","protected":false},"featured_media":4237,"template":"","meta":[],"product_brand":[],"product_cat":[19],"product_tag":[],"class_list":{"0":"post-4235","1":"product","2":"type-product","3":"status-publish","4":"has-post-thumbnail","6":"product_cat-ebooks","8":"first","9":"instock","10":"downloadable","11":"virtual","12":"sold-individually","13":"taxable","14":"purchasable","15":"product-type-simple"},"jetpack_sharing_enabled":true,"_links":{"self":[{"href":"https:\/\/www.amin-sheikho.com\/fr\/wp-json\/wp\/v2\/product\/4235","targetHints":{"allow":["GET"]}}],"collection":[{"href":"https:\/\/www.amin-sheikho.com\/fr\/wp-json\/wp\/v2\/product"}],"about":[{"href":"https:\/\/www.amin-sheikho.com\/fr\/wp-json\/wp\/v2\/types\/product"}],"wp:featuredmedia":[{"embeddable":true,"href":"https:\/\/www.amin-sheikho.com\/fr\/wp-json\/wp\/v2\/media\/4237"}],"wp:attachment":[{"href":"https:\/\/www.amin-sheikho.com\/fr\/wp-json\/wp\/v2\/media?parent=4235"}],"wp:term":[{"taxonomy":"product_brand","embeddable":true,"href":"https:\/\/www.amin-sheikho.com\/fr\/wp-json\/wp\/v2\/product_brand?post=4235"},{"taxonomy":"product_cat","embeddable":true,"href":"https:\/\/www.amin-sheikho.com\/fr\/wp-json\/wp\/v2\/product_cat?post=4235"},{"taxonomy":"product_tag","embeddable":true,"href":"https:\/\/www.amin-sheikho.com\/fr\/wp-json\/wp\/v2\/product_tag?post=4235"}],"curies":[{"name":"wp","href":"https:\/\/api.w.org\/{rel}","templated":true}]}}