{"id":4225,"date":"2025-03-17T08:18:40","date_gmt":"2025-03-17T05:18:40","guid":{"rendered":"https:\/\/www.amin-sheikho.com\/fr\/?post_type=product&#038;p=4225"},"modified":"2025-03-17T08:21:13","modified_gmt":"2025-03-17T05:21:13","slug":"interpretation-de-la-sourate-prophete-joseph","status":"publish","type":"product","link":"https:\/\/www.amin-sheikho.com\/fr\/product\/interpretation-de-la-sourate-prophete-joseph\/","title":{"rendered":"Interpr\u00e9tation de la Sourate Proph\u00e8te Joseph"},"content":{"rendered":"<p style=\"text-align: justify;\">Dans la sourate Yusuf, Dieu Tout-Puissant veut nous donner une le\u00e7on pratique qui nous pr\u00e9sente la parole \u00abil n&rsquo;y a de dieu que Dieu\u00bb, ce qui signifie: le mouvement de toutes choses et de toutes les cr\u00e9atures dans cet univers est d\u00fb \u00e0 un seul Fournisseur qui est Dieu Tout-Puissant. Lui, gloire \u00e0 Lui seul, est Celui qui gouverne, et c&rsquo;est \u00e0 Lui seul que sont dirig\u00e9es les affaires de toutes les cr\u00e9atures de cet univers. Le Tout-Puissant veut aussi nous faire savoir que le chemin qu&rsquo;Il dirige pour Ses cr\u00e9atures s&rsquo;inscrit dans la connaissance et la sagesse, c&rsquo;est-\u00e0-dire qu&rsquo;Il est Omniscient et Sage (Connaisseur). La condition de chaque \u00eatre humain et celle de perfection ou de d\u00e9ficience que contient son \u00e2me, et il est conscient de ce qu&rsquo;il a acquis de bien ou de mal. Sage signifiant qu\u2019il Il (Gloire \u00e0 Lui) guide chaque \u00eatre humain dans ce qui convient \u00e0 sa situation et lui donne ce qu&rsquo;il m\u00e9rite de ce qu&rsquo;il a acquis et obtenu par lui-m\u00eame. Ce principe, le principe selon lequel il n&rsquo;y a de dieu que Dieu, l&rsquo;Omniscient, le Sage, qui est le fondement de la foi et l&rsquo;esprit du monoth\u00e9isme, vous est r\u00e9v\u00e9l\u00e9 dans l&rsquo;histoire de notre ma\u00eetre Joseph (que Dieu le b\u00e9nisse et accorde-lui la paix).<br \/>\nSi vous \u00e9tudiez cette histoire et la regardez attentivement, elle vous fera d\u00e9couvrir la parole \u00abil n\u2019y a de dieu que Dieu\u00bb et le fait que Dieu Tout-Puissant est Sage, et elle vous montrera \u00e9galement que le bonheur de l\u2019homme est entre ses mains. S\u2019il croit en son Cr\u00e9ateur et l\u2019accepte, son \u00e2me recevra la couleur de la perfection de Dieu Tout-Puissant et suivra le chemin de la puret\u00e9, de la vertu et de la chastet\u00e9. L\u00e0, Dieu Tout-Puissant donne \u00e0 cet homme bon ce qui convient \u00e0 sa condition et le r\u00e9compense pour sa bont\u00e9 par la bont\u00e9. \u00c0 ce bon r\u00e9sultat, se r\u00e9f\u00e8re le noble verset que Dieu Tout-Puissant a mentionn\u00e9 dans l&rsquo;histoire de ce noble Messager, o\u00f9 Dieu Tout-Puissant dit: {C&rsquo;est ainsi que Nous avons \u00e9tabli Joseph dans le pays [Nous lui avons accord\u00e9 une position \u00e9lev\u00e9e apr\u00e8s qu&rsquo;il ait \u00e9t\u00e9 avili] et lui avons donn\u00e9 carte blanche partout o\u00f9 il le voulait. Jusqu&rsquo;\u00e0 ce qu&rsquo;il atteigne les niveaux \u00e9lev\u00e9s [au Paradis] comme il le d\u00e9sire. Nous accordons Notre Gr\u00e2ce \u00e0 qui Nous voulons [quand il en devient digne] et ne manquons pas de r\u00e9compenser ceux qui font le bien}.<\/p>\n","protected":false},"excerpt":{"rendered":"<h2>Le Saint Coran \u00abSourate 12: Youssouf\u00bb<\/h2>\n<h3><em><strong>Quelques \u0152uvres de L&rsquo;\u00e9rudit Humaniste Mohammad Amin Sheikho (Qu\u2019Allah sanctifie son \u00e2me).<\/strong><\/em><\/h3>\n<p>&#8211; R\u00e9unie et annot\u00e9e par le Professeur Abdoul-kh\u00e2dir Yahya Al-Dyrani, Chercheur et penseur islamique.<\/p>\n[divider style=\"solid\" top=\"20\" bottom=\"20\"]\n[box type=\"download\" align=\"aligncenter\" class=\"\" width=\"\"]<\/p>\n<p>Cet achat contient les fichiers: formats PDF, ePUB et Mobi.<\/p>\n<p>[\/box]\n","protected":false},"featured_media":4227,"template":"","meta":[],"product_brand":[],"product_cat":[19],"product_tag":[],"class_list":{"0":"post-4225","1":"product","2":"type-product","3":"status-publish","4":"has-post-thumbnail","6":"product_cat-ebooks","8":"first","9":"instock","10":"downloadable","11":"virtual","12":"sold-individually","13":"taxable","14":"purchasable","15":"product-type-simple"},"jetpack_sharing_enabled":true,"_links":{"self":[{"href":"https:\/\/www.amin-sheikho.com\/fr\/wp-json\/wp\/v2\/product\/4225","targetHints":{"allow":["GET"]}}],"collection":[{"href":"https:\/\/www.amin-sheikho.com\/fr\/wp-json\/wp\/v2\/product"}],"about":[{"href":"https:\/\/www.amin-sheikho.com\/fr\/wp-json\/wp\/v2\/types\/product"}],"wp:featuredmedia":[{"embeddable":true,"href":"https:\/\/www.amin-sheikho.com\/fr\/wp-json\/wp\/v2\/media\/4227"}],"wp:attachment":[{"href":"https:\/\/www.amin-sheikho.com\/fr\/wp-json\/wp\/v2\/media?parent=4225"}],"wp:term":[{"taxonomy":"product_brand","embeddable":true,"href":"https:\/\/www.amin-sheikho.com\/fr\/wp-json\/wp\/v2\/product_brand?post=4225"},{"taxonomy":"product_cat","embeddable":true,"href":"https:\/\/www.amin-sheikho.com\/fr\/wp-json\/wp\/v2\/product_cat?post=4225"},{"taxonomy":"product_tag","embeddable":true,"href":"https:\/\/www.amin-sheikho.com\/fr\/wp-json\/wp\/v2\/product_tag?post=4225"}],"curies":[{"name":"wp","href":"https:\/\/api.w.org\/{rel}","templated":true}]}}