{"id":4188,"date":"2024-11-25T08:47:52","date_gmt":"2024-11-25T05:47:52","guid":{"rendered":"https:\/\/www.amin-sheikho.com\/fr\/?post_type=product&#038;p=4188"},"modified":"2024-11-25T08:47:53","modified_gmt":"2024-11-25T05:47:53","slug":"interpretation-de-la-partie-29","status":"publish","type":"product","link":"https:\/\/www.amin-sheikho.com\/fr\/product\/interpretation-de-la-partie-29\/","title":{"rendered":"Interpr\u00e9tation De La Partie 29"},"content":{"rendered":"<p style=\"text-align: justify;\">Au nom d\u2019Allah, le Tout Cl\u00e9ment par Essence et par Excellence.<br \/>\n<strong>{Voici un livre b\u00e9ni que Nous t\u2019avons (\u00d4 Mouhammad) r\u00e9v\u00e9l\u00e9 afin que les hommes en m\u00e9ditent les enseignements et que ceux qui sont dou\u00e9s de raison en tirent des le\u00e7ons}.<\/strong> <em>S 38 &#8211; V 29<\/em><br \/>\nL&rsquo;homme ne peut avoir de noblesse et de dignit\u00e9 qu&rsquo;\u00e0 travers ce livre car il n&rsquo;y a pas de foi sans une intelligence active.<\/p>\n<p style=\"text-align: justify;\"><strong>Contenu:<\/strong><\/p>\n<ul>\n<li style=\"text-align: justify;\">Interpr\u00e9tation de la Sourate Al-Mulk<\/li>\n<li style=\"text-align: justify;\">Interpr\u00e9tation de la Sourate Al-Qalam<\/li>\n<li style=\"text-align: justify;\">Interpr\u00e9tation de la Sourate Al-H\u00e2qqa<\/li>\n<li style=\"text-align: justify;\">Interpr\u00e9tation de la Sourate Al-Ma&rsquo;\u00e2rij<\/li>\n<li style=\"text-align: justify;\">Interpr\u00e9tation de la Sourate No\u00e9 (No\u00fbh)<\/li>\n<li style=\"text-align: justify;\">Interpr\u00e9tation de la Sourate Al-Djinn<\/li>\n<li style=\"text-align: justify;\">Interpr\u00e9tation de la Sourate Al-Mouzzammil<\/li>\n<li style=\"text-align: justify;\">Interpr\u00e9tation de la Sourate Al-Muddaththir<\/li>\n<li style=\"text-align: justify;\">Interpr\u00e9tation de la Sourate Al-Qiy\u00e2ma<\/li>\n<li style=\"text-align: justify;\">Interpr\u00e9tation de la Sourate Al-Ins\u00e2n<\/li>\n<li style=\"text-align: justify;\">Interpr\u00e9tation de la Sourate Al-Moursal\u00e2t<\/li>\n<\/ul>\n","protected":false},"excerpt":{"rendered":"<h2>Le Saint Coran, Juz\u2019 Tabarak<\/h2>\n<h3><em><strong>Quelques \u0152uvres de L&rsquo;\u00e9rudit Humaniste Mohammad Amin Sheikho (Qu\u2019Allah sanctifie son \u00e2me).<\/strong><\/em><\/h3>\n<p>&#8211; R\u00e9unie et annot\u00e9e par le Professeur Abdoul-kh\u00e2dir Yahya Al-Dyrani, Chercheur et penseur islamique.<\/p>\n[divider style=\"solid\" top=\"20\" bottom=\"20\"]\n[box type=\"download\" align=\"aligncenter\" class=\"\" width=\"\"]<\/p>\n<p>Cet achat contient les fichiers: formats PDF, ePUB et Mobi.<\/p>\n<p>[\/box]\n","protected":false},"featured_media":4189,"template":"","meta":[],"product_brand":[],"product_cat":[19],"product_tag":[],"class_list":{"0":"post-4188","1":"product","2":"type-product","3":"status-publish","4":"has-post-thumbnail","6":"product_cat-ebooks","8":"first","9":"instock","10":"downloadable","11":"virtual","12":"sold-individually","13":"taxable","14":"purchasable","15":"product-type-simple"},"jetpack_sharing_enabled":true,"_links":{"self":[{"href":"https:\/\/www.amin-sheikho.com\/fr\/wp-json\/wp\/v2\/product\/4188","targetHints":{"allow":["GET"]}}],"collection":[{"href":"https:\/\/www.amin-sheikho.com\/fr\/wp-json\/wp\/v2\/product"}],"about":[{"href":"https:\/\/www.amin-sheikho.com\/fr\/wp-json\/wp\/v2\/types\/product"}],"wp:featuredmedia":[{"embeddable":true,"href":"https:\/\/www.amin-sheikho.com\/fr\/wp-json\/wp\/v2\/media\/4189"}],"wp:attachment":[{"href":"https:\/\/www.amin-sheikho.com\/fr\/wp-json\/wp\/v2\/media?parent=4188"}],"wp:term":[{"taxonomy":"product_brand","embeddable":true,"href":"https:\/\/www.amin-sheikho.com\/fr\/wp-json\/wp\/v2\/product_brand?post=4188"},{"taxonomy":"product_cat","embeddable":true,"href":"https:\/\/www.amin-sheikho.com\/fr\/wp-json\/wp\/v2\/product_cat?post=4188"},{"taxonomy":"product_tag","embeddable":true,"href":"https:\/\/www.amin-sheikho.com\/fr\/wp-json\/wp\/v2\/product_tag?post=4188"}],"curies":[{"name":"wp","href":"https:\/\/api.w.org\/{rel}","templated":true}]}}