{"id":4182,"date":"2024-11-14T12:29:48","date_gmt":"2024-11-14T09:29:48","guid":{"rendered":"https:\/\/www.amin-sheikho.com\/fr\/?post_type=product&#038;p=4182"},"modified":"2024-11-14T12:29:48","modified_gmt":"2024-11-14T09:29:48","slug":"le-monde-pre-materiel","status":"publish","type":"product","link":"https:\/\/www.amin-sheikho.com\/fr\/product\/le-monde-pre-materiel\/","title":{"rendered":"Le Monde Pr\u00e9-Mat\u00e9riel"},"content":{"rendered":"<p style=\"text-align: justify;\">Allah le glorieux a dit:<br \/>\n<strong>{<\/strong>[Proph\u00e8te]<strong>, quand ton Fournisseur a fait sortir les descendants des fils d\u2019Adam, comme ils \u00e9taient sup\u00e9rieurs parmi toutes les cr\u00e9atures, et les a rendus t\u00e9moins contre leurs \u00e2mes, Il a dit: Ne suis-je pas votre Fournisseur? Ils ont dit: Oui, nous t\u00e9moignons que Tu es, afin que vous ne disiez point, au Jour de la R\u00e9surrection: \u00abVraiment, nous n&rsquo;y avons pas fait attention\u00bb}<\/strong> <em><span style=\"font-size: 10pt;\">Sourate Al-A&rsquo;r\u00e2f 7: Verset 172.<\/span><\/em><\/p>\n<ul>\n<li style=\"text-align: justify;\">Le monde pr\u00e9-mat\u00e9riel, et la raison de notre venue dans la vie mondaine.<\/li>\n<li style=\"text-align: justify;\">Toute la verite sur l&rsquo;histoire de notre pere adam.<\/li>\n<li style=\"text-align: justify;\">Nouvelle approche conformement au saint coran et a la realite.<\/li>\n<\/ul>\n<p style=\"text-align: center;\">* * *<\/p>\n<p style=\"text-align: justify;\">Dans ce livre, nous discuterons de certains faits concernant la connaissance spirituelle, de certaines r\u00e8gles qui contr\u00f4lent l&rsquo;\u00e2me et tout ce qui s&rsquo;y rattache. De plus, nous discuterons de certaines questions qui font l&rsquo;objet de nombreuses controverses. Nous clarifierons la v\u00e9rit\u00e9 \u00e0 leur sujet et mettrons \u00e0 votre disposition les r\u00e8gles correctes. Nous aborderons l&rsquo;origine de la premi\u00e8re Cr\u00e9ation o\u00f9 nous \u00e9tions dans le monde pr\u00e9-mat\u00e9riel, et pourquoi et comment nous sommes arriv\u00e9s \u00e0 cette vie inf\u00e9rieure. Certaines r\u00e9alit\u00e9s cach\u00e9es seront \u00e9galement trait\u00e9es, telles que: qui sont les nobles anges? Qui sont les nobles proph\u00e8tes (Paix et b\u00e9n\u00e9diction sur eux)? Et comment ils sont choisis pour \u00eatre proph\u00e8tes. Nous discuterons \u00e9galement de notre grand p\u00e8re Adam (Pbsl) \u00e0 propos duquel il existe de nombreuses fausses croyances telles que: lui, avec notre m\u00e8re Eve, \u00e9taient des parents ingrats et ils \u00e9taient la raison pour laquelle nous avons \u00e9t\u00e9 expuls\u00e9s du paradis \u00e0 cause de leur premi\u00e8re erreur. De plus, nous parlerons en d\u00e9tail du destin, de la justice divine, du premier diable et comment il est devenu un diable, et comment nous pouvons nous en d\u00e9livrer.<\/p>\n","protected":false},"excerpt":{"rendered":"<h2>Le monde pr\u00e9-mat\u00e9riel et l&rsquo;origine de la vie sur terre<br \/>\n\u00abToute la v\u00e9rit\u00e9 sur l&rsquo;histoire de notre p\u00e8re Adam\u00bb<\/h2>\n<h3><em><strong>Quelques \u0152uvres de L&rsquo;\u00e9rudit Humaniste Mohammad Amin Sheikho (Qu\u2019Allah sanctifie son \u00e2me).<\/strong><\/em><\/h3>\n<p>&#8211; R\u00e9unie et annot\u00e9e par le Professeur Abdoul-kh\u00e2dir Yahya Al-Dyrani, Chercheur et penseur islamique.<\/p>\n[divider style=\"solid\" top=\"20\" bottom=\"20\"]\n[box type=\"download\" align=\"aligncenter\" class=\"\" width=\"\"]<\/p>\n<p>Cet achat contient les fichiers: formats PDF, ePUB et Mobi.<\/p>\n<p>[\/box]\n","protected":false},"featured_media":4183,"template":"","meta":[],"product_brand":[],"product_cat":[19],"product_tag":[],"class_list":{"0":"post-4182","1":"product","2":"type-product","3":"status-publish","4":"has-post-thumbnail","6":"product_cat-ebooks","8":"first","9":"instock","10":"downloadable","11":"virtual","12":"sold-individually","13":"taxable","14":"purchasable","15":"product-type-simple"},"jetpack_sharing_enabled":true,"_links":{"self":[{"href":"https:\/\/www.amin-sheikho.com\/fr\/wp-json\/wp\/v2\/product\/4182","targetHints":{"allow":["GET"]}}],"collection":[{"href":"https:\/\/www.amin-sheikho.com\/fr\/wp-json\/wp\/v2\/product"}],"about":[{"href":"https:\/\/www.amin-sheikho.com\/fr\/wp-json\/wp\/v2\/types\/product"}],"wp:featuredmedia":[{"embeddable":true,"href":"https:\/\/www.amin-sheikho.com\/fr\/wp-json\/wp\/v2\/media\/4183"}],"wp:attachment":[{"href":"https:\/\/www.amin-sheikho.com\/fr\/wp-json\/wp\/v2\/media?parent=4182"}],"wp:term":[{"taxonomy":"product_brand","embeddable":true,"href":"https:\/\/www.amin-sheikho.com\/fr\/wp-json\/wp\/v2\/product_brand?post=4182"},{"taxonomy":"product_cat","embeddable":true,"href":"https:\/\/www.amin-sheikho.com\/fr\/wp-json\/wp\/v2\/product_cat?post=4182"},{"taxonomy":"product_tag","embeddable":true,"href":"https:\/\/www.amin-sheikho.com\/fr\/wp-json\/wp\/v2\/product_tag?post=4182"}],"curies":[{"name":"wp","href":"https:\/\/api.w.org\/{rel}","templated":true}]}}