{"id":4176,"date":"2024-11-06T11:56:21","date_gmt":"2024-11-06T08:56:21","guid":{"rendered":"https:\/\/www.amin-sheikho.com\/fr\/?post_type=product&#038;p=4176"},"modified":"2024-11-06T11:57:46","modified_gmt":"2024-11-06T08:57:46","slug":"le-pelerinage-al-hajj","status":"publish","type":"product","link":"https:\/\/www.amin-sheikho.com\/fr\/product\/le-pelerinage-al-hajj\/","title":{"rendered":"Le p\u00e8lerinage (Al-Hajj)"},"content":{"rendered":"<p style=\"text-align: justify;\">Le vent peut souffler et faire dissiper les traces des caravanes dans le d\u00e9sert, tout comme l&rsquo;ignorance du Livre d&rsquo;Allah rend inaper\u00e7us les r\u00e9alit\u00e9s \u00e9ternelles dans le rituel sublime du p\u00e8lerinage.<br \/>\nDieu, le Tout-Puissant, a dit: {Le p\u00e8lerinage a lieu dans des mois connus}<br \/>\nCependant, ce rituel ne n\u00e9cessite de nos jours que quelque jours! Pourquoi?!<br \/>\nPourquoi les rituels et les piliers du p\u00e8lerinage sont-ils devenus \u00e9trangers \u00e0 sa r\u00e9alit\u00e9, incompr\u00e9hensibles, voire rien que des histoires ou des aventures \u00e0 raconter?!<br \/>\nMais, le Fournisseur, par sa Mis\u00e9ricorde, nous a envoy\u00e9 le savant \u00e9minent Mohammad Amin Sheikho (qu\u2019Allah sanctifie son \u00e2me); c&rsquo;est lui qui a pu d\u00e9voiler la noblesse du p\u00e8lerinage avec des arguments irr\u00e9futables et une interpr\u00e9tation intelligente.<br \/>\nS&rsquo;inspirant du Saint Coran, il a dissip\u00e9 l&rsquo;obscurit\u00e9 tr\u00e8s sombre et a r\u00e9v\u00e9l\u00e9 les lumi\u00e8res du rituel de p\u00e8lerinage.<br \/>\nLes sagesses contenues dans son interpr\u00e9tation sublime le rang du p\u00e8lerin sinc\u00e8re et le rend assoiff\u00e9 de cette rencontre tr\u00e8s noble avec le Proph\u00e8te (Pbsl) l&rsquo;Imam de la sagesse et la Source de tout secret.<br \/>\nC&rsquo;est avec une clairvoyance p\u00e9n\u00e9trante, inspir\u00e9e par Dieu, qu&rsquo;il a pu \u00e9clairer le message de notre Proph\u00e8te Mouhammad (Pbsl), dont le p\u00e8lerinage, ses rituels et sa tradition \u00e9ternelle.<br \/>\nLe Musc du Message de Mouhammad<\/p>\n","protected":false},"excerpt":{"rendered":"<h2>La cinqui\u00e8me Grande \u00c9cole de la Pi\u00e9t\u00e9 (illumination par la Lumi\u00e8re d&rsquo;Allah)<\/h2>\n<h3><em><strong>Quelques \u0152uvres de L&rsquo;\u00e9rudit Humaniste Mohammad Amin Sheikho (Qu\u2019Allah sanctifie son \u00e2me).<\/strong><\/em><\/h3>\n<p>&#8211; R\u00e9unie et annot\u00e9e par le Professeur Abdoul-kh\u00e2dir Yahya Al-Dyrani, Chercheur et penseur islamique.<\/p>\n[divider style=\"solid\" top=\"20\" bottom=\"20\"]\n[box type=\"download\" align=\"aligncenter\" class=\"\" width=\"\"]<\/p>\n<p>Cet achat contient les fichiers: formats PDF, ePUB et Mobi.<\/p>\n<p>[\/box]\n","protected":false},"featured_media":4177,"template":"","meta":[],"product_brand":[],"product_cat":[19],"product_tag":[],"class_list":{"0":"post-4176","1":"product","2":"type-product","3":"status-publish","4":"has-post-thumbnail","6":"product_cat-ebooks","8":"first","9":"instock","10":"downloadable","11":"virtual","12":"sold-individually","13":"taxable","14":"purchasable","15":"product-type-simple"},"jetpack_sharing_enabled":true,"_links":{"self":[{"href":"https:\/\/www.amin-sheikho.com\/fr\/wp-json\/wp\/v2\/product\/4176","targetHints":{"allow":["GET"]}}],"collection":[{"href":"https:\/\/www.amin-sheikho.com\/fr\/wp-json\/wp\/v2\/product"}],"about":[{"href":"https:\/\/www.amin-sheikho.com\/fr\/wp-json\/wp\/v2\/types\/product"}],"wp:featuredmedia":[{"embeddable":true,"href":"https:\/\/www.amin-sheikho.com\/fr\/wp-json\/wp\/v2\/media\/4177"}],"wp:attachment":[{"href":"https:\/\/www.amin-sheikho.com\/fr\/wp-json\/wp\/v2\/media?parent=4176"}],"wp:term":[{"taxonomy":"product_brand","embeddable":true,"href":"https:\/\/www.amin-sheikho.com\/fr\/wp-json\/wp\/v2\/product_brand?post=4176"},{"taxonomy":"product_cat","embeddable":true,"href":"https:\/\/www.amin-sheikho.com\/fr\/wp-json\/wp\/v2\/product_cat?post=4176"},{"taxonomy":"product_tag","embeddable":true,"href":"https:\/\/www.amin-sheikho.com\/fr\/wp-json\/wp\/v2\/product_tag?post=4176"}],"curies":[{"name":"wp","href":"https:\/\/api.w.org\/{rel}","templated":true}]}}