{"id":4174,"date":"2024-11-05T22:01:15","date_gmt":"2024-11-05T19:01:15","guid":{"rendered":"https:\/\/www.amin-sheikho.com\/fr\/?post_type=product&#038;p=4174"},"modified":"2024-11-05T22:01:15","modified_gmt":"2024-11-05T19:01:15","slug":"laumone-al-zakat","status":"publish","type":"product","link":"https:\/\/www.amin-sheikho.com\/fr\/product\/laumone-al-zakat\/","title":{"rendered":"L&rsquo;aum\u00f4ne (Al-Zakat)"},"content":{"rendered":"<p style=\"text-align: justify;\">Louange \u00e0 Allah, Seigneur de l&rsquo;univers. Que la paix et la b\u00e9n\u00e9diction d&rsquo;Allah soient sur le Proph\u00e8te Mouhammad lampe \u00e9clairante indiqu\u00e9e comme mis\u00e9ricorde pour l&rsquo;humanit\u00e9, sur sa famille et l&rsquo;ensemble de ses compagnons.<br \/>\nLorsqu\u2019une communaut\u00e9 adopte volontairement et sinc\u00e8rement la m\u00e9thode prescrite par Allah, tout en cherchant sa guidance dans le Coran, elle s&rsquo;impose, s&rsquo;\u00e9l\u00e8ve de rang et devient capable de bien r\u00e9ussir son existence et de pr\u00e9valoir les autres id\u00e9ologies. Bien plus, ces derni\u00e8res pourraient \u00eatre motiv\u00e9es pour retracer le m\u00eame chemin et r\u00e9aliser leurs aspirations. A ce moment-l\u00e0, toute l&rsquo;humanit\u00e9 s&rsquo;\u00e9l\u00e8vera de rang et jouira, de m\u00eame, du bonheur et d&rsquo;amiti\u00e9 v\u00e9ridique et honn\u00eate. Par cons\u00e9quent, la paix et la s\u00e9curit\u00e9 r\u00e8gneront, les c\u0153urs des serviteurs de Dieu vivront en paradis de bien-\u00eatre avant m\u00eame d&rsquo;atteindre les paradis \u00e9ternels qui sont leur ultime souhait.<br \/>\nNormalement, toute m\u00e9thodologie vise \u00e0 la r\u00e9ussite. Il en est ainsi de celle de Dieu. Cependant, quant \u00e0 la m\u00e9thodologie pr\u00e9vue par les humains, lorsqu&rsquo;elle s&rsquo;\u00e9carte de celle du Grand Cr\u00e9ateur, elle est vou\u00e9e \u00e0 l&rsquo;\u00e9chec et boulevers\u00e9e. Celle-ci nourrit plut\u00f4t l&rsquo;hostilit\u00e9, la haine et la jalousie qui sont \u00e0 l&rsquo;origine de grandes guerres infernales. Les gens se perdent et, ainsi, perdent leur bonheur.<br \/>\nOr, Dieu, le Tout-Puissant, a prescrit pour nous le sage plan d&rsquo;Al-Zakat et sa r\u00e9partition humanitaire et sublime. Tout le monde jouira ainsi d&rsquo;une vie heureuse et digne. La s\u00e9curit\u00e9 s&rsquo;instaure partout dans le monde sur des bases solides. Et on ne verra plus un pauvre qui vit dans la mis\u00e8re, ou un riche qui se plaint, craint sa fortune ou s&rsquo;inqui\u00e8te pour elle. On n&rsquo;entendra plus se plaindre les d\u00e9munis, les orphelins, les veuves ou les n\u00e9cessiteux; ces derniers ne souffriront plus de la faim.<br \/>\nGr\u00e2ce \u00e0 la m\u00e9thodologie de Dieu (exalt\u00e9 soit-il), l&rsquo;un donne, l&rsquo;autre re\u00e7oit; tous contents de leurs situations.<br \/>\nQu&rsquo;attendons-nous donc \u00e0 rejoindre le chemin droit et \u00e0 appliquer les prescriptions de Dieu, le Tout-Compatissant, sur Al-Zakat et sa bonne distribution?<br \/>\nLes explications qui nous sont parvenues ici par le guide-savant Mohammad Amin Sheikho (que Dieu sanctifie son \u00e2me) sont puis\u00e9es dans le Noble Coran et la tradition proph\u00e9tique.<\/p>\n<p style=\"text-align: right;\"><em>Dr Moubarak MBOMBO IBRAHIM<\/em><\/p>\n","protected":false},"excerpt":{"rendered":"<h2>Troisi\u00e8me Grande Ecole de la Pi\u00e9t\u00e9 (voir par la lumi\u00e8re de Dieu)<\/h2>\n<h3><em><strong>Quelques \u0152uvres de L&rsquo;\u00e9rudit Humaniste Mohammad Amin Sheikho (Qu\u2019Allah sanctifie son \u00e2me).<\/strong><\/em><\/h3>\n<p>&#8211; R\u00e9unie et annot\u00e9e par le Professeur Abdoul-kh\u00e2dir Yahya Al-Dyrani, Chercheur et penseur islamique.<\/p>\n[divider style=\"solid\" top=\"20\" bottom=\"20\"]\n[box type=\"download\" align=\"aligncenter\" class=\"\" width=\"\"]<\/p>\n<p>Cet achat contient les fichiers: formats PDF, ePUB et Mobi.<\/p>\n<p>[\/box]\n","protected":false},"featured_media":4175,"template":"","meta":[],"product_brand":[],"product_cat":[19],"product_tag":[],"class_list":{"0":"post-4174","1":"product","2":"type-product","3":"status-publish","4":"has-post-thumbnail","6":"product_cat-ebooks","8":"first","9":"instock","10":"downloadable","11":"virtual","12":"sold-individually","13":"taxable","14":"purchasable","15":"product-type-simple"},"jetpack_sharing_enabled":true,"_links":{"self":[{"href":"https:\/\/www.amin-sheikho.com\/fr\/wp-json\/wp\/v2\/product\/4174","targetHints":{"allow":["GET"]}}],"collection":[{"href":"https:\/\/www.amin-sheikho.com\/fr\/wp-json\/wp\/v2\/product"}],"about":[{"href":"https:\/\/www.amin-sheikho.com\/fr\/wp-json\/wp\/v2\/types\/product"}],"wp:featuredmedia":[{"embeddable":true,"href":"https:\/\/www.amin-sheikho.com\/fr\/wp-json\/wp\/v2\/media\/4175"}],"wp:attachment":[{"href":"https:\/\/www.amin-sheikho.com\/fr\/wp-json\/wp\/v2\/media?parent=4174"}],"wp:term":[{"taxonomy":"product_brand","embeddable":true,"href":"https:\/\/www.amin-sheikho.com\/fr\/wp-json\/wp\/v2\/product_brand?post=4174"},{"taxonomy":"product_cat","embeddable":true,"href":"https:\/\/www.amin-sheikho.com\/fr\/wp-json\/wp\/v2\/product_cat?post=4174"},{"taxonomy":"product_tag","embeddable":true,"href":"https:\/\/www.amin-sheikho.com\/fr\/wp-json\/wp\/v2\/product_tag?post=4174"}],"curies":[{"name":"wp","href":"https:\/\/api.w.org\/{rel}","templated":true}]}}