{"id":4171,"date":"2024-11-03T23:36:30","date_gmt":"2024-11-03T20:36:30","guid":{"rendered":"https:\/\/www.amin-sheikho.com\/fr\/?post_type=product&#038;p=4171"},"modified":"2024-11-03T23:40:40","modified_gmt":"2024-11-03T20:40:40","slug":"la-verite-de-la-priere-as-salat","status":"publish","type":"product","link":"https:\/\/www.amin-sheikho.com\/fr\/product\/la-verite-de-la-priere-as-salat\/","title":{"rendered":"La v\u00e9rit\u00e9 de la pri\u00e8re (As-Sal\u00e2t)"},"content":{"rendered":"<p style=\"text-align: justify;\">Allah, le Glorieux, a dit : <strong>{La communication avec Dieu [la pri\u00e8re] retient les comportements scandaleux et inacceptables\u2026}<\/strong>. S-29\/V-45<br \/>\n&#8211; La v\u00e9rit\u00e9 de la pri\u00e8re (As-Sal\u00e2t)<br \/>\n&#8211; La sagesse des ablutions<br \/>\n&#8211; D\u00e9duction des heures de pri\u00e8re du Saint Coran<\/p>\n<p style=\"text-align: center;\">* * *<\/p>\n<p style=\"text-align: justify;\">As-Sal\u00e2t: est la relation de l\u2019\u00e2me humaine avec son Pourvoyeur et sa liaison intime avec la lumi\u00e8re de son Cr\u00e9ateur. Telle est la pri\u00e8re dans son essence. D\u00e9pourvue de cette relation et de ce lien, elle devient une image irr\u00e9elle qui se limite aux paroles et aux actes. Comment \u00e9tablir ce lien avec notre Pourvoyeur? Comment parvenir \u00e0 la pri\u00e8re dans son \u00e2me et son essence? Pour parvenir \u00e0 la quintessence de la pri\u00e8re, Allah (Gloire \u00e0 Lui) a institu\u00e9 la sourate al-F\u00e2tiha aux priants. Quel est le grand secret que renferme la sourate al-F\u00e2tiha au point d\u2019\u00eatre incontournable dans la pri\u00e8re?<br \/>\nLa F\u00e2tiha vous montre la perfection d\u2019Allah (Gloire \u00e0 Lui). La vision de cette perfection fait na\u00eetre en vous l\u2019amour, et le lien s\u2019\u00e9tablit entre Dieu et vous \u00e0 travers le Messager (pbsl).<br \/>\nTel est le fruit escompt\u00e9 de sa r\u00e9citation dans la pri\u00e8re et dans chacune de ses g\u00e9nuflexions (Raka`a).<br \/>\nChaque fois que le croyant r\u00e9cite la sourate al-F\u00e2tiha, sa vision et sa connaissance de la perfection divine grandissent. Gr\u00e2ce \u00e0 la pri\u00e8re, il gravite les \u00e9chelons dans l\u2019amour d\u2019Allah. Il est dit dans le noble hadith que: \u00ab La pri\u00e8re est l\u2019\u00e9chelle du croyant \u00bb. Elle est cet escalier par lequel il ascensionne dans l\u2019amour et la connaissance d\u2019Allah en passant d\u2019un \u00e9tat \u00e0 l\u2019autre. Vu que, \u00e0 travers ce lien, l\u2019\u00e2me s\u2019\u00e9claire avec la lumi\u00e8re de la v\u00e9rit\u00e9 et devient capable de distinguer le vrai chemin du faux, ainsi elle s\u2019approche de plus en plus d\u2019Allah (Lou\u00e9 Soit-Il).<br \/>\nQuand quelqu&rsquo;un se demande si la pri\u00e8re initi\u00e9e au Proph\u00e8te (pbsl) par Allah (Exalt\u00e9 soit-Il), et que le Proph\u00e8te (Pbsl) est tenu d&rsquo;apprendre aux gens, est diff\u00e9rente des enseignements qui existent dans les diverses r\u00e9f\u00e9rences qui rapportent de Lui (Pbsl), ainsi que ce qui a \u00e9t\u00e9 transmis de Lui (Pbsl) des paroles ou des actes, lesquels sont des imp\u00e9ratifs, des obligations, des conduites ou des pr\u00e9f\u00e9rences?<br \/>\nEn r\u00e9ponse \u00e0 cela nous disons:<br \/>\nTout a une forme et une r\u00e9alit\u00e9, et la forme de la pri\u00e8re est d\u00e9j\u00e0 pr\u00e9sente dans les livres de jurisprudence et les nobles hadiths. Cette pri\u00e8re formelle peut \u00eatre accomplie par la personne juste, la personne immorale, le croyant et l\u2019hypocrite. Tous peuvent, selon l&rsquo;image, accomplir le m\u00eame travail, mais la diff\u00e9renciation et la disparit\u00e9 reposent sur des faits. Dans sa pri\u00e8re, chaque personne a une direction vers laquelle elle se dirige, et chaque personne a une proximit\u00e9 avec son Cr\u00e9ateur selon sa foi et son lien avec son Imam. Chaque personne qui prie a de la compr\u00e9hension, de la conscience, des t\u00e9moins et une connexion. Le Proph\u00e8te (pbsl) a expliqu\u00e9 que certaines personnes ont droit \u00e0 la moiti\u00e9 de leurs pri\u00e8res, d&rsquo;autres \u00e0 un quart et d&rsquo;autres \u00e0 un dixi\u00e8me, et il y a ceux qui ne tirent aucun b\u00e9n\u00e9fice de leurs pri\u00e8res. Le Proph\u00e8te (pbsl) y fait r\u00e9f\u00e9rence en disant: \u00ab Il n\u2019y a de bon pour un serviteur dans sa pri\u00e8re que ce qu\u2019il en comprend \u00bb .C&rsquo;est-\u00e0-dire: sauf ce qui est \u00e9clair\u00e9 par lui.<br \/>\nNous expliquerons ce noble hadith dans le cadre de notre explication de la pri\u00e8re et de sa r\u00e9alit\u00e9.<\/p>\n","protected":false},"excerpt":{"rendered":"<h2>La deuxi\u00e8me Grande Ecole de la pi\u00e9t\u00e9 (voir par la lumi\u00e8re de Dieu)<\/h2>\n<h3><em><strong>Quelques \u0152uvres de L&rsquo;\u00e9rudit Humaniste Mohammad Amin Sheikho (Qu\u2019Allah sanctifie son \u00e2me).<\/strong><\/em><\/h3>\n<p>&#8211; R\u00e9unie et annot\u00e9e par le Professeur Abdoul-kh\u00e2dir Yahya Al-Dyrani, Chercheur et penseur islamique.<\/p>\n[divider style=\"solid\" top=\"20\" bottom=\"20\"]\n[box type=\"download\" align=\"aligncenter\" class=\"\" width=\"\"]<\/p>\n<p>Cet achat contient les fichiers: formats PDF, ePUB et Mobi.<\/p>\n<p>[\/box]\n","protected":false},"featured_media":4172,"template":"","meta":[],"product_brand":[],"product_cat":[19],"product_tag":[],"class_list":{"0":"post-4171","1":"product","2":"type-product","3":"status-publish","4":"has-post-thumbnail","6":"product_cat-ebooks","8":"first","9":"instock","10":"downloadable","11":"virtual","12":"sold-individually","13":"taxable","14":"purchasable","15":"product-type-simple"},"jetpack_sharing_enabled":true,"_links":{"self":[{"href":"https:\/\/www.amin-sheikho.com\/fr\/wp-json\/wp\/v2\/product\/4171","targetHints":{"allow":["GET"]}}],"collection":[{"href":"https:\/\/www.amin-sheikho.com\/fr\/wp-json\/wp\/v2\/product"}],"about":[{"href":"https:\/\/www.amin-sheikho.com\/fr\/wp-json\/wp\/v2\/types\/product"}],"wp:featuredmedia":[{"embeddable":true,"href":"https:\/\/www.amin-sheikho.com\/fr\/wp-json\/wp\/v2\/media\/4172"}],"wp:attachment":[{"href":"https:\/\/www.amin-sheikho.com\/fr\/wp-json\/wp\/v2\/media?parent=4171"}],"wp:term":[{"taxonomy":"product_brand","embeddable":true,"href":"https:\/\/www.amin-sheikho.com\/fr\/wp-json\/wp\/v2\/product_brand?post=4171"},{"taxonomy":"product_cat","embeddable":true,"href":"https:\/\/www.amin-sheikho.com\/fr\/wp-json\/wp\/v2\/product_cat?post=4171"},{"taxonomy":"product_tag","embeddable":true,"href":"https:\/\/www.amin-sheikho.com\/fr\/wp-json\/wp\/v2\/product_tag?post=4171"}],"curies":[{"name":"wp","href":"https:\/\/api.w.org\/{rel}","templated":true}]}}