{"id":3913,"date":"2023-02-04T21:51:44","date_gmt":"2023-02-04T18:51:44","guid":{"rendered":"https:\/\/www.amin-sheikho.com\/fr\/?post_type=product&#038;p=3913"},"modified":"2024-11-03T23:42:40","modified_gmt":"2024-11-03T20:42:40","slug":"les-pages-de-la-gloire-immortelle","status":"publish","type":"product","link":"https:\/\/www.amin-sheikho.com\/fr\/product\/les-pages-de-la-gloire-immortelle\/","title":{"rendered":"Les Pages de la Gloire Immortelle"},"content":{"rendered":"<p style=\"text-align: justify;\"><em>Je cherche refuge aupr\u00e8s d\u2019Allah contre Satan le lapid\u00e9.<\/em><br \/>\nAu Nom de Dieu, le Tout Compatissant, le Tout Mis\u00e9ricordieux.<br \/>\n<strong>{Parmi ceux que Nous avons cr\u00e9\u00e9s, il y a une communaut\u00e9 qui guide (les autres) selon la v\u00e9rit\u00e9 et par celle-ci exerce la justice.}<\/strong> Le Noble Coran Sourate Al-A&rsquo;r\u00e2f (7): Verset (181)<\/p>\n<p style=\"text-align: center;\">* * *<\/p>\n<p style=\"text-align: justify;\">Louange \u00e0 Allah, Seigneur de l&rsquo;univers. Que la paix et la b\u00e9n\u00e9diction d&rsquo;Allah soient sur Le Proph\u00e8te Mohammad (Pbsl) lampe \u00e9clairante indiqu\u00e9e comme mis\u00e9ricorde pour l&rsquo;humanit\u00e9, sur sa famille et l&rsquo;ensemble de ses compagnons.<\/p>\n<p style=\"text-align: center;\">* * *<\/p>\n<p style=\"text-align: justify;\">Vous vous demanderez certainement comme moi, et comme beaucoup d&rsquo;autres personnes d&rsquo;ailleurs, comment un si grand \u00e9rudit a pu acc\u00e9der \u00e0 une telle v\u00e9rit\u00e9 alors que les \u00e9rudits, les grands guides et les imans avant lui n\u2019ont pu faire pareil? Je vous r\u00e9pondrais que rien ne s\u2019acquiert sans effort.<br \/>\nEn effet, les hommes se distinguent par leurs actes. Il en va de m\u00eame pour les Envoy\u00e9s de Dieu (Ar-Roussoul) et les nobles Proph\u00e8tes (Al-Anbiy\u00e2&rsquo;) \u2026 ainsi, chacun d&rsquo;entre nous sera class\u00e9 selon les actes qu\u2019il aura pos\u00e9s.<br \/>\nNotre grand \u00e9rudit Mohammad Amin Sheikho a re\u00e7u la connaissance d\u2019Allah, et s\u2019est distingu\u00e9 par des actes notoires ainsi que par ses grands et nobles sacrifices pour l&rsquo;humanit\u00e9. Allah ne lui a accord\u00e9 que ce qu\u2019il m\u00e9ritait.<br \/>\nAllah Tout-Puissant a dit: <strong>{Et c&rsquo;est en toute v\u00e9rit\u00e9 que Nous l\u2019avons fait descendre (le coran) et avec la v\u00e9rit\u00e9 il est descendu\u2026}<\/strong> Le Saint Coran, Sourate (17) Al-Isra&rsquo; Verset (105) .<\/p>\n","protected":false},"excerpt":{"rendered":"<h3><em><strong>Quelques \u0152uvres de L&rsquo;\u00e9rudit Humaniste Mohammad Amin Sheikho (Qu\u2019Allah sanctifie son \u00e2me).<\/strong><\/em><\/h3>\n<p>&#8211; R\u00e9unie et annot\u00e9e par le Professeur Abdoul-kh\u00e2dir Yahya Al-Dyrani, Chercheur et penseur islamique.<\/p>\n[divider style=\"solid\" top=\"20\" bottom=\"20\"]\n[box type=\"download\" align=\"aligncenter\" class=\"\" width=\"\"]<\/p>\n<p>Cet achat contient les fichiers: formats PDF, ePUB et Mobi.<\/p>\n<p>[\/box]\n","protected":false},"featured_media":3914,"template":"","meta":[],"product_brand":[],"product_cat":[19],"product_tag":[],"class_list":{"0":"post-3913","1":"product","2":"type-product","3":"status-publish","4":"has-post-thumbnail","6":"product_cat-ebooks","8":"first","9":"instock","10":"downloadable","11":"virtual","12":"sold-individually","13":"taxable","14":"purchasable","15":"product-type-simple"},"jetpack_sharing_enabled":true,"_links":{"self":[{"href":"https:\/\/www.amin-sheikho.com\/fr\/wp-json\/wp\/v2\/product\/3913","targetHints":{"allow":["GET"]}}],"collection":[{"href":"https:\/\/www.amin-sheikho.com\/fr\/wp-json\/wp\/v2\/product"}],"about":[{"href":"https:\/\/www.amin-sheikho.com\/fr\/wp-json\/wp\/v2\/types\/product"}],"wp:featuredmedia":[{"embeddable":true,"href":"https:\/\/www.amin-sheikho.com\/fr\/wp-json\/wp\/v2\/media\/3914"}],"wp:attachment":[{"href":"https:\/\/www.amin-sheikho.com\/fr\/wp-json\/wp\/v2\/media?parent=3913"}],"wp:term":[{"taxonomy":"product_brand","embeddable":true,"href":"https:\/\/www.amin-sheikho.com\/fr\/wp-json\/wp\/v2\/product_brand?post=3913"},{"taxonomy":"product_cat","embeddable":true,"href":"https:\/\/www.amin-sheikho.com\/fr\/wp-json\/wp\/v2\/product_cat?post=3913"},{"taxonomy":"product_tag","embeddable":true,"href":"https:\/\/www.amin-sheikho.com\/fr\/wp-json\/wp\/v2\/product_tag?post=3913"}],"curies":[{"name":"wp","href":"https:\/\/api.w.org\/{rel}","templated":true}]}}