{"id":3906,"date":"2023-01-27T09:27:55","date_gmt":"2023-01-27T06:27:55","guid":{"rendered":"https:\/\/www.amin-sheikho.com\/fr\/?post_type=product&#038;p=3906"},"modified":"2024-11-03T23:41:47","modified_gmt":"2024-11-03T20:41:47","slug":"devoiler-les-secrets-de-la-magie-et-des-magiciens","status":"publish","type":"product","link":"https:\/\/www.amin-sheikho.com\/fr\/product\/devoiler-les-secrets-de-la-magie-et-des-magiciens\/","title":{"rendered":"D\u00e9voiler les Secrets de la Magie et des Magiciens"},"content":{"rendered":"<p style=\"text-align: justify;\">Louange \u00e0 Dieu, Seigneur de l\u2019univers. Que le salut, la mis\u00e9ricorde et les b\u00e9n\u00e9dictions divines soient accord\u00e9s \u00e0 notre grand ma\u00eetre Mohammad \u00abla communication avec Allah et la paix sont \u00e0 travers lui\u00bb , ainsi qu\u2019aux membres de sa famille et \u00e0 tous ses compagnons.<br \/>\nDieu Tout-Puissant a dit dans la Sourate T\u00e2-H\u00e2:<br \/>\n<strong>{Ce qu&rsquo;ils ont fabriqu\u00e9 n&rsquo;est qu&rsquo;une ruse de magicien; et le magicien ne r\u00e9ussit pas, o\u00f9 qu&rsquo;il soit}<\/strong> Sourate T\u00e2-H\u00e2 (20) Verset (69).<br \/>\nLe navire de l&rsquo;Islam a recul\u00e9 et la justice est devenue fragile, ayant auparavant \u00e9t\u00e9 forte dans le c\u0153ur des gens. Cette ignorance s&rsquo;est largement r\u00e9pandue \u00e0 travers le monde, ne laissant aucune place \u00e0 la foi. C&rsquo;est parce que les gens ont d\u00e9vi\u00e9 de leur fa\u00e7on de penser et ont suivi la voie de l&rsquo;imitation, de sorte que les m\u00e9thodes de la magie ont pr\u00e9valu dans tous les domaines, et les escrocs ont fait semblant d&rsquo;\u00eatre musulmans afin d&rsquo;atteindre leurs objectifs malveillants. Le loup a rev\u00eatu le v\u00eatement d&rsquo;un homme, cachant la mort violente qui se dissimulait dans ses crocs. Le mensonge \u00e9tait aux commandes et ses adeptes devinrent les ma\u00eetres.<br \/>\nLes gens ordinaires \u00e9taient comme une plume qui \u00e9tait secou\u00e9e par un ouragan, et ont finalement \u00e9t\u00e9 jet\u00e9s au sol, ne trouvant aucun moyen de s&rsquo;\u00e9chapper. Cependant, la mis\u00e9ricorde de Dieu est le sauveur de ceux qui sont ob\u00e9issants, et rejette l&rsquo;oppression et la d\u00e9gradation en leur nom, et cherche toujours \u00e0 les \u00e9lever par la communication, et rend la lumi\u00e8re sacr\u00e9e parfaite sur eux comme faveur et gr\u00e2ce de sa part.<br \/>\nVoici un soleil haut et \u00e9lev\u00e9 qui s&rsquo;est lev\u00e9 et a chass\u00e9 les t\u00e9n\u00e8bres noires.<br \/>\nDes sources de sagesse divine ont coul\u00e9 dans le c\u0153ur de notre v\u00e9n\u00e9rable \u00e9rudit Mohammad Amin Sheikho (qu&rsquo;Allah sanctifie son \u00e2me), et a travers\u00e9 sa langue pour devenir une science factuelle et r\u00e9aliste pour d\u00e9voiler les sciences cach\u00e9es et les tours diaboliques des magiciens. Ce sont de grands faits qui d\u00e9truisent enti\u00e8rement le mensonge de ces magiciens et soutiennent la base de l&rsquo;\u00e9difice de la justice.<\/p>\n","protected":false},"excerpt":{"rendered":"<p>&#8211; L\u2019\u00e9rudit et \u00e9minent humaniste Mohammad Amin Sheikho (qu\u2019Allah sanctifie son \u00e2me)<\/p>\n<p>&#8211; R\u00e9unie et annot\u00e9e par le Professeur Abdoul-kh\u00e2dir Yahya Al-Dyrani, Chercheur et penseur islamique<\/p>\n[divider style=\"solid\" top=\"20\" bottom=\"20\"]\n[box type=\"download\" align=\"aligncenter\" class=\"\" width=\"\"]<\/p>\n<p>Cet achat contient les fichiers: formats PDF, ePUB et Mobi.<\/p>\n<p>[\/box]\n","protected":false},"featured_media":3917,"template":"","meta":[],"product_brand":[],"product_cat":[19],"product_tag":[],"class_list":{"0":"post-3906","1":"product","2":"type-product","3":"status-publish","4":"has-post-thumbnail","6":"product_cat-ebooks","8":"first","9":"instock","10":"downloadable","11":"virtual","12":"sold-individually","13":"taxable","14":"purchasable","15":"product-type-simple"},"jetpack_sharing_enabled":true,"_links":{"self":[{"href":"https:\/\/www.amin-sheikho.com\/fr\/wp-json\/wp\/v2\/product\/3906","targetHints":{"allow":["GET"]}}],"collection":[{"href":"https:\/\/www.amin-sheikho.com\/fr\/wp-json\/wp\/v2\/product"}],"about":[{"href":"https:\/\/www.amin-sheikho.com\/fr\/wp-json\/wp\/v2\/types\/product"}],"wp:featuredmedia":[{"embeddable":true,"href":"https:\/\/www.amin-sheikho.com\/fr\/wp-json\/wp\/v2\/media\/3917"}],"wp:attachment":[{"href":"https:\/\/www.amin-sheikho.com\/fr\/wp-json\/wp\/v2\/media?parent=3906"}],"wp:term":[{"taxonomy":"product_brand","embeddable":true,"href":"https:\/\/www.amin-sheikho.com\/fr\/wp-json\/wp\/v2\/product_brand?post=3906"},{"taxonomy":"product_cat","embeddable":true,"href":"https:\/\/www.amin-sheikho.com\/fr\/wp-json\/wp\/v2\/product_cat?post=3906"},{"taxonomy":"product_tag","embeddable":true,"href":"https:\/\/www.amin-sheikho.com\/fr\/wp-json\/wp\/v2\/product_tag?post=3906"}],"curies":[{"name":"wp","href":"https:\/\/api.w.org\/{rel}","templated":true}]}}