{"id":3903,"date":"2023-01-17T14:37:02","date_gmt":"2023-01-17T11:37:02","guid":{"rendered":"https:\/\/www.amin-sheikho.com\/fr\/?post_type=product&#038;p=3903"},"modified":"2023-01-17T14:37:02","modified_gmt":"2023-01-17T11:37:02","slug":"interpretation-de-la-partie-amma","status":"publish","type":"product","link":"https:\/\/www.amin-sheikho.com\/fr\/product\/interpretation-de-la-partie-amma\/","title":{"rendered":"Interpr\u00e9tation de la Partie Amma"},"content":{"rendered":"<p style=\"text-align: justify;\">Louange \u00e0 Dieu, Seigneur de l\u2019univers. Que le salut, la mis\u00e9ricorde et les b\u00e9n\u00e9dictions divines soient accord\u00e9s \u00e0 notre grand ma\u00eetre Mohammad, ainsi qu\u2019aux membres de sa famille et \u00e0 tous ses compagnons.<br \/>\nDans (Partie Amma) il y a une r\u00e9f\u00e9rence aux miracles cosmiques sensibles et mat\u00e9riels \u00e0 contempler profond\u00e9ment avec une pens\u00e9e claire afin qu&rsquo;ils puissent devenir des passages qui conduisent ceux qui cherchent \u00e0 reconna\u00eetre le grand Dieu \u00e0 \u00e9tablir un lien avec leur Seigneur.<br \/>\nS&rsquo;ils continuent cette contemplation jusqu&rsquo;\u00e0 ce qu&rsquo;ils per\u00e7oivent la grandeur de ces miracles, ils pourront percevoir la majest\u00e9 de celui qui les a parfaitement cr\u00e9\u00e9s; et alors leurs \u00e2mes, s&rsquo;\u00e9tant soumises avant la fabrication et l&rsquo;ayant magnifi\u00e9, se tourneront pour se soumettre et magnifier le cr\u00e9ateur. \u00c0 ce stade, elles passeront du t\u00e9moignage par l&rsquo;\u0153il physique au t\u00e9moignage par le c\u0153ur et l&rsquo;\u00e2me, et ainsi, sa lumi\u00e8re (Gloire \u00e0 lui) coulera dans les \u00e2mes de ceux qui aspirent \u00e0 le voir, leur permettant de r\u00e9aliser sa magnificence. C&rsquo;est un t\u00e9moignage spirituel devant lequel une \u00e2me s&rsquo;incline et auquel elle revient \u00e0 chaque inclinaison de chaque pri\u00e8re, et de cette mani\u00e8re, notre pri\u00e8re \u00e0 Dieu et notre communication avec lui deviennent r\u00e9elles et pas seulement formelles.<\/p>\n","protected":false},"excerpt":{"rendered":"<p>&#8211; Le Grand Erudit et Humaniste Mohammad Amin Sheikho (Qu\u2019Allah sanctifie son \u00e2me)<\/p>\n<p>&#8211; Edition revue et corrig\u00e9e par le Prof. Abdoul-kh\u00e2dir Yahya dit al-Dyrani, Chercheur et penseur islamique<\/p>\n[divider style=\"solid\" top=\"20\" bottom=\"20\"]\n[box type=\"download\" align=\"aligncenter\" class=\"\" width=\"\"]<\/p>\n<p>Cet achat contient les fichiers: formats PDF, ePUB et Mobi.<\/p>\n<p>[\/box]\n","protected":false},"featured_media":3904,"template":"","meta":[],"product_brand":[],"product_cat":[19],"product_tag":[],"class_list":{"0":"post-3903","1":"product","2":"type-product","3":"status-publish","4":"has-post-thumbnail","6":"product_cat-ebooks","8":"first","9":"instock","10":"downloadable","11":"virtual","12":"sold-individually","13":"taxable","14":"purchasable","15":"product-type-simple"},"jetpack_sharing_enabled":true,"_links":{"self":[{"href":"https:\/\/www.amin-sheikho.com\/fr\/wp-json\/wp\/v2\/product\/3903","targetHints":{"allow":["GET"]}}],"collection":[{"href":"https:\/\/www.amin-sheikho.com\/fr\/wp-json\/wp\/v2\/product"}],"about":[{"href":"https:\/\/www.amin-sheikho.com\/fr\/wp-json\/wp\/v2\/types\/product"}],"wp:featuredmedia":[{"embeddable":true,"href":"https:\/\/www.amin-sheikho.com\/fr\/wp-json\/wp\/v2\/media\/3904"}],"wp:attachment":[{"href":"https:\/\/www.amin-sheikho.com\/fr\/wp-json\/wp\/v2\/media?parent=3903"}],"wp:term":[{"taxonomy":"product_brand","embeddable":true,"href":"https:\/\/www.amin-sheikho.com\/fr\/wp-json\/wp\/v2\/product_brand?post=3903"},{"taxonomy":"product_cat","embeddable":true,"href":"https:\/\/www.amin-sheikho.com\/fr\/wp-json\/wp\/v2\/product_cat?post=3903"},{"taxonomy":"product_tag","embeddable":true,"href":"https:\/\/www.amin-sheikho.com\/fr\/wp-json\/wp\/v2\/product_tag?post=3903"}],"curies":[{"name":"wp","href":"https:\/\/api.w.org\/{rel}","templated":true}]}}