{"id":3680,"date":"2021-05-01T09:50:59","date_gmt":"2021-05-01T06:50:59","guid":{"rendered":"https:\/\/www.amin-sheikho.com\/fr\/?post_type=product&#038;p=3680"},"modified":"2022-07-10T09:39:58","modified_gmt":"2022-07-10T06:39:58","slug":"education-islamique-de-la-jeunesse%e2%80%8b-niveau-3","status":"publish","type":"product","link":"https:\/\/www.amin-sheikho.com\/fr\/product\/education-islamique-de-la-jeunesse%e2%80%8b-niveau-3\/","title":{"rendered":"Faits de Psychologie et de Sociologie"},"content":{"rendered":"<p style=\"text-align: justify;\">Le Saint Coran qui contient toute la v\u00e9rit\u00e9 sous sa forme la plus parfaite et la plus compl\u00e8te.<br \/>\nSon \u00e9tude et l\u2019application de ce qu\u2019il recommande illumine l\u2019homme et le rapproche de la perfection. Bien plus, en \u00e9tudiant le Coran, l\u2019homme acquiert le discernement et comprend sa raison d\u2019\u00eatre dans le monde d\u2019ici bas. Il appr\u00e9hende mieux la grande sagesse que recouvre l\u2019univers. Il comprend \u00e0 la lecture du Coran que ce monde est une \u00e9cole o\u00f9 l\u2019on s\u2019exerce pour r\u00e9ussir et s\u2019\u00e9lever vers Dieu, l\u2019Excellent Architecte. L\u2019homme est invit\u00e9 dans le Coran \u00e0 d\u00e9ployer des efforts pour faire du bien, \u00e0 mette son temps au service du bien dans l\u2019espoir d\u2019avoir une grande r\u00e9compense aupr\u00e8s de Dieu. Le Coran exige \u00e0 l\u2019homme une intelligence active afin d\u2019avoir une foi illumin\u00e9e et parfaite.<br \/>\nDans cet ouvrage intitul\u00e9 Les r\u00e9alit\u00e9s de la psychologie sociale, une science tir\u00e9e du coran qui \u00e9tudie l\u2019individu dans son environnement sociale, le lecteur prendra connaissance des recherches men\u00e9es par l\u2019\u00e9rudit Mohammad Amin Sheikho (1890-1964).<\/p>\n","protected":false},"excerpt":{"rendered":"<h3 style=\"text-align: justify;\"><strong>(Nouveau Programme P\u00e9dagogique)<\/strong><\/h3>\n<p style=\"text-align: justify;\">&#8211; Le Grand Erudit et Humaniste Mohammad Amin Sheikho (Qu\u2019Allah sanctifie son \u00e2me)<\/p>\n<p style=\"text-align: justify;\">&#8211; Edition revue et corrig\u00e9e par le Prof. Abdoul-kh\u00e2dir Yahya dit al-Dyrani, Chercheur et penseur islamique<\/p>\n<p style=\"text-align: justify;\">[divider style=\"solid\" top=\"20\" bottom=\"20\"]<\/p>\n<p style=\"text-align: justify;\">[box type=\"download\" align=\"aligncenter\" class=\"\" width=\"\"]<\/p>\n<p style=\"text-align: justify;\">Cet achat contient les fichiers: formats PDF, ePUB et Mobi.<\/p>\n<p style=\"text-align: justify;\">[\/box]<\/p>\n","protected":false},"featured_media":3865,"template":"","meta":[],"product_brand":[],"product_cat":[19],"product_tag":[],"class_list":{"0":"post-3680","1":"product","2":"type-product","3":"status-publish","4":"has-post-thumbnail","6":"product_cat-ebooks","8":"first","9":"instock","10":"downloadable","11":"virtual","12":"sold-individually","13":"taxable","14":"purchasable","15":"product-type-simple"},"jetpack_sharing_enabled":true,"_links":{"self":[{"href":"https:\/\/www.amin-sheikho.com\/fr\/wp-json\/wp\/v2\/product\/3680","targetHints":{"allow":["GET"]}}],"collection":[{"href":"https:\/\/www.amin-sheikho.com\/fr\/wp-json\/wp\/v2\/product"}],"about":[{"href":"https:\/\/www.amin-sheikho.com\/fr\/wp-json\/wp\/v2\/types\/product"}],"wp:featuredmedia":[{"embeddable":true,"href":"https:\/\/www.amin-sheikho.com\/fr\/wp-json\/wp\/v2\/media\/3865"}],"wp:attachment":[{"href":"https:\/\/www.amin-sheikho.com\/fr\/wp-json\/wp\/v2\/media?parent=3680"}],"wp:term":[{"taxonomy":"product_brand","embeddable":true,"href":"https:\/\/www.amin-sheikho.com\/fr\/wp-json\/wp\/v2\/product_brand?post=3680"},{"taxonomy":"product_cat","embeddable":true,"href":"https:\/\/www.amin-sheikho.com\/fr\/wp-json\/wp\/v2\/product_cat?post=3680"},{"taxonomy":"product_tag","embeddable":true,"href":"https:\/\/www.amin-sheikho.com\/fr\/wp-json\/wp\/v2\/product_tag?post=3680"}],"curies":[{"name":"wp","href":"https:\/\/api.w.org\/{rel}","templated":true}]}}