{"id":3676,"date":"2021-04-29T07:28:04","date_gmt":"2021-04-29T04:28:04","guid":{"rendered":"https:\/\/www.amin-sheikho.com\/fr\/?post_type=product&#038;p=3676"},"modified":"2025-04-17T17:12:06","modified_gmt":"2025-04-17T14:12:06","slug":"education-islamique-de-la-jeunesse%e2%80%8b-niveau-2","status":"publish","type":"product","link":"https:\/\/www.amin-sheikho.com\/fr\/product\/education-islamique-de-la-jeunesse%e2%80%8b-niveau-2\/","title":{"rendered":"\u00c9ducation islamique pour la jeunesse &#8211; Niveau 2"},"content":{"rendered":"<p style=\"text-align: justify;\">L&rsquo;\u00e9tudiant intelligent dit:<br \/>\nJe dois m\u2019\u00e9loigner des jeux superflus, je dois m\u2019emp\u00eacher de sombrer dans les plaisirs de la vie mondaine pour me pr\u00e9occuper du bien et du convenable qui sont le seul moyen par lequel on s\u2019approche d\u2019Allah, Exalt\u00e9 soit-Il.<br \/>\nJe dois concentrer mon regard sur les signes qu\u2019Allah a plac\u00e9s en moi et dans cet univers pour mieux valoriser la faveur qu\u2019Il m\u2019a accord\u00e9e et l\u2019attention globale et immense dont Il m\u2019entoure depuis le temps o\u00f9 je n\u2019\u00e9tais alors qu\u2019un f\u0153tus jusqu\u2019\u00e0 mon \u00e2ge adulte. Je dois me rappeler des \u00e9tapes que j\u2019ai travers\u00e9es depuis ma cr\u00e9ation, de L\u2019assistance et de la compassion permanentes dont j\u2019ai b\u00e9n\u00e9fici\u00e9.<\/p>\n","protected":false},"excerpt":{"rendered":"<h3 style=\"text-align: justify;\"><strong>(Un stade pr\u00e9paratoire pour les gar\u00e7ons)<\/strong><\/h3>\n<p style=\"text-align: justify;\">&#8211; Le Grand Erudit et Humaniste Mohammad Amin Sheikho (Qu\u2019Allah sanctifie son \u00e2me)<\/p>\n<p style=\"text-align: justify;\">&#8211; Edition revue et corrig\u00e9e par le Prof.\u00a0 Abdoul-kh\u00e2dir Yahya Al-Dyrani, Chercheur et penseur islamique<\/p>\n<p style=\"text-align: justify;\">[divider style=\"solid\" top=\"20\" bottom=\"20\"]<\/p>\n<p style=\"text-align: justify;\">[box type=\"download\" align=\"aligncenter\" class=\"\" width=\"\"]<\/p>\n<p style=\"text-align: justify;\">Cet achat contient les fichiers: formats PDF, ePUB et Mobi.<\/p>\n<p style=\"text-align: justify;\">[\/box]<\/p>\n","protected":false},"featured_media":4249,"template":"","meta":[],"product_brand":[],"product_cat":[19],"product_tag":[],"class_list":{"0":"post-3676","1":"product","2":"type-product","3":"status-publish","4":"has-post-thumbnail","6":"product_cat-ebooks","8":"first","9":"instock","10":"downloadable","11":"virtual","12":"sold-individually","13":"taxable","14":"purchasable","15":"product-type-simple"},"jetpack_sharing_enabled":true,"_links":{"self":[{"href":"https:\/\/www.amin-sheikho.com\/fr\/wp-json\/wp\/v2\/product\/3676","targetHints":{"allow":["GET"]}}],"collection":[{"href":"https:\/\/www.amin-sheikho.com\/fr\/wp-json\/wp\/v2\/product"}],"about":[{"href":"https:\/\/www.amin-sheikho.com\/fr\/wp-json\/wp\/v2\/types\/product"}],"wp:featuredmedia":[{"embeddable":true,"href":"https:\/\/www.amin-sheikho.com\/fr\/wp-json\/wp\/v2\/media\/4249"}],"wp:attachment":[{"href":"https:\/\/www.amin-sheikho.com\/fr\/wp-json\/wp\/v2\/media?parent=3676"}],"wp:term":[{"taxonomy":"product_brand","embeddable":true,"href":"https:\/\/www.amin-sheikho.com\/fr\/wp-json\/wp\/v2\/product_brand?post=3676"},{"taxonomy":"product_cat","embeddable":true,"href":"https:\/\/www.amin-sheikho.com\/fr\/wp-json\/wp\/v2\/product_cat?post=3676"},{"taxonomy":"product_tag","embeddable":true,"href":"https:\/\/www.amin-sheikho.com\/fr\/wp-json\/wp\/v2\/product_tag?post=3676"}],"curies":[{"name":"wp","href":"https:\/\/api.w.org\/{rel}","templated":true}]}}