{"id":366,"date":"2017-08-17T21:38:43","date_gmt":"2017-08-17T18:38:43","guid":{"rendered":"http:\/\/www.amin-sheikho.com\/fr\/fr\/?post_type=product&#038;p=366"},"modified":"2021-06-13T10:08:28","modified_gmt":"2021-06-13T07:08:28","slug":"les-miracles-de-la-medecine-prophetique%e2%80%8b-version-dandroid","status":"publish","type":"product","link":"https:\/\/www.amin-sheikho.com\/fr\/product\/les-miracles-de-la-medecine-prophetique%e2%80%8b-version-dandroid\/","title":{"rendered":"Les Miracles De La Medecine Prophetique\u200b (Version d&rsquo;Android)"},"content":{"rendered":"<!-- WP-Appbox (Version: 4.5.12 \/\/ Store: googleplay \/\/ ID: com.aminsheikho.wasayafr) -->\n<div class=\"wpappbox wpappbox-e4c39ee28806aad6492df48930a86c59 googleplay colorful simple\">\n\t<div class=\"qrcode\"><img decoding=\"async\" src=\"https:\/\/api.qrserver.com\/v1\/create-qr-code\/?data=https%3A%2F%2Fplay.google.com%2Fstore%2Fapps%2Fdetails%3Fid%3Dcom.aminsheikho.wasayafr&size=200x200&ecc=M&margin=0\" alt=\"La Medecine Prophetique\" \/><\/div>\n\t<div class=\"appicon\">\n\t\t<a target=\"_blank\" rel=\"nofollow\" href=\"https:\/\/play.google.com\/store\/apps\/details?id=com.aminsheikho.wasayafr\"><img decoding=\"async\" src=\"\/\/play-lh.googleusercontent.com\/DeKYW7C0LHSXFJnmLVXPSYr5MAibFK9X0ixI_2Lc9usBkEpCl_3VvlGkyTWOLtQu9pk=s128-h480-rw\" alt=\"La Medecine Prophetique\" \/><\/a>\n\t<\/div>\n\t<div class=\"applinks\">\n\t\t<div class=\"appbuttons\">\n\t\t\t<a target=\"_blank\" rel=\"nofollow\" href=\"https:\/\/play.google.com\/store\/apps\/details?id=com.aminsheikho.wasayafr\">T\u00e9l\u00e9charger<\/a>\n\t\t\t<span onMouseOver=\"jQuery('.wpappbox-e4c39ee28806aad6492df48930a86c59 .qrcode').show();\" onMouseOut=\"jQuery('.wpappbox-e4c39ee28806aad6492df48930a86c59 .qrcode').hide();\">QR-Code<\/span>\n\t\t<\/div>\n\t<\/div>\n\t<div class=\"appdetails\">\n\t\t<div class=\"apptitle\"><a target=\"_blank\" rel=\"nofollow\" href=\"https:\/\/play.google.com\/store\/apps\/details?id=com.aminsheikho.wasayafr\" title=\"La Medecine Prophetique\" class=\"apptitle\">La Medecine Prophetique<\/a><\/div>\n\t\t<div class=\"developer\">\n\t\t\t<span class=\"label\">D\u00e9veloppeur: <\/span>\n\t\t\t<span class=\"value\"><a target=\"_blank\" rel=\"nofollow\" href=\"https:\/\/play.google.com\/store\/apps\/dev?id=5603811226014914643\"><span>Amin-sheikho.com<\/span><\/a><\/span>\n\t\t<\/div>\n\t\t<div class=\"price\">\n\t\t\t<span class=\"label\">Prix: <\/span>\n\t\t\t<span class=\"value\">Gratuit<\/span> \n\t\t\t<span class=\"rating\"><div title=\"5 sur 5 \u00e9toiles\" class=\"rating-stars stars-monochrome stars50\"><\/div><\/span>\n\t\t<\/div>\n\t<\/div>\n<\/div><!-- \/WP-Appbox -->\n\n\t\t<div class=\"clearfix\"><\/div>\n\t\t<hr style=\"margin-top:20px; margin-bottom:20px;\" class=\"divider divider-solid\">\n\t\n<p style=\"text-align: justify;\"><em><strong>Chers lecteurs,<\/strong><\/em><\/p>\n<p style=\"text-align: justify;\">Dieu l\u2019exalt\u00e9 laisse-t-il son serviteur dans la maladie? Est \u2013ce qu\u2019il vous laisse sous l\u2019emprise des micobes,des virus et des bact\u00e9ries afin que votre quotidien soit \u00e0 la solde des maux et des douleurs? Ou tout de m\u00eame, va-t-il conforter l\u2019exclusivit\u00e9 d\u2019 usage qui fait des chercheurs les seuls \u00e0 d\u00e9covrir les maladies et leurs m\u00e9dicaments ad\u00e9quats.<\/p>\n<p style=\"text-align: justify;\">Le Messager d\u2019Allah (PBSL) dit: (soignez- vous serviteurs d\u2019 Allah, car Allah ne fait jamais exiter une maladie sansfair exister parall\u00e9lement son traitement \u00bb.<\/p>\n<p style=\"text-align: justify;\">Les rem\u00e8des mentionn\u00e9s dans ce livret sont tir\u00e9s du livre d\u2019Allah et de la sounnah de son Messager.<\/p>\n<p style=\"text-align: justify;\">Les r\u00e9sultats incontestables de ces rem\u00e8des ont combl\u00e9 les attentes de tout le monde, m\u00eame celles des particiens les plus t\u00e9m\u00e9raires de la m\u00e9decine moderne.<\/p>\n<p style=\"text-align: justify;\">Qu\u2019il est immense et grand ce messager de Dieu qui nous a apport\u00e9 la m\u00e9decine spirituelle et celle du corp.<\/p>\n","protected":false},"excerpt":{"rendered":"<h3 style=\"text-align: justify;\"><strong>La Sounnah Du Noble Prophete (Pbsl)<\/strong><\/h3>\n[divider style=\"normal\" top=\"20\" bottom=\"20\"]\n<p style=\"text-align: justify;\">&#8211; Le Grand Erudit et Humaniste Mohammad Amin Sheikho (Qu\u2019Allah sanctifie son \u00e2me)<\/p>\n<p style=\"text-align: justify;\">&#8211; Edition revue et corrig\u00e9e par le Prof. Abdoul-kh\u00e2dir Yahya dit al-Dyrani, Chercheur et penseur islamique<\/p>\n<p style=\"text-align: justify;\">[divider style=\"solid\" top=\"20\" bottom=\"20\"]<\/p>\n","protected":false},"featured_media":369,"template":"","meta":[],"product_brand":[],"product_cat":[29],"product_tag":[],"class_list":{"0":"post-366","1":"product","2":"type-product","3":"status-publish","4":"has-post-thumbnail","6":"product_cat-app","8":"first","9":"instock","10":"taxable","11":"shipping-taxable","12":"product-type-external"},"jetpack_sharing_enabled":true,"_links":{"self":[{"href":"https:\/\/www.amin-sheikho.com\/fr\/wp-json\/wp\/v2\/product\/366","targetHints":{"allow":["GET"]}}],"collection":[{"href":"https:\/\/www.amin-sheikho.com\/fr\/wp-json\/wp\/v2\/product"}],"about":[{"href":"https:\/\/www.amin-sheikho.com\/fr\/wp-json\/wp\/v2\/types\/product"}],"wp:featuredmedia":[{"embeddable":true,"href":"https:\/\/www.amin-sheikho.com\/fr\/wp-json\/wp\/v2\/media\/369"}],"wp:attachment":[{"href":"https:\/\/www.amin-sheikho.com\/fr\/wp-json\/wp\/v2\/media?parent=366"}],"wp:term":[{"taxonomy":"product_brand","embeddable":true,"href":"https:\/\/www.amin-sheikho.com\/fr\/wp-json\/wp\/v2\/product_brand?post=366"},{"taxonomy":"product_cat","embeddable":true,"href":"https:\/\/www.amin-sheikho.com\/fr\/wp-json\/wp\/v2\/product_cat?post=366"},{"taxonomy":"product_tag","embeddable":true,"href":"https:\/\/www.amin-sheikho.com\/fr\/wp-json\/wp\/v2\/product_tag?post=366"}],"curies":[{"name":"wp","href":"https:\/\/api.w.org\/{rel}","templated":true}]}}