{"id":364,"date":"2017-08-17T21:38:15","date_gmt":"2017-08-17T18:38:15","guid":{"rendered":"http:\/\/www.amin-sheikho.com\/fr\/fr\/?post_type=product&#038;p=364"},"modified":"2021-06-13T10:11:54","modified_gmt":"2021-06-13T07:11:54","slug":"les-sept-cieux-et-six-jours-version-dandroid","status":"publish","type":"product","link":"https:\/\/www.amin-sheikho.com\/fr\/product\/les-sept-cieux-et-six-jours-version-dandroid\/","title":{"rendered":"Les sept cieux et six jours (Version d&rsquo;Android)"},"content":{"rendered":"<!-- WP-Appbox (Version: 4.5.12 \/\/ Store: googleplay \/\/ ID: com.aminsheikho.samawarfr) -->\n<div class=\"wpappbox wpappbox-25f9a674503a91e6052c3433b0a0991e googleplay colorful simple\">\n\t<div class=\"qrcode\"><img decoding=\"async\" src=\"https:\/\/api.qrserver.com\/v1\/create-qr-code\/?data=https%3A%2F%2Fplay.google.com%2Fstore%2Fapps%2Fdetails%3Fid%3Dcom.aminsheikho.samawarfr&size=200x200&ecc=M&margin=0\" alt=\"Les sept cieux et six jours\" \/><\/div>\n\t<div class=\"appicon\">\n\t\t<a target=\"_blank\" rel=\"nofollow\" href=\"https:\/\/play.google.com\/store\/apps\/details?id=com.aminsheikho.samawarfr\"><img decoding=\"async\" src=\"\/\/play-lh.googleusercontent.com\/ZbNbe7tSJjBI5SunwldrkIzlFZySszC8O2iYPZ162GGBMjkUnLRNwkuQsyxzH2JAyiS1=s128-h480\" alt=\"Les sept cieux et six jours\" \/><\/a>\n\t<\/div>\n\t<div class=\"applinks\">\n\t\t<div class=\"appbuttons\">\n\t\t\t<a target=\"_blank\" rel=\"nofollow\" href=\"https:\/\/play.google.com\/store\/apps\/details?id=com.aminsheikho.samawarfr\">T\u00e9l\u00e9charger<\/a>\n\t\t\t<span onMouseOver=\"jQuery('.wpappbox-25f9a674503a91e6052c3433b0a0991e .qrcode').show();\" onMouseOut=\"jQuery('.wpappbox-25f9a674503a91e6052c3433b0a0991e .qrcode').hide();\">QR-Code<\/span>\n\t\t<\/div>\n\t<\/div>\n\t<div class=\"appdetails\">\n\t\t<div class=\"apptitle\"><a target=\"_blank\" rel=\"nofollow\" href=\"https:\/\/play.google.com\/store\/apps\/details?id=com.aminsheikho.samawarfr\" title=\"Les sept cieux et six jours\" class=\"apptitle\">Les sept cieux et six jours<\/a><\/div>\n\t\t<div class=\"developer\">\n\t\t\t<span class=\"label\">D\u00e9veloppeur: <\/span>\n\t\t\t<span class=\"value\"><a target=\"_blank\" rel=\"nofollow\" href=\"https:\/\/play.google.com\/store\/apps\/dev?id=5603811226014914643\"><span>Amin-sheikho.com<\/span><\/a><\/span>\n\t\t<\/div>\n\t\t<div class=\"price\">\n\t\t\t<span class=\"label\">Prix: <\/span>\n\t\t\t<span class=\"value\">Gratuit<\/span> \n\t\t\t<span class=\"rating\"><div title=\"5 sur 5 \u00e9toiles\" class=\"rating-stars stars-monochrome stars50\"><\/div><\/span>\n\t\t<\/div>\n\t<\/div>\n<\/div><!-- \/WP-Appbox -->\n\n\t\t<div class=\"clearfix\"><\/div>\n\t\t<hr style=\"margin-top:20px; margin-bottom:20px;\" class=\"divider divider-solid\">\n\t\n<p style=\"text-align: justify;\">\u00abvotre seigneur, c\u2019est Dieu, Celui qui cr\u00e9a les cieux et la terre en six jours&#8230;\u00bb (5.7 :54) Que de nobles versets r\u00e9v\u00e9l\u00e9s dans les livres c\u00e9lestes et dont seuls les gens de la v\u00e9rit\u00e9 et de la guidance ont app\u00e9hend\u00e9 leurs sens immenses et glorieux et se sont prostern\u00e9s devant le R\u00e9v\u00e9lateur de ces versets, Cr\u00e9ateur et organisateur de l\u2019univers.<\/p>\n<p style=\"text-align: justify;\">Certains ex\u00e9g\u00e8tes et commentateurs se sont \u00e9tendus dans leurs commentaires en diffusant dans leurs nombreux livres religieux qu\u2019il s\u2019agirait des jours de la semaine, d\u2019o\u00f9 la source de grand nombre des pr\u00e9dicateurs; cette pens\u00e9e est tout \u00e0 fait contraire \u00e0 la v\u00e9rit\u00e9 scientifique et \u00e0 la logique linguistique.<\/p>\n<p style=\"text-align: justify;\">Comment pourrait-il \u00eatre possible qu\u2019ils s\u2019agissent des jours de la semaine qui sont de sept; alors que le verset parle de six jours et non de sept!?<\/p>\n<p style=\"text-align: justify;\">Ainsi ils ont voulu rappeler ce qui se passa au septi\u00e8me jour et se sont perdus dans des verbiages inacceptables au sujet de Dieu, Exalt\u00e9 soit-ll.<\/p>\n<p style=\"text-align: justify;\">Et maintenant que le temps a \u00e9volu\u00e9 et la science avec,l\u2019islam revient a sa source \u00e0 travers la lecture scientifique des textes coraiques longtemps enseign\u00e9s par les musulmans des premi\u00e8res g\u00e9n\u00e9rations; c\u2019est donc cet essai de compr\u00e9hension que l\u2019Emient Humaniste Cheikh Mohammad Amin Sheikho met \u00e0 la dispositon de l\u2019humanit\u00e9.<\/p>\n","protected":false},"excerpt":{"rendered":"<p style=\"text-align: justify;\">&#8211; Le Grand Erudit et Humaniste Mohammad Amin Sheikho (Qu\u2019Allah sanctifie son \u00e2me)<\/p>\n<p style=\"text-align: justify;\">&#8211; Edition revue et corrig\u00e9e par le Prof. Abdoul-kh\u00e2dir Yahya dit al-Dyrani, Chercheur et penseur islamique<\/p>\n<p style=\"text-align: justify;\">[divider style=\"solid\" top=\"20\" bottom=\"20\"]<\/p>\n","protected":false},"featured_media":367,"template":"","meta":[],"product_brand":[],"product_cat":[29],"product_tag":[],"class_list":{"0":"post-364","1":"product","2":"type-product","3":"status-publish","4":"has-post-thumbnail","6":"product_cat-app","8":"first","9":"instock","10":"taxable","11":"shipping-taxable","12":"product-type-external"},"jetpack_sharing_enabled":true,"_links":{"self":[{"href":"https:\/\/www.amin-sheikho.com\/fr\/wp-json\/wp\/v2\/product\/364","targetHints":{"allow":["GET"]}}],"collection":[{"href":"https:\/\/www.amin-sheikho.com\/fr\/wp-json\/wp\/v2\/product"}],"about":[{"href":"https:\/\/www.amin-sheikho.com\/fr\/wp-json\/wp\/v2\/types\/product"}],"wp:featuredmedia":[{"embeddable":true,"href":"https:\/\/www.amin-sheikho.com\/fr\/wp-json\/wp\/v2\/media\/367"}],"wp:attachment":[{"href":"https:\/\/www.amin-sheikho.com\/fr\/wp-json\/wp\/v2\/media?parent=364"}],"wp:term":[{"taxonomy":"product_brand","embeddable":true,"href":"https:\/\/www.amin-sheikho.com\/fr\/wp-json\/wp\/v2\/product_brand?post=364"},{"taxonomy":"product_cat","embeddable":true,"href":"https:\/\/www.amin-sheikho.com\/fr\/wp-json\/wp\/v2\/product_cat?post=364"},{"taxonomy":"product_tag","embeddable":true,"href":"https:\/\/www.amin-sheikho.com\/fr\/wp-json\/wp\/v2\/product_tag?post=364"}],"curies":[{"name":"wp","href":"https:\/\/api.w.org\/{rel}","templated":true}]}}