{"id":359,"date":"2017-08-17T21:14:18","date_gmt":"2017-08-17T18:14:18","guid":{"rendered":"http:\/\/www.amin-sheikho.com\/fr\/fr\/?post_type=product&#038;p=359"},"modified":"2021-06-13T10:10:43","modified_gmt":"2021-06-13T07:10:43","slug":"pourquoi-la-polygamie-et-le-divorce-en-islam-version-dandroid","status":"publish","type":"product","link":"https:\/\/www.amin-sheikho.com\/fr\/product\/pourquoi-la-polygamie-et-le-divorce-en-islam-version-dandroid\/","title":{"rendered":"La Polygamie et le Divorce (Version d&rsquo;Android)"},"content":{"rendered":"<!-- WP-Appbox (Version: 4.5.12 \/\/ Store: googleplay \/\/ ID: zawjat2015.fr) -->\n<div class=\"wpappbox wpappbox-b87d8001c6d104768b0d7286eedeabae googleplay colorful simple\">\n\t<div class=\"qrcode\"><img decoding=\"async\" src=\"https:\/\/api.qrserver.com\/v1\/create-qr-code\/?data=https%3A%2F%2Fplay.google.com%2Fstore%2Fapps%2Fdetails%3Fid%3Dzawjat2015.fr&size=200x200&ecc=M&margin=0\" alt=\"La Polygamie et le Divorce\" \/><\/div>\n\t<div class=\"appicon\">\n\t\t<a target=\"_blank\" rel=\"nofollow\" href=\"https:\/\/play.google.com\/store\/apps\/details?id=zawjat2015.fr\"><img decoding=\"async\" src=\"\/\/play-lh.googleusercontent.com\/s44-5enl67mYDWSdHVXFCdeA1c21eSKONCOMtScJKDgZp7pJIiBlzDagJKoJsrnRQGI=s128-h480\" alt=\"La Polygamie et le Divorce\" \/><\/a>\n\t<\/div>\n\t<div class=\"applinks\">\n\t\t<div class=\"appbuttons\">\n\t\t\t<a target=\"_blank\" rel=\"nofollow\" href=\"https:\/\/play.google.com\/store\/apps\/details?id=zawjat2015.fr\">T\u00e9l\u00e9charger<\/a>\n\t\t\t<span onMouseOver=\"jQuery('.wpappbox-b87d8001c6d104768b0d7286eedeabae .qrcode').show();\" onMouseOut=\"jQuery('.wpappbox-b87d8001c6d104768b0d7286eedeabae .qrcode').hide();\">QR-Code<\/span>\n\t\t<\/div>\n\t<\/div>\n\t<div class=\"appdetails\">\n\t\t<div class=\"apptitle\"><a target=\"_blank\" rel=\"nofollow\" href=\"https:\/\/play.google.com\/store\/apps\/details?id=zawjat2015.fr\" title=\"La Polygamie et le Divorce\" class=\"apptitle\">La Polygamie et le Divorce<\/a><\/div>\n\t\t<div class=\"developer\">\n\t\t\t<span class=\"label\">D\u00e9veloppeur: <\/span>\n\t\t\t<span class=\"value\"><a target=\"_blank\" rel=\"nofollow\" href=\"https:\/\/play.google.com\/store\/apps\/dev?id=5603811226014914643\"><span>Amin-sheikho.com<\/span><\/a><\/span>\n\t\t<\/div>\n\t\t<div class=\"price\">\n\t\t\t<span class=\"label\">Prix: <\/span>\n\t\t\t<span class=\"value\">Gratuit<\/span> \n\t\t\t<span class=\"rating\"><div title=\"5 sur 5 \u00e9toiles\" class=\"rating-stars stars-monochrome stars50\"><\/div><\/span>\n\t\t<\/div>\n\t<\/div>\n<\/div><!-- \/WP-Appbox -->\n\n\t\t<div class=\"clearfix\"><\/div>\n\t\t<hr style=\"margin-top:20px; margin-bottom:20px;\" class=\"divider divider-solid\">\n\t\n<p style=\"text-align: justify;\"><strong><em>Pourquoi la polygamie et le divorce en islam?<\/em><\/strong><\/p>\n<p style=\"text-align: justify;\">Allah nous a cr\u00e9\u00e9s homme et femme afin que nous puissions r\u00e9fl\u00e9chir sur le bonheur qui \u00e9mane de notre vie de couple sans r\u00e9flexion, il nous sera difficile de d\u00e9couvrir la saveur du bonheur et m\u00eame, nous serons plus assujettis \u00e0 nos passions et \u00e0 nos instincts.<\/p>\n<p style=\"text-align: justify;\">Nous serons par cons\u00e9quent une proie facile pour les guides \u00e9gar\u00e9s.La r\u00e9flexion (raison) est le symbole humain (on est Homme qu\u2019\u00e0 l\u2019usage de sa raison) et l\u2019Isl\u00e2m, religion divine dans toute sa puret\u00e9, appelle intens\u00e9ment \u00e0 la r\u00e9flexion et \u00e0 la m\u00e9diation.<\/p>\n<p style=\"text-align: justify;\">Celui qui suit avidement un pr\u00e9dicateur passionn\u00e9, qui n\u2019a ni lumi\u00e8re ni guidance et ne poss\u00e8de non plus un livre \u00e9clairant; en laissant sa raison se corrompre par des discours erron\u00e9s, fa\u00e7onn\u00e9s et contraires aux versets coraniques, \u00e0 la g\u00e9n\u00e9rosit\u00e9 divine et \u00e0 l\u2019humanisme. Sous influence des Ignorants, celui \u2013 ci formera une famille conflictuelle et une descendance faible, attrist\u00e9e et d\u00e9pourvue de son bonheur naturel\u2026il fixera ainsi les jalons d\u2019une soci\u00e9t\u00e9 d\u00e9munie, mis\u00e9rable et, maladive. Soci\u00e9t\u00e9 qui, sera tr\u00e8s enclin \u00e0 terrifier et \u00e9conduire les observateurs dans leur appr\u00e9hen-sion de l\u2019islam ; religion qui selon eux serait tributaire d\u2019une mentalit\u00e9 honteuse et peu recommandable.<\/p>\n<p style=\"text-align: justify;\">Nonobstant, le constat est clair\u2026 la lumi\u00e8re est apparente, la v\u00e9rit\u00e9 est mise au grand jour et la voie de la rectitude est conne par tout homme qui d\u00e9sir \u00eatre guid\u00e9 et veut le bonheur. Il n\u2019y a plus d\u2019argument \u00e0 prendre de l\u2019orient ou de l\u2019occident apr\u00e8s que la g\u00e9n\u00e9rosit\u00e9 et la sagesse di-vines aient \u00e9claire les concepts de polygamie et de divorce telle que expliqu\u00e9s par l\u2019\u00e9rudit humaniste Mohammad Amin Sheikho dans son livre intitul\u00e9:\u00abPourquoi la polygamie et le divorce en islam\u00bb<\/p>\n","protected":false},"excerpt":{"rendered":"<h3 style=\"text-align: justify;\"><strong>Une r\u00e9flexion sous forme de dialogue entre un orientaliste et un \u00e9rudit.<\/strong><\/h3>\n<p style=\"text-align: justify;\">[divider style=\"normal\" top=\"20\" bottom=\"20\"]<\/p>\n<p style=\"text-align: justify;\">&#8211; Le Grand Erudit et Humaniste Mohammad Amin Sheikho (Qu\u2019Allah sanctifie son \u00e2me)<\/p>\n<p style=\"text-align: justify;\">&#8211; Edition revue et corrig\u00e9e par le Prof. Abdoul-kh\u00e2dir Yahya dit al-Dyrani, Chercheur et penseur islamique<\/p>\n<p style=\"text-align: justify;\">[divider style=\"solid\" top=\"20\" bottom=\"20\"]<\/p>\n","protected":false},"featured_media":360,"template":"","meta":[],"product_brand":[],"product_cat":[29],"product_tag":[],"class_list":{"0":"post-359","1":"product","2":"type-product","3":"status-publish","4":"has-post-thumbnail","6":"product_cat-app","8":"first","9":"instock","10":"taxable","11":"shipping-taxable","12":"product-type-external"},"jetpack_sharing_enabled":true,"_links":{"self":[{"href":"https:\/\/www.amin-sheikho.com\/fr\/wp-json\/wp\/v2\/product\/359","targetHints":{"allow":["GET"]}}],"collection":[{"href":"https:\/\/www.amin-sheikho.com\/fr\/wp-json\/wp\/v2\/product"}],"about":[{"href":"https:\/\/www.amin-sheikho.com\/fr\/wp-json\/wp\/v2\/types\/product"}],"wp:featuredmedia":[{"embeddable":true,"href":"https:\/\/www.amin-sheikho.com\/fr\/wp-json\/wp\/v2\/media\/360"}],"wp:attachment":[{"href":"https:\/\/www.amin-sheikho.com\/fr\/wp-json\/wp\/v2\/media?parent=359"}],"wp:term":[{"taxonomy":"product_brand","embeddable":true,"href":"https:\/\/www.amin-sheikho.com\/fr\/wp-json\/wp\/v2\/product_brand?post=359"},{"taxonomy":"product_cat","embeddable":true,"href":"https:\/\/www.amin-sheikho.com\/fr\/wp-json\/wp\/v2\/product_cat?post=359"},{"taxonomy":"product_tag","embeddable":true,"href":"https:\/\/www.amin-sheikho.com\/fr\/wp-json\/wp\/v2\/product_tag?post=359"}],"curies":[{"name":"wp","href":"https:\/\/api.w.org\/{rel}","templated":true}]}}