{"id":346,"date":"2017-08-16T21:26:14","date_gmt":"2017-08-16T18:26:14","guid":{"rendered":"http:\/\/www.amin-sheikho.com\/fr\/fr\/?post_type=product&#038;p=346"},"modified":"2021-06-13T10:16:55","modified_gmt":"2021-06-13T07:16:55","slug":"education-islamique-pour-les-jeunes-enfants","status":"publish","type":"product","link":"https:\/\/www.amin-sheikho.com\/fr\/product\/education-islamique-pour-les-jeunes-enfants\/","title":{"rendered":"\u00c9ducation Islamique Pour les Jeunes Enfants"},"content":{"rendered":"<h3 style=\"text-align: justify;\"><strong>Contents<\/strong><\/h3>\n<ul>\n<li style=\"text-align: justify;\">Interpr\u00e9tation et m\u00e9morisation de la sourate an-N\u00e2s (Les hommes).<\/li>\n<li style=\"text-align: justify;\">Interpr\u00e9tation et m\u00e9morisation de la noble sourate al-Falaq (l\u2019aube naissante).<\/li>\n<li style=\"text-align: justify;\">Interpr\u00e9tation et m\u00e9morisation de la sourate al-Ikhl\u00e2s (le monoth\u00e9isme pur).<\/li>\n<li style=\"text-align: justify;\">Le gar\u00e7on courageux et la f\u00e9e (Histoire vraie).<\/li>\n<li style=\"text-align: justify;\">Interpr\u00e9tation et m\u00e9morisation de la noble sourate al-Massad (les fibres).<\/li>\n<li style=\"text-align: justify;\">Interpr\u00e9tation et m\u00e9morisation de la noble sourate an-Nasr (le secours).<\/li>\n<li style=\"text-align: justify;\">Interpr\u00e9tation et m\u00e9morisation de la noble sourate al-K\u00e2firoun (les infid\u00e8les).<\/li>\n<li style=\"text-align: justify;\">Punition du vendeur de l\u00e9gumes verts (histoire vraie).<\/li>\n<li style=\"text-align: justify;\">M\u00e9morisation et interpr\u00e9tation de la noble sourate al-Kawtha (l\u2019abondance).<\/li>\n<li style=\"text-align: justify;\">Interpr\u00e9tation et m\u00e9morisation de la noble sourate al-M\u00e2`oun (l\u2019Ustensile).<\/li>\n<li style=\"text-align: justify;\">Interpr\u00e9tation et m\u00e9morisation de la sourate al-Quraych (Les Qora\u00efch).<\/li>\n<li style=\"text-align: justify;\">Interpr\u00e9tation et m\u00e9morisation de la noble sourate al-F\u00eel l\u2019\u00c9l\u00e9phant).<\/li>\n<\/ul>\n","protected":false},"excerpt":{"rendered":"<h3 style=\"text-align: justify;\"><strong>(Un stade pr\u00e9paratoire pour les gar\u00e7ons)<\/strong><\/h3>\n<p style=\"text-align: justify;\">&#8211; Le Grand Erudit et Humaniste Mohammad Amin Sheikho (Qu\u2019Allah sanctifie son \u00e2me)<\/p>\n<p style=\"text-align: justify;\">&#8211; Edition revue et corrig\u00e9e par le Prof. Abdoul-kh\u00e2dir Yahya dit al-Dyrani, Chercheur et penseur islamique<\/p>\n<p style=\"text-align: justify;\">[divider style=\"solid\" top=\"20\" bottom=\"20\"]<\/p>\n<p style=\"text-align: justify;\">[box type=\"download\" align=\"aligncenter\" class=\"\" width=\"\"]<\/p>\n<p style=\"text-align: justify;\">Cet achat contient les fichiers: formats PDF, ePUB, Mobi et Flash.<\/p>\n<p style=\"text-align: justify;\">[\/box]<\/p>\n","protected":false},"featured_media":347,"template":"","meta":[],"product_brand":[],"product_cat":[19],"product_tag":[],"class_list":{"0":"post-346","1":"product","2":"type-product","3":"status-publish","4":"has-post-thumbnail","6":"product_cat-ebooks","8":"first","9":"instock","10":"downloadable","11":"virtual","12":"sold-individually","13":"taxable","14":"purchasable","15":"product-type-simple"},"jetpack_sharing_enabled":true,"_links":{"self":[{"href":"https:\/\/www.amin-sheikho.com\/fr\/wp-json\/wp\/v2\/product\/346","targetHints":{"allow":["GET"]}}],"collection":[{"href":"https:\/\/www.amin-sheikho.com\/fr\/wp-json\/wp\/v2\/product"}],"about":[{"href":"https:\/\/www.amin-sheikho.com\/fr\/wp-json\/wp\/v2\/types\/product"}],"wp:featuredmedia":[{"embeddable":true,"href":"https:\/\/www.amin-sheikho.com\/fr\/wp-json\/wp\/v2\/media\/347"}],"wp:attachment":[{"href":"https:\/\/www.amin-sheikho.com\/fr\/wp-json\/wp\/v2\/media?parent=346"}],"wp:term":[{"taxonomy":"product_brand","embeddable":true,"href":"https:\/\/www.amin-sheikho.com\/fr\/wp-json\/wp\/v2\/product_brand?post=346"},{"taxonomy":"product_cat","embeddable":true,"href":"https:\/\/www.amin-sheikho.com\/fr\/wp-json\/wp\/v2\/product_cat?post=346"},{"taxonomy":"product_tag","embeddable":true,"href":"https:\/\/www.amin-sheikho.com\/fr\/wp-json\/wp\/v2\/product_tag?post=346"}],"curies":[{"name":"wp","href":"https:\/\/api.w.org\/{rel}","templated":true}]}}