{"id":335,"date":"2017-08-16T16:59:49","date_gmt":"2017-08-16T13:59:49","guid":{"rendered":"http:\/\/www.amin-sheikho.com\/fr\/fr\/?post_type=product&#038;p=335"},"modified":"2023-02-09T10:57:32","modified_gmt":"2023-02-09T07:57:32","slug":"la-visite-du-prophete-mohammad-pbsl","status":"publish","type":"product","link":"https:\/\/www.amin-sheikho.com\/fr\/product\/la-visite-du-prophete-mohammad-pbsl\/","title":{"rendered":"La visite du proph\u00e8te Mohammad (Pbsl)"},"content":{"rendered":"<p style=\"text-align: justify;\">La visite du proph\u00e8te Mohammad (Pbsl) et les faits mystiques que produit l&rsquo;amour de celui-ci sur l&rsquo;\u00e9l\u00e9vation spirituelle du croyant.<\/p>\n<p style=\"text-align: justify;\">Effet du mod\u00e8le dans la conduite de l&rsquo;homme. Chaque fois qu&rsquo;une occasion se pr\u00e9sente, qu&rsquo;une opportunit\u00e9 m\u2019est offerte, je la saisis pour parler du rapport qui existe entre l&rsquo;esprit du fid\u00e8le et celui du Proph\u00e8te (Pbsl). J\u2019affirme sans cesse la n\u00e9cessit\u00e9 d\u2019aimer le Proph\u00e8te, et de s\u2019accrocher spirituellement \u00e0 lui, de sorte \u00e0 faire de cet amour une exigence absolue.<\/p>\n<p style=\"text-align: justify;\">Existe-t-il un verset du Noble Coran ou un hadith proph\u00e9tique r\u00e9gissant la n\u00e9cessit\u00e9 de cet amour? O\u00f9 alors, cela rel\u00e8verait-t-il d&rsquo;une inspiration? Les gens aujourd\u2019hui abordent rarement ce sujet, \u00e0 tel enseigne qu&rsquo;ils affichent beaucoup d\u2019\u00e9tonnement face aux discours relatifs \u00e0 l\u2019amour pour le Proph\u00e8te (Pbsl). Or l\u2019\u00e9tat de d\u00e9ch\u00e9ance actuelle de l\u2019homme est d\u00fb en grande partie \u00e0 son \u00e9loignement de la voie trac\u00e9e par le Proph\u00e8te (Pbsl), au manque d\u2019amour et de r\u00e9v\u00e9rence \u00e0 son \u00e9gard.<\/p>\n<p style=\"text-align: justify;\">C\u2019est en prenant ses distances par rapport \u00e0 la vertu et au d\u00e9sir de perfection, c\u2019est en s\u2019\u00e9loignant du Messager, Mohammad (Pbsl) que l\u2019homme s\u2019est pr\u00e9cipit\u00e9 dans un abime marqu\u00e9 par la perversion, la d\u00e9pravation des m\u0153urs et le d\u00e9clin de la foi. L\u2019homme qui n\u2019a pas de rep\u00e8re est expos\u00e9 \u00e0 la perdition.<\/p>\n<p style=\"text-align: justify;\">L\u2019absence du mod\u00e8le \u00e0 suivre conduit l&rsquo;homme ipso facto \u00e0 cette chute d&rsquo;apr\u00e8s certaines r\u00e8gles g\u00e9n\u00e9rales et lois de la nature in\u00e9branlables (les lois universelles), lesquelles sont d&rsquo;ailleurs soutenues par la psychologie et la sociologie.<\/p>\n","protected":false},"excerpt":{"rendered":"<h3><strong>Effets mystiques de l&rsquo;Amour du messager ou etre avec le proph\u00e8te<\/strong><\/h3>\n[divider style=\"normal\" top=\"20\" bottom=\"20\"]\n<p style=\"text-align: justify;\">&#8211; Le Grand Erudit et Humaniste Mohammad Amin Sheikho (Qu\u2019Allah sanctifie son \u00e2me)<\/p>\n<p style=\"text-align: justify;\">&#8211; Edition revue et corrig\u00e9e par le Prof. Abdoul-kh\u00e2dir Yahya dit al-Dyrani, Chercheur et penseur islamique<\/p>\n<p style=\"text-align: justify;\">[divider style=\"solid\" top=\"20\" bottom=\"20\"]<\/p>\n<p style=\"text-align: justify;\">[box type=\"download\" align=\"aligncenter\" class=\"\" width=\"\"]<\/p>\n<p style=\"text-align: justify;\">Cet achat contient les fichiers: formats PDF, ePUB, et Mobi.<\/p>\n<p style=\"text-align: justify;\">[\/box]<\/p>\n","protected":false},"featured_media":3918,"template":"","meta":[],"product_brand":[],"product_cat":[19],"product_tag":[],"class_list":{"0":"post-335","1":"product","2":"type-product","3":"status-publish","4":"has-post-thumbnail","6":"product_cat-ebooks","8":"first","9":"instock","10":"downloadable","11":"virtual","12":"sold-individually","13":"taxable","14":"purchasable","15":"product-type-simple"},"jetpack_sharing_enabled":true,"_links":{"self":[{"href":"https:\/\/www.amin-sheikho.com\/fr\/wp-json\/wp\/v2\/product\/335","targetHints":{"allow":["GET"]}}],"collection":[{"href":"https:\/\/www.amin-sheikho.com\/fr\/wp-json\/wp\/v2\/product"}],"about":[{"href":"https:\/\/www.amin-sheikho.com\/fr\/wp-json\/wp\/v2\/types\/product"}],"wp:featuredmedia":[{"embeddable":true,"href":"https:\/\/www.amin-sheikho.com\/fr\/wp-json\/wp\/v2\/media\/3918"}],"wp:attachment":[{"href":"https:\/\/www.amin-sheikho.com\/fr\/wp-json\/wp\/v2\/media?parent=335"}],"wp:term":[{"taxonomy":"product_brand","embeddable":true,"href":"https:\/\/www.amin-sheikho.com\/fr\/wp-json\/wp\/v2\/product_brand?post=335"},{"taxonomy":"product_cat","embeddable":true,"href":"https:\/\/www.amin-sheikho.com\/fr\/wp-json\/wp\/v2\/product_cat?post=335"},{"taxonomy":"product_tag","embeddable":true,"href":"https:\/\/www.amin-sheikho.com\/fr\/wp-json\/wp\/v2\/product_tag?post=335"}],"curies":[{"name":"wp","href":"https:\/\/api.w.org\/{rel}","templated":true}]}}