{"id":333,"date":"2017-08-16T16:51:35","date_gmt":"2017-08-16T13:51:35","guid":{"rendered":"http:\/\/www.amin-sheikho.com\/fr\/fr\/?post_type=product&#038;p=333"},"modified":"2021-06-13T10:26:04","modified_gmt":"2021-06-13T07:26:04","slug":"la-foi%e2%80%8b","status":"publish","type":"product","link":"https:\/\/www.amin-sheikho.com\/fr\/product\/la-foi%e2%80%8b\/","title":{"rendered":"La Foi\u200b"},"content":{"rendered":"<p style=\"text-align: justify;\">Beaucoup de gens pensent que la foi en Dieu exige la lecture de plusieurs livres religieux et \u00e9galement se pencher sur leurs \u00e9tudes ou bien d&rsquo;avoir la parfaite maitrise de la langue arabe et ses r\u00e8gles.<br \/>\nCela ne fait aucun doute que ces lectures ainsi que ces \u00e9tudes aident celui qui cherche la foi mais elles ne font pas de lui un croyant (pieux).<\/p>\n<p style=\"text-align: justify;\">La foi en Dieu est obligatoire \u00e0 tout \u00catre de ce monde, et \u00e0 partir du fait qu&rsquo;elle est une obligation cela signifie que les outils qui devraient \u00eatre utilis\u00e9es par l&rsquo;Homme afin qu&rsquo;il devienne v\u00e9ritablement croyant en Dieu sont indispensables et disponibles entre ses mains de mani\u00e8re continue.<\/p>\n<p style=\"text-align: justify;\">Il sera regrettable, voire impossible que Dieu recommande la foi \u00e0 l&rsquo;Homme alors qu&rsquo;il s&rsquo;agirait d&rsquo;une t\u00e2che dure et difficile, ou bien que l&rsquo;acquisition de cette foi soit li\u00e9e \u00e0 une langue \u00e9trang\u00e8re ou \u00e0 une quelconque \u00e9tude.<\/p>\n<p style=\"text-align: justify;\">Tout au contraire, Dieu en recommandant la foi \u00e0 l&rsquo;Homme lui a facilit\u00e9 l&rsquo;acc\u00e8s \u00e0 celle -ci mieux qu&rsquo;il en a fait pour l&rsquo;eau potable. A condition pour l&rsquo;Homme d&rsquo;\u00eatre sinc\u00e8re. Il n&rsquo;y a pas d&rsquo;\u00eatre sur cette terre (les continents et les \u00eeles) sans que le degr\u00e9 de sa foi en Dieu et de son \u00e9l\u00e9vation vers Lui, ne lui fasse pas vivre en lui -m\u00eame la r\u00e9alit\u00e9 certaine de la beaut\u00e9, de la perfection divine et toutes les grandeurs de l&rsquo;existence de Dieu.<\/p>\n","protected":false},"excerpt":{"rendered":"<h3><strong>Que gagnes tu en bonheur apr\u00e8s la foi en Dieu\u200b.<\/strong><\/h3>\n[divider style=\"normal\" top=\"20\" bottom=\"20\"]\n<p style=\"text-align: justify;\">&#8211; Le Grand Erudit et Humaniste Mohammad Amin Sheikho (Qu\u2019Allah sanctifie son \u00e2me)<\/p>\n<p style=\"text-align: justify;\">&#8211; Edition revue et corrig\u00e9e par le Prof. Abdoul-kh\u00e2dir Yahya dit al-Dyrani, Chercheur et penseur islamique<\/p>\n<p style=\"text-align: justify;\">[divider style=\"solid\" top=\"20\" bottom=\"20\"]<\/p>\n<p style=\"text-align: justify;\">[box type=\"download\" align=\"aligncenter\" class=\"\" width=\"\"]<\/p>\n<p style=\"text-align: justify;\">Cet achat contient les fichiers: formats PDF, ePUB, Mobi et Flash.<\/p>\n<p style=\"text-align: justify;\">[\/box]<\/p>\n","protected":false},"featured_media":334,"template":"","meta":[],"product_brand":[],"product_cat":[19],"product_tag":[],"class_list":{"0":"post-333","1":"product","2":"type-product","3":"status-publish","4":"has-post-thumbnail","6":"product_cat-ebooks","8":"first","9":"instock","10":"downloadable","11":"virtual","12":"sold-individually","13":"taxable","14":"purchasable","15":"product-type-simple"},"jetpack_sharing_enabled":true,"_links":{"self":[{"href":"https:\/\/www.amin-sheikho.com\/fr\/wp-json\/wp\/v2\/product\/333","targetHints":{"allow":["GET"]}}],"collection":[{"href":"https:\/\/www.amin-sheikho.com\/fr\/wp-json\/wp\/v2\/product"}],"about":[{"href":"https:\/\/www.amin-sheikho.com\/fr\/wp-json\/wp\/v2\/types\/product"}],"wp:featuredmedia":[{"embeddable":true,"href":"https:\/\/www.amin-sheikho.com\/fr\/wp-json\/wp\/v2\/media\/334"}],"wp:attachment":[{"href":"https:\/\/www.amin-sheikho.com\/fr\/wp-json\/wp\/v2\/media?parent=333"}],"wp:term":[{"taxonomy":"product_brand","embeddable":true,"href":"https:\/\/www.amin-sheikho.com\/fr\/wp-json\/wp\/v2\/product_brand?post=333"},{"taxonomy":"product_cat","embeddable":true,"href":"https:\/\/www.amin-sheikho.com\/fr\/wp-json\/wp\/v2\/product_cat?post=333"},{"taxonomy":"product_tag","embeddable":true,"href":"https:\/\/www.amin-sheikho.com\/fr\/wp-json\/wp\/v2\/product_tag?post=333"}],"curies":[{"name":"wp","href":"https:\/\/api.w.org\/{rel}","templated":true}]}}