{"id":237,"date":"2017-07-24T10:09:47","date_gmt":"2017-07-24T07:09:47","guid":{"rendered":"http:\/\/localhost\/en\/?post_type=product&#038;p=237"},"modified":"2021-06-13T10:25:46","modified_gmt":"2021-06-13T07:25:46","slug":"the-second-coming-of-christ-android-edition","status":"publish","type":"product","link":"https:\/\/www.amin-sheikho.com\/fr\/product\/the-second-coming-of-christ-android-edition\/","title":{"rendered":"Le Messager de la Paix (Version d&rsquo;Android)"},"content":{"rendered":"<!-- WP-Appbox (Version: 4.5.12 \/\/ Store: googleplay \/\/ ID: almaseeh.fr) -->\n<div class=\"wpappbox wpappbox-401ae6fe097c754ca298a69820a852dc googleplay colorful simple\">\n\t<div class=\"qrcode\"><img decoding=\"async\" src=\"https:\/\/api.qrserver.com\/v1\/create-qr-code\/?data=https%3A%2F%2Fplay.google.com%2Fstore%2Fapps%2Fdetails%3Fid%3Dalmaseeh.fr&size=200x200&ecc=M&margin=0\" alt=\"Le Messager de la Paix\" \/><\/div>\n\t<div class=\"appicon\">\n\t\t<a target=\"_blank\" rel=\"nofollow\" href=\"https:\/\/play.google.com\/store\/apps\/details?id=almaseeh.fr\"><img decoding=\"async\" src=\"\/\/play-lh.googleusercontent.com\/_6-O-EVBRhNwMWIHqXZHJ-Zt6VsBYSqq0EoQWKecP0XCsRU-CyumTvfRMK8xyuJrXPM=s128-h480-rw\" alt=\"Le Messager de la Paix\" \/><\/a>\n\t<\/div>\n\t<div class=\"applinks\">\n\t\t<div class=\"appbuttons\">\n\t\t\t<a target=\"_blank\" rel=\"nofollow\" href=\"https:\/\/play.google.com\/store\/apps\/details?id=almaseeh.fr\">T\u00e9l\u00e9charger<\/a>\n\t\t\t<span onMouseOver=\"jQuery('.wpappbox-401ae6fe097c754ca298a69820a852dc .qrcode').show();\" onMouseOut=\"jQuery('.wpappbox-401ae6fe097c754ca298a69820a852dc .qrcode').hide();\">QR-Code<\/span>\n\t\t<\/div>\n\t<\/div>\n\t<div class=\"appdetails\">\n\t\t<div class=\"apptitle\"><a target=\"_blank\" rel=\"nofollow\" href=\"https:\/\/play.google.com\/store\/apps\/details?id=almaseeh.fr\" title=\"Le Messager de la Paix\" class=\"apptitle\">Le Messager de la Paix<\/a><\/div>\n\t\t<div class=\"developer\">\n\t\t\t<span class=\"label\">D\u00e9veloppeur: <\/span>\n\t\t\t<span class=\"value\"><a target=\"_blank\" rel=\"nofollow\" href=\"https:\/\/play.google.com\/store\/apps\/dev?id=5603811226014914643\"><span>Amin-sheikho.com<\/span><\/a><\/span>\n\t\t<\/div>\n\t\t<div class=\"price\">\n\t\t\t<span class=\"label\">Prix: <\/span>\n\t\t\t<span class=\"value\">Gratuit<\/span> \n\t\t\t<span class=\"rating\"><div title=\"5 sur 5 \u00e9toiles\" class=\"rating-stars stars-monochrome stars50\"><\/div><\/span>\n\t\t<\/div>\n\t<\/div>\n<\/div><!-- \/WP-Appbox -->\n\n\t\t<div class=\"clearfix\"><\/div>\n\t\t<hr style=\"margin-top:20px; margin-bottom:20px;\" class=\"divider divider-solid\">\n\t\n<p style=\"text-align: justify;\">\u00abEt Nous fimes du fils de Marie, ainsi que de sa m\u00e8re, un prodige; et Nous donn\u00e2mes \u00e0 tous \u00a0deux, asile sur une colline bien stable et dot\u00e9e d\u2019une source.\u00bb Sourate 23;50Le pr\u00e9sent ouvrage paraitra tr\u00e8s singulier aux yeux de certains lecteurs.<\/p>\n<p style=\"text-align: justify;\">En effet, plusieurs sujets qui y sont abord\u00e9s n\u2019ont pas fait auparavant l\u2019objet d\u2019une analyse v\u00e9ritablement approfondie. Sa singularit\u00e8, si l\u2019 on peut dire, tient \u00e0 la fois de l\u2019originalit\u00e9 des sujets \u00a0mais d\u2019avantage de la qualit\u00e9 de leur traitement.<\/p>\n<p style=\"text-align: justify;\">Elle offre la preuve de la grande clairvoyance de son auteur, Mohammad Amin Sheikho (qu\u2019Allah sanctifie son \u00e2me) qui est un \u00e9rudit de haut vol, un fid\u00e8le \u00e0 l\u2019esprit \u00e9lev\u00e9, un savant hors du commun, un homme qui ne s\u2019arr\u00eate pas aux apparences lorsqu\u2019il s\u2019agit de faire \u0153uvre de science.<\/p>\n<p style=\"text-align: justify;\">Aussi singulier qu\u2019il puisse paraitre, ce livre ne flirte pas avec l\u2019innovation.<\/p>\n<p style=\"text-align: justify;\">Il ne va ni \u00a0en-de\u00e7\u00e0 ni au-del\u00e0 de la parole d\u2019Allah. Le coran et la sunna du Messager (pri\u00e8re et salut sur lui) sont la source exclusive dans laquelle le grand humaniste Amin Sheikho s\u2019est abreuv\u00e9 pour le mettre en \u0153uvre.<\/p>\n","protected":false},"excerpt":{"rendered":"<p>&#8211; Le Grand Erudit et Humaniste Mohammad Amin Sheikho (Qu\u2019Allah sanctifie son \u00e2me)<\/p>\n<p>&#8211; Edition revue et corrig\u00e9e par le Prof. Abdoul-kh\u00e2dir Yahya dit al-Dyrani, Chercheur et penseur islamique<\/p>\n[divider style=\"solid\" top=\"20\" bottom=\"20\"]\n","protected":false},"featured_media":328,"template":"","meta":[],"product_brand":[],"product_cat":[29],"product_tag":[],"class_list":{"0":"post-237","1":"product","2":"type-product","3":"status-publish","4":"has-post-thumbnail","6":"product_cat-app","8":"first","9":"instock","10":"taxable","11":"shipping-taxable","12":"product-type-external"},"jetpack_sharing_enabled":true,"_links":{"self":[{"href":"https:\/\/www.amin-sheikho.com\/fr\/wp-json\/wp\/v2\/product\/237","targetHints":{"allow":["GET"]}}],"collection":[{"href":"https:\/\/www.amin-sheikho.com\/fr\/wp-json\/wp\/v2\/product"}],"about":[{"href":"https:\/\/www.amin-sheikho.com\/fr\/wp-json\/wp\/v2\/types\/product"}],"wp:featuredmedia":[{"embeddable":true,"href":"https:\/\/www.amin-sheikho.com\/fr\/wp-json\/wp\/v2\/media\/328"}],"wp:attachment":[{"href":"https:\/\/www.amin-sheikho.com\/fr\/wp-json\/wp\/v2\/media?parent=237"}],"wp:term":[{"taxonomy":"product_brand","embeddable":true,"href":"https:\/\/www.amin-sheikho.com\/fr\/wp-json\/wp\/v2\/product_brand?post=237"},{"taxonomy":"product_cat","embeddable":true,"href":"https:\/\/www.amin-sheikho.com\/fr\/wp-json\/wp\/v2\/product_cat?post=237"},{"taxonomy":"product_tag","embeddable":true,"href":"https:\/\/www.amin-sheikho.com\/fr\/wp-json\/wp\/v2\/product_tag?post=237"}],"curies":[{"name":"wp","href":"https:\/\/api.w.org\/{rel}","templated":true}]}}