{"id":236,"date":"2017-07-24T10:09:39","date_gmt":"2017-07-24T07:09:39","guid":{"rendered":"http:\/\/localhost\/en\/?post_type=product&#038;p=236"},"modified":"2021-06-13T10:25:37","modified_gmt":"2021-06-13T07:25:37","slug":"islam-what-are-the-veil-divorce-and-polygamy-for-android-edition","status":"publish","type":"product","link":"https:\/\/www.amin-sheikho.com\/fr\/product\/islam-what-are-the-veil-divorce-and-polygamy-for-android-edition\/","title":{"rendered":"Le Voile dans l&rsquo;Islam (Version d&rsquo;Android)"},"content":{"rendered":"<!-- WP-Appbox (Version: 4.5.12 \/\/ Store: googleplay \/\/ ID: levoile.fr) -->\n<div class=\"wpappbox wpappbox-42a7f120da619f3e2ad4cbc4e2e78ffd googleplay colorful simple\">\n\t<div class=\"qrcode\"><img decoding=\"async\" src=\"https:\/\/api.qrserver.com\/v1\/create-qr-code\/?data=https%3A%2F%2Fplay.google.com%2Fstore%2Fapps%2Fdetails%3Fid%3Dlevoile.fr&size=200x200&ecc=M&margin=0\" alt=\"Le Voile dans l&#039;Islam\u202d\" \/><\/div>\n\t<div class=\"appicon\">\n\t\t<a target=\"_blank\" rel=\"nofollow\" href=\"https:\/\/play.google.com\/store\/apps\/details?id=levoile.fr\"><img decoding=\"async\" src=\"\/\/play-lh.googleusercontent.com\/IfqAEK6NUvqQk2GGmp2iwpNsArHCBtNaMSfbFu1Ablhc87PNKbjcNdURrD9xGb6mnw=s128-h480-rw\" alt=\"Le Voile dans l&#039;Islam\u202d\" \/><\/a>\n\t<\/div>\n\t<div class=\"applinks\">\n\t\t<div class=\"appbuttons\">\n\t\t\t<a target=\"_blank\" rel=\"nofollow\" href=\"https:\/\/play.google.com\/store\/apps\/details?id=levoile.fr\">T\u00e9l\u00e9charger<\/a>\n\t\t\t<span onMouseOver=\"jQuery('.wpappbox-42a7f120da619f3e2ad4cbc4e2e78ffd .qrcode').show();\" onMouseOut=\"jQuery('.wpappbox-42a7f120da619f3e2ad4cbc4e2e78ffd .qrcode').hide();\">QR-Code<\/span>\n\t\t<\/div>\n\t<\/div>\n\t<div class=\"appdetails\">\n\t\t<div class=\"apptitle\"><a target=\"_blank\" rel=\"nofollow\" href=\"https:\/\/play.google.com\/store\/apps\/details?id=levoile.fr\" title=\"Le Voile dans l&#039;Islam\u202d\" class=\"apptitle\">Le Voile dans l'Islam\u202d<\/a><\/div>\n\t\t<div class=\"developer\">\n\t\t\t<span class=\"label\">D\u00e9veloppeur: <\/span>\n\t\t\t<span class=\"value\"><a target=\"_blank\" rel=\"nofollow\" href=\"https:\/\/play.google.com\/store\/apps\/dev?id=5603811226014914643\"><span>Amin-sheikho.com<\/span><\/a><\/span>\n\t\t<\/div>\n\t\t<div class=\"price\">\n\t\t\t<span class=\"label\">Prix: <\/span>\n\t\t\t<span class=\"value\">Gratuit<\/span> \n\t\t\t<span class=\"rating\"><div title=\"5 sur 5 \u00e9toiles\" class=\"rating-stars stars-monochrome stars50\"><\/div><\/span>\n\t\t<\/div>\n\t<\/div>\n<\/div><!-- \/WP-Appbox -->\n\n\t\t<div class=\"clearfix\"><\/div>\n\t\t<hr style=\"margin-top:20px; margin-bottom:20px;\" class=\"divider divider-solid\">\n\t\n<p style=\"text-align: justify;\"><em><strong>Pourquoi le voile en Islam?<\/strong><\/em><\/p>\n<p style=\"text-align: justify;\">Chers philosophes et hommes de Sciences de l\u2019orient et de l\u2019occident, chers personnalit\u00e9s de bonne moralit\u00e9 et de droiture, chers chercheurs de la v\u00e9rit\u00e9 et du bonheur, voyez-vous o\u00f9 est arriv\u00e9 l\u2019humanit\u00e9 en ces temps?! ne voyez-vous pas sa d\u00e9g\u00e9n\u00e9rescence, sa tomb\u00e9 dans les malheurs et dans la mis\u00e8re; et ne voyez-vous sa privation du bonheur et ses pleurs?<\/p>\n<p style=\"text-align: justify;\">Le bonheur est inexistant et les maisons m\u00e9lancoliques, les esprits humains sont ravag\u00e9s par.<\/p>\n<p style=\"text-align: justify;\">Un vent dengue, attrist\u00e9s et stress\u00e9s les gens se sont vers\u00e9s dans la consommation sans cesse des m\u00e9dicaments \u00abr\u00e9pugnants\u00bb dans l\u2019espoir de retrouver le bonheur perdu, cependant ils vivent une mont\u00e9 d\u2019angoisse en eux qui les pousse \u00e0 la d\u00e9plaisance, aux ennuis, \u00e0 l\u2019ivrognerie et \u00e0 la consommation de la drogue \u00e0 d\u00e9faut d\u2019\u00eatre pouss\u00e9 au suicide.<\/p>\n<p style=\"text-align: justify;\">Mais ces d\u00e9sirs que Dieu a d\u00e9pos\u00e9 dans l\u2019esprit humain; n\u2019existe-t-il pas un moyen raisonnable de se conduire honn\u00eatement afin de retrouver le bonheur en soi au lieu de se complaindre?<\/p>\n<p style=\"text-align: justify;\">Cet univers circule sous un ordre strict et pr\u00e9\u00e9tabli et nous vivons \u00e0 partir des substances qui en r\u00e9sultent cela \u00e9tant, ne devous-nous pas r\u00e9fl\u00e9chir et m\u00e9diter sur les signes de l\u2019univers et sur la grandeur de son cr\u00e9ateur qui l\u2019a ordonn\u00e9?<\/p>\n<p style=\"text-align: justify;\">Tout ce qui est dans cet univers ne fonctionne-t-il pas pour notre cause?<\/p>\n<p style=\"text-align: justify;\">N\u2019est-il pas clair que le soleil, la lune, les cours d\u2019eau, les nuages, les arbres, les insectes et les r\u00e9coltes tous sont \u00e0 nos services et \u0153uvrent pour notre survie sous un ordre strictement \u00e9tabli?<\/p>\n<p style=\"text-align: justify;\">Devrons-nous user nos d\u00e9sires de mani\u00e8re stochastique et affol\u00e9 pour produire de la flamme incendiaire en nous et un d\u00e9tresse agonisant?<\/p>\n<p style=\"text-align: justify;\">Celui qui a cr\u00e9\u00e9 et organis\u00e9 l\u2019univers et nous l\u2019a pr\u00e9sent\u00e9 comme nous la voyons dans sa juste forme, n\u2019q-t-il pas mis en nous les moyens de maitriser nos desires, Nos penchants et nos envies?<\/p>\n","protected":false},"excerpt":{"rendered":"<h3 style=\"text-align: justify;\"><strong>Dialogue entre un orientaliste et un ul\u00e9ma Sur les raisons fond\u00e9es du voile islamique.<\/strong><\/h3>\n<p style=\"text-align: justify;\">[divider style=\"normal\" top=\"20\" bottom=\"20\"]<\/p>\n<p style=\"text-align: justify;\">&#8211; Le Grand Erudit et Humaniste Mohammad Amin Sheikho (Qu\u2019Allah sanctifie son \u00e2me)<\/p>\n<p style=\"text-align: justify;\">&#8211; Edition revue et corrig\u00e9e par le Prof. Abdoul-kh\u00e2dir Yahya dit al-Dyrani, Chercheur et penseur islamique<\/p>\n<p style=\"text-align: justify;\">[divider style=\"solid\" top=\"20\" bottom=\"20\"]<\/p>\n","protected":false},"featured_media":362,"template":"","meta":[],"product_brand":[],"product_cat":[29],"product_tag":[],"class_list":{"0":"post-236","1":"product","2":"type-product","3":"status-publish","4":"has-post-thumbnail","6":"product_cat-app","8":"first","9":"instock","10":"taxable","11":"shipping-taxable","12":"product-type-external"},"jetpack_sharing_enabled":true,"_links":{"self":[{"href":"https:\/\/www.amin-sheikho.com\/fr\/wp-json\/wp\/v2\/product\/236","targetHints":{"allow":["GET"]}}],"collection":[{"href":"https:\/\/www.amin-sheikho.com\/fr\/wp-json\/wp\/v2\/product"}],"about":[{"href":"https:\/\/www.amin-sheikho.com\/fr\/wp-json\/wp\/v2\/types\/product"}],"wp:featuredmedia":[{"embeddable":true,"href":"https:\/\/www.amin-sheikho.com\/fr\/wp-json\/wp\/v2\/media\/362"}],"wp:attachment":[{"href":"https:\/\/www.amin-sheikho.com\/fr\/wp-json\/wp\/v2\/media?parent=236"}],"wp:term":[{"taxonomy":"product_brand","embeddable":true,"href":"https:\/\/www.amin-sheikho.com\/fr\/wp-json\/wp\/v2\/product_brand?post=236"},{"taxonomy":"product_cat","embeddable":true,"href":"https:\/\/www.amin-sheikho.com\/fr\/wp-json\/wp\/v2\/product_cat?post=236"},{"taxonomy":"product_tag","embeddable":true,"href":"https:\/\/www.amin-sheikho.com\/fr\/wp-json\/wp\/v2\/product_tag?post=236"}],"curies":[{"name":"wp","href":"https:\/\/api.w.org\/{rel}","templated":true}]}}