{"id":228,"date":"2017-07-24T10:02:32","date_gmt":"2017-07-24T07:02:32","guid":{"rendered":"http:\/\/localhost\/en\/?post_type=product&#038;p=228"},"modified":"2021-06-13T10:25:19","modified_gmt":"2021-06-13T07:25:19","slug":"is-happiness-really-beyond-reach%e2%80%8b-android-edition","status":"publish","type":"product","link":"https:\/\/www.amin-sheikho.com\/fr\/product\/is-happiness-really-beyond-reach%e2%80%8b-android-edition\/","title":{"rendered":"Le Bonheur (Version d&rsquo;Android)"},"content":{"rendered":"<!-- WP-Appbox (Version: 4.5.12 \/\/ Store: googleplay \/\/ ID: lebonheur.fr) -->\n<div class=\"wpappbox wpappbox-bce2d6ae5c195f0c82d91942057715ef googleplay colorful simple\">\n\t<div class=\"qrcode\"><img decoding=\"async\" src=\"https:\/\/api.qrserver.com\/v1\/create-qr-code\/?data=https%3A%2F%2Fplay.google.com%2Fstore%2Fapps%2Fdetails%3Fid%3Dlebonheur.fr&size=200x200&ecc=M&margin=0\" alt=\"Le Bonheur\" \/><\/div>\n\t<div class=\"appicon\">\n\t\t<a target=\"_blank\" rel=\"nofollow\" href=\"https:\/\/play.google.com\/store\/apps\/details?id=lebonheur.fr\"><img decoding=\"async\" src=\"\/\/play-lh.googleusercontent.com\/anOzPECtQFOUn0rRpjk-lvvoXIJtnVbZLifpiBDIt0FuqKDGrAovwrMV03W2656M-qa5=s128-h480-rw\" alt=\"Le Bonheur\" \/><\/a>\n\t<\/div>\n\t<div class=\"applinks\">\n\t\t<div class=\"appbuttons\">\n\t\t\t<a target=\"_blank\" rel=\"nofollow\" href=\"https:\/\/play.google.com\/store\/apps\/details?id=lebonheur.fr\">T\u00e9l\u00e9charger<\/a>\n\t\t\t<span onMouseOver=\"jQuery('.wpappbox-bce2d6ae5c195f0c82d91942057715ef .qrcode').show();\" onMouseOut=\"jQuery('.wpappbox-bce2d6ae5c195f0c82d91942057715ef .qrcode').hide();\">QR-Code<\/span>\n\t\t<\/div>\n\t<\/div>\n\t<div class=\"appdetails\">\n\t\t<div class=\"apptitle\"><a target=\"_blank\" rel=\"nofollow\" href=\"https:\/\/play.google.com\/store\/apps\/details?id=lebonheur.fr\" title=\"Le Bonheur\" class=\"apptitle\">Le Bonheur<\/a><\/div>\n\t\t<div class=\"developer\">\n\t\t\t<span class=\"label\">D\u00e9veloppeur: <\/span>\n\t\t\t<span class=\"value\"><a target=\"_blank\" rel=\"nofollow\" href=\"https:\/\/play.google.com\/store\/apps\/dev?id=5603811226014914643\"><span>Amin-sheikho.com<\/span><\/a><\/span>\n\t\t<\/div>\n\t\t<div class=\"price\">\n\t\t\t<span class=\"label\">Prix: <\/span>\n\t\t\t<span class=\"value\">Gratuit<\/span> \n\t\t\t<span class=\"rating\"><div title=\"5 sur 5 \u00e9toiles\" class=\"rating-stars stars-monochrome stars50\"><\/div><\/span>\n\t\t<\/div>\n\t<\/div>\n<\/div><!-- \/WP-Appbox -->\n\n\t\t<div class=\"clearfix\"><\/div>\n\t\t<hr style=\"margin-top:20px; margin-bottom:20px;\" class=\"divider divider-solid\">\n\t\n<p style=\"text-align: justify;\">Si tu n&rsquo;a pas de connaissance sur ton Cr\u00e9ateur qui t&rsquo;a amen\u00e9 dans ce monde, comment pourras-tu arriver au bonheur?<br \/>\nObserve tes deux mains!!<br \/>\nQui les a faites de cette fa\u00e7on?<br \/>\nSans ces mains comment pourrais-tu travailler?<br \/>\nN&rsquo;est-ce pas que tes doigts te servent!!<br \/>\nNe lances-tu pas un regard sur tes ongles?<br \/>\nN&rsquo;attirent-t-ils pas ton attention? Faisant usage de tes mains, tu parviens \u00e0 travailler et \u00e0 fabriquer. Cependant, qui les a cr\u00e9\u00e9s et en a donn\u00e9 la vie et l&rsquo;existence?<br \/>\nCombien important il est proche de toi et est avec toi.<br \/>\nSi tu r\u00e9fl\u00e9chis un seul instant sur tout ce qu&rsquo;il a cr\u00e9\u00e9 pour toi.<br \/>\nA partir de ton ,corpsde l&rsquo;univers autour de toi, tu te conna\u00eetras.<br \/>\nTu croiras en Lui et deviendras heureux&#8230;<br \/>\nTu auras ainsi acquis le bonheur.<\/p>\n<p>&nbsp;<\/p>\n","protected":false},"excerpt":{"rendered":"<h3 style=\"text-align: justify;\"><strong>Est\u2010il vraiment hors de port\u00e9e?<\/strong><\/h3>\n[divider style=\"normal\" top=\"20\" bottom=\"20\"]\n<p style=\"text-align: justify;\">&#8211; Le Grand Erudit et Humaniste Mohammad Amin Sheikho (Qu\u2019Allah sanctifie son \u00e2me)<\/p>\n<p style=\"text-align: justify;\">&#8211; Edition revue et corrig\u00e9e par le Prof. Abdoul-kh\u00e2dir Yahya dit al-Dyrani, Chercheur et penseur islamique<\/p>\n<p style=\"text-align: justify;\">[divider style=\"solid\" top=\"20\" bottom=\"20\"]<\/p>\n","protected":false},"featured_media":356,"template":"","meta":[],"product_brand":[],"product_cat":[29],"product_tag":[],"class_list":{"0":"post-228","1":"product","2":"type-product","3":"status-publish","4":"has-post-thumbnail","6":"product_cat-app","8":"first","9":"instock","10":"taxable","11":"shipping-taxable","12":"product-type-external"},"jetpack_sharing_enabled":true,"_links":{"self":[{"href":"https:\/\/www.amin-sheikho.com\/fr\/wp-json\/wp\/v2\/product\/228","targetHints":{"allow":["GET"]}}],"collection":[{"href":"https:\/\/www.amin-sheikho.com\/fr\/wp-json\/wp\/v2\/product"}],"about":[{"href":"https:\/\/www.amin-sheikho.com\/fr\/wp-json\/wp\/v2\/types\/product"}],"wp:featuredmedia":[{"embeddable":true,"href":"https:\/\/www.amin-sheikho.com\/fr\/wp-json\/wp\/v2\/media\/356"}],"wp:attachment":[{"href":"https:\/\/www.amin-sheikho.com\/fr\/wp-json\/wp\/v2\/media?parent=228"}],"wp:term":[{"taxonomy":"product_brand","embeddable":true,"href":"https:\/\/www.amin-sheikho.com\/fr\/wp-json\/wp\/v2\/product_brand?post=228"},{"taxonomy":"product_cat","embeddable":true,"href":"https:\/\/www.amin-sheikho.com\/fr\/wp-json\/wp\/v2\/product_cat?post=228"},{"taxonomy":"product_tag","embeddable":true,"href":"https:\/\/www.amin-sheikho.com\/fr\/wp-json\/wp\/v2\/product_tag?post=228"}],"curies":[{"name":"wp","href":"https:\/\/api.w.org\/{rel}","templated":true}]}}