{"id":190,"date":"2017-07-22T09:21:05","date_gmt":"2017-07-22T06:21:05","guid":{"rendered":"http:\/\/localhost\/en\/?post_type=product&#038;p=190"},"modified":"2021-06-13T10:26:48","modified_gmt":"2021-06-13T07:26:48","slug":"stories-of-the-scholar-mohammad-amin-sheikho-android-edition","status":"publish","type":"product","link":"https:\/\/www.amin-sheikho.com\/fr\/product\/stories-of-the-scholar-mohammad-amin-sheikho-android-edition\/","title":{"rendered":"Histoire de l\u2019Erudit (Version d&rsquo;Android)"},"content":{"rendered":"<h3><strong>Table des mati\u00e9rs<\/strong><\/h3>\n<p style=\"text-align: justify;\">1- Le grand saint<br \/>\n2- L\u2019histoire du brave garson et la f\u00e9e<br \/>\n3- Un \u00e9pisode d\u2019une enfance de noblesse<br \/>\n4- La vir ilit\u00e9 d\u2019un enfant<br \/>\n5- L\u2019aventure du petit cavalier<br \/>\n6- une bonne le\u00e7on au marchand de fruits et de l\u00e9gumes<br \/>\n7- B\u00e9nies soient tes mains, lionceau du quartier<br \/>\n8- l\u2019 Arene de combat<br \/>\n9- le gar\u00e7on courageux et sa r\u00e9action pratique \u00e0 l\u2019\u00e9gard de son oncle maternel<br \/>\n10- le jeune Amine et la nuit des destin\u00e9es (Nuit de l\u2019Al- Qadr)<\/p>\n","protected":false},"excerpt":{"rendered":"<h3 style=\"text-align: justify;\"><strong>Aper\u00e7u de La Vie de L&#8217;eminent Erudit Mohammad Amin Sheikho (Qu\u2019Allah sanctifie son \u00e2me)<\/strong><\/h3>\n[divider style=\"normal\" top=\"20\" bottom=\"20\"]\n<p style=\"text-align: justify;\">&#8211; Le Grand Erudit et Humaniste Mohammad Amin Sheikho (Qu\u2019Allah sanctifie son \u00e2me)<\/p>\n<p style=\"text-align: justify;\">&#8211; Edition revue et corrig\u00e9e par le Prof. Abdoul-kh\u00e2dir Yahya dit al-Dyrani, Chercheur et penseur islamique<\/p>\n<p style=\"text-align: justify;\">[divider style=\"solid\" top=\"20\" bottom=\"20\"]<\/p>\n","protected":false},"featured_media":354,"template":"","meta":[],"product_brand":[],"product_cat":[29],"product_tag":[],"class_list":{"0":"post-190","1":"product","2":"type-product","3":"status-publish","4":"has-post-thumbnail","6":"product_cat-app","8":"first","9":"instock","10":"taxable","11":"shipping-taxable","12":"product-type-external"},"jetpack_sharing_enabled":true,"_links":{"self":[{"href":"https:\/\/www.amin-sheikho.com\/fr\/wp-json\/wp\/v2\/product\/190","targetHints":{"allow":["GET"]}}],"collection":[{"href":"https:\/\/www.amin-sheikho.com\/fr\/wp-json\/wp\/v2\/product"}],"about":[{"href":"https:\/\/www.amin-sheikho.com\/fr\/wp-json\/wp\/v2\/types\/product"}],"wp:featuredmedia":[{"embeddable":true,"href":"https:\/\/www.amin-sheikho.com\/fr\/wp-json\/wp\/v2\/media\/354"}],"wp:attachment":[{"href":"https:\/\/www.amin-sheikho.com\/fr\/wp-json\/wp\/v2\/media?parent=190"}],"wp:term":[{"taxonomy":"product_brand","embeddable":true,"href":"https:\/\/www.amin-sheikho.com\/fr\/wp-json\/wp\/v2\/product_brand?post=190"},{"taxonomy":"product_cat","embeddable":true,"href":"https:\/\/www.amin-sheikho.com\/fr\/wp-json\/wp\/v2\/product_cat?post=190"},{"taxonomy":"product_tag","embeddable":true,"href":"https:\/\/www.amin-sheikho.com\/fr\/wp-json\/wp\/v2\/product_tag?post=190"}],"curies":[{"name":"wp","href":"https:\/\/api.w.org\/{rel}","templated":true}]}}