{"id":186,"date":"2017-07-22T09:03:09","date_gmt":"2017-07-22T06:03:09","guid":{"rendered":"http:\/\/localhost\/en\/?post_type=product&#038;p=186"},"modified":"2021-06-13T10:27:05","modified_gmt":"2021-06-13T07:27:05","slug":"the-sources-of-spring-water-in-the-world-android-edition","status":"publish","type":"product","link":"https:\/\/www.amin-sheikho.com\/fr\/product\/the-sources-of-spring-water-in-the-world-android-edition\/","title":{"rendered":"Les Origines Des Eaux (Version d&rsquo;Android)"},"content":{"rendered":"<div><!-- WP-Appbox (Version: 4.5.12 \/\/ Store: googleplay \/\/ ID: masader.fr) -->\n<div class=\"wpappbox wpappbox-ff3eff8985615bfd767f05ff49d67c6f googleplay colorful simple\">\n\t<div class=\"qrcode\"><img decoding=\"async\" src=\"https:\/\/api.qrserver.com\/v1\/create-qr-code\/?data=https%3A%2F%2Fplay.google.com%2Fstore%2Fapps%2Fdetails%3Fid%3Dmasader.fr&size=200x200&ecc=M&margin=0\" alt=\"Les Origines Des Eaux\" \/><\/div>\n\t<div class=\"appicon\">\n\t\t<a target=\"_blank\" rel=\"nofollow\" href=\"https:\/\/play.google.com\/store\/apps\/details?id=masader.fr\"><img decoding=\"async\" src=\"\/\/play-lh.googleusercontent.com\/qMYND2t0C_SleJ2XoE701xgqcnOR8V62FXrxvBKWSB_IpDmX5RzhuEsyBNUcrxav_Q=s128-h480\" alt=\"Les Origines Des Eaux\" \/><\/a>\n\t<\/div>\n\t<div class=\"applinks\">\n\t\t<div class=\"appbuttons\">\n\t\t\t<a target=\"_blank\" rel=\"nofollow\" href=\"https:\/\/play.google.com\/store\/apps\/details?id=masader.fr\">T\u00e9l\u00e9charger<\/a>\n\t\t\t<span onMouseOver=\"jQuery('.wpappbox-ff3eff8985615bfd767f05ff49d67c6f .qrcode').show();\" onMouseOut=\"jQuery('.wpappbox-ff3eff8985615bfd767f05ff49d67c6f .qrcode').hide();\">QR-Code<\/span>\n\t\t<\/div>\n\t<\/div>\n\t<div class=\"appdetails\">\n\t\t<div class=\"apptitle\"><a target=\"_blank\" rel=\"nofollow\" href=\"https:\/\/play.google.com\/store\/apps\/details?id=masader.fr\" title=\"Les Origines Des Eaux\" class=\"apptitle\">Les Origines Des Eaux<\/a><\/div>\n\t\t<div class=\"developer\">\n\t\t\t<span class=\"label\">D\u00e9veloppeur: <\/span>\n\t\t\t<span class=\"value\"><a target=\"_blank\" rel=\"nofollow\" href=\"https:\/\/play.google.com\/store\/apps\/dev?id=5603811226014914643\"><span>Amin-sheikho.com<\/span><\/a><\/span>\n\t\t<\/div>\n\t\t<div class=\"price\">\n\t\t\t<span class=\"label\">Prix: <\/span>\n\t\t\t<span class=\"value\">Gratuit<\/span> \n\t\t\t<span class=\"rating\"><div title=\"5 sur 5 \u00e9toiles\" class=\"rating-stars stars-monochrome stars50\"><\/div><\/span>\n\t\t<\/div>\n\t<\/div>\n<\/div><!-- \/WP-Appbox --><\/div>\n<div>\n\t\t<div class=\"clearfix\"><\/div>\n\t\t<hr style=\"margin-top:20px; margin-bottom:20px;\" class=\"divider divider-solid\">\n\t<\/div>\n<p style=\"text-align: justify;\">Un Dialogue Entre Le Grand Erudit Et Humaniste Mohammad Amin Sheikho Et Le Philosophe Du Vingti\u00e8me Si\u00e8cle Sir John Godolphin Bennett<br \/>\n&#8211; Pourauoi Dieu Tout-puissant a-t-Il cr\u00e9\u00e9 cet univers?<br \/>\n&#8211; N\u2019est-ce pas pour un grand objet que Dieu nous a crees?<br \/>\n&#8211; Lousque l\u2019homme ouvre un commerce, n\u2019est- ce pas por faire des b\u00e9n\u00e9fices?<br \/>\n&#8211; Alors, pour quel b\u00e9n\u00e9fice supr\u00eame Dieu a-t-Il cr\u00e9\u00e9 cet univers?<br \/>\n&#8211; Toute action de l\u2019homme vise un objectif. Alors, Pour quol objectif Dieu Tout-puissant nous a-t-Il cr\u00e9\u00e9s?<br \/>\nDans ce livre scientifique, Vous trouverez une explication compl\u00e8te de ces r\u00e8qlit\u00e9s que nous expose et soutrent ce grand Humaniste Mohammad Amin Sheikho l\u2019Auteur<\/p>\n","protected":false},"excerpt":{"rendered":"<p>&#8211; Le Grand Erudit et Humaniste Mohammad Amin Sheikho (Qu\u2019Allah sanctifie son \u00e2me)<\/p>\n<p>&#8211; Edition revue et corrig\u00e9e par le Prof. Abdoul-kh\u00e2dir Yahya dit al-Dyrani, Chercheur et penseur islamique<\/p>\n[divider style=\"solid\" top=\"20\" bottom=\"20\"]\n","protected":false},"featured_media":332,"template":"","meta":[],"product_brand":[],"product_cat":[29],"product_tag":[],"class_list":{"0":"post-186","1":"product","2":"type-product","3":"status-publish","4":"has-post-thumbnail","6":"product_cat-app","8":"first","9":"instock","10":"taxable","11":"shipping-taxable","12":"product-type-external"},"jetpack_sharing_enabled":true,"_links":{"self":[{"href":"https:\/\/www.amin-sheikho.com\/fr\/wp-json\/wp\/v2\/product\/186","targetHints":{"allow":["GET"]}}],"collection":[{"href":"https:\/\/www.amin-sheikho.com\/fr\/wp-json\/wp\/v2\/product"}],"about":[{"href":"https:\/\/www.amin-sheikho.com\/fr\/wp-json\/wp\/v2\/types\/product"}],"wp:featuredmedia":[{"embeddable":true,"href":"https:\/\/www.amin-sheikho.com\/fr\/wp-json\/wp\/v2\/media\/332"}],"wp:attachment":[{"href":"https:\/\/www.amin-sheikho.com\/fr\/wp-json\/wp\/v2\/media?parent=186"}],"wp:term":[{"taxonomy":"product_brand","embeddable":true,"href":"https:\/\/www.amin-sheikho.com\/fr\/wp-json\/wp\/v2\/product_brand?post=186"},{"taxonomy":"product_cat","embeddable":true,"href":"https:\/\/www.amin-sheikho.com\/fr\/wp-json\/wp\/v2\/product_cat?post=186"},{"taxonomy":"product_tag","embeddable":true,"href":"https:\/\/www.amin-sheikho.com\/fr\/wp-json\/wp\/v2\/product_tag?post=186"}],"curies":[{"name":"wp","href":"https:\/\/api.w.org\/{rel}","templated":true}]}}