{"id":438,"date":"2018-09-18T11:38:10","date_gmt":"2018-09-18T08:38:10","guid":{"rendered":"https:\/\/www.amin-sheikho.com\/fr\/?page_id=438"},"modified":"2021-10-24T09:13:28","modified_gmt":"2021-10-24T06:13:28","slug":"politique-de-confidentialite-de-notre-site-web","status":"publish","type":"page","link":"https:\/\/www.amin-sheikho.com\/fr\/politique-de-confidentialite-de-notre-site-web\/","title":{"rendered":"Politique de confidentialit\u00e9 de notre site Web"},"content":{"rendered":"<h3>D\u00e9claration de confidentialit\u00e9 et de confidentialit\u00e9:<\/h3>\n<p style=\"text-align: justify;\">Nous appr\u00e9cions votre int\u00e9r\u00eat et vos pr\u00e9occupations concernant la confidentialit\u00e9 de vos donn\u00e9es sur Internet.<br \/>\nCette politique a \u00e9t\u00e9 pr\u00e9par\u00e9e pour vous aider \u00e0 comprendre la nature des donn\u00e9es que nous recueillons aupr\u00e8s de vous lorsque vous visitez notre site Web et comment nous traitons ces donn\u00e9es personnelles, lorsque vous visitez ou effectuez un achat sur notre site Web.<\/p>\n<p style=\"text-align: justify;\">En acceptant notre utilisation des cookies conform\u00e9ment aux termes de cette politique lorsque vous visitez notre site Web pour la premi\u00e8re fois, vous nous autorisez \u00e0 utiliser des cookies chaque fois que vous visitez notre site Web.<\/p>\n<h3>Informations personnelles que nous collectons:<\/h3>\n<p style=\"text-align: justify;\">Lorsque vous visitez le Site, nous collectons automatiquement certaines informations sur votre appareil, notamment:<\/p>\n<ul>\n<li style=\"text-align: justify;\">Informations sur votre navigateur Web, votre adresse IP, votre fuseau horaire et certains cookies install\u00e9s sur votre appareil.<\/li>\n<li style=\"text-align: justify;\">De plus, lorsque vous naviguez sur le Site, nous collectons des informations sur les pages Web individuelles ou les produits que vous consultez.<\/li>\n<li style=\"text-align: justify;\">et des sites Web ou des termes de recherche qui vous ont r\u00e9f\u00e9r\u00e9 au site.<\/li>\n<li style=\"text-align: justify;\">et des informations sur la fa\u00e7on dont vous interagissez avec le site.<\/li>\n<\/ul>\n<p style=\"text-align: justify;\">Nous appelons ces informations collect\u00e9es automatiquement \u00ab\u00a0Informations sur l&rsquo;appareil\u00a0\u00bb.<\/p>\n<h3>Nous collectons des informations sur les appareils \u00e0 l&rsquo;aide des technologies suivantes:<\/h3>\n<ul>\n<li style=\"text-align: justify;\">Les \u00ab cookies \u00bb sont des fichiers de donn\u00e9es qui sont plac\u00e9s sur votre appareil ou votre ordinateur et incluent souvent un identifiant unique anonyme. Pour plus d&rsquo;informations sur les cookies et comment d\u00e9sactiver les cookies, visitez http:\/\/www.allaboutcookies.org.<\/li>\n<li style=\"text-align: justify;\">Les \u00ab fichiers journaux \u00bb suivent les actions qui se produisent sur le site et collectent des donn\u00e9es, notamment votre adresse IP, le type de navigateur, le fournisseur de services Internet, les pages de renvoi\/de sortie et les horodatages.<\/li>\n<li style=\"text-align: justify;\">Les \u00ab\u00a0balises Web\u00a0\u00bb, les \u00ab\u00a0balises\u00a0\u00bb et les \u00ab\u00a0pixels\u00a0\u00bb sont des fichiers \u00e9lectroniques utilis\u00e9s pour enregistrer des informations sur la fa\u00e7on dont vous naviguez sur le Site.<\/li>\n<\/ul>\n<p style=\"text-align: justify;\">De plus, lorsque vous effectuez un achat ou tentez d&rsquo;effectuer un achat via le Site, vous\u00a0:<\/p>\n<ul>\n<li style=\"text-align: justify;\">Enregistrez le nom, l&rsquo;adresse e-mail et le pays.<\/li>\n<\/ul>\n<p style=\"text-align: justify;\">Nous appelons ces informations les \u00ab\u00a0Informations sur la commande\u00a0\u00bb. Lorsque nous parlons d&rsquo;\u00ab\u00a0informations personnelles\u00a0\u00bb dans la pr\u00e9sente politique de confidentialit\u00e9, nous parlons d&rsquo;\u00ab\u00a0informations sur l&rsquo;appareil et d&rsquo;informations sur les commandes\u00a0\u00bb.<\/p>\n<h3>Comment utilisons-nous vos informations personnelles?<\/h3>\n<p style=\"text-align: justify;\">Nous utilisons g\u00e9n\u00e9ralement les informations de commande que nous collectons pour ex\u00e9cuter toute commande pass\u00e9e via le site, et en outre, nous utilisons ces informations de commande pour:<\/p>\n<ul>\n<li style=\"text-align: justify;\">Communiquer avec vous si n\u00e9cessaire pour vous assurer que notre produit vous parvient bien.<\/li>\n<li style=\"text-align: justify;\">Nous v\u00e9rifions nos commandes pour les risques potentiels ou de fraude.<\/li>\n<li style=\"text-align: justify;\">Afin que nous puissions vous fournir les informations appropri\u00e9es concernant nos produits ou services.<\/li>\n<\/ul>\n<p style=\"text-align: justify;\">Nous utilisons les informations sur l&rsquo;appareil que nous collectons pour nous aider \u00e0:<\/p>\n<ul>\n<li style=\"text-align: justify;\">Examinez les risques potentiels et les fraudes (notamment votre adresse IP).<\/li>\n<li style=\"text-align: justify;\">et g\u00e9n\u00e9ralement pour am\u00e9liorer et am\u00e9liorer notre Site (par exemple, en g\u00e9n\u00e9rant des analyses sur la fa\u00e7on dont nos clients naviguent et interagissent avec le Site.<\/li>\n<li style=\"text-align: justify;\">et \u00e9valuer le succ\u00e8s de nos campagnes de marketing et de publicit\u00e9).<\/li>\n<\/ul>\n<h3>Tiers:<\/h3>\n<p style=\"text-align: justify;\">Notre site Web contient des hyperliens et des d\u00e9tails sur des sites Web de tiers, bien que nous n&rsquo;ayons aucun contr\u00f4le et que nous ne soyons pas responsables des politiques et pratiques de confidentialit\u00e9 des tiers. Nous partageons vos informations personnelles avec des tiers pour nous aider \u00e0 utiliser vos informations personnelles, comme d\u00e9crit ci-dessus.<\/p>\n<p style=\"text-align: justify;\">Ce type de service permet \u00e0 cette application d&rsquo;acc\u00e9der aux donn\u00e9es de votre compte sur un service tiers et d&rsquo;effectuer des actions avec celui-ci.<\/p>\n<p style=\"text-align: justify;\">Ces services ne sont pas activ\u00e9s automatiquement, mais n\u00e9cessitent l&rsquo;autorisation explicite de l&rsquo;utilisateur.<\/p>\n<h3>Acc\u00e9der \u00e0 un compte Facebook (Facebook, Inc.)<\/h3>\n<p style=\"text-align: justify;\">Ce service permet \u00e0 cette application de se connecter au compte de l&rsquo;utilisateur sur le r\u00e9seau social Facebook, fourni par Facebook, Inc.<\/p>\n<h3>Acc\u00e9der \u00e0 un compte Twitter (Twitter, Inc.)<\/h3>\n<p style=\"text-align: justify;\">Ce service permet \u00e0 cette application de se connecter au compte d&rsquo;un utilisateur sur le r\u00e9seau social Twitter, fourni par Twitter, Inc.<\/p>\n<p style=\"text-align: justify;\">Traitement des donn\u00e9es personnelles : adresse e-mail; Pr\u00e9nom; Surnom.<\/p>\n<h3>Nous utilisons \u00e9galement Google Analytics pour nous aider \u00e0 comprendre comment nos clients utilisent le Site.<\/h3>\n<p>Vous pouvez en savoir plus sur la fa\u00e7on dont Google utilise vos informations personnelles ici:<\/p>\n<p>https:\/\/www.google.com\/intl\/en\/policies\/privacy\/<\/p>\n<p>Vous pouvez \u00e9galement vous d\u00e9sinscrire de Google Analytics ici:<\/p>\n<p>https:\/\/tools.google.com\/dlpage\/gaoptout<\/p>\n<p style=\"text-align: justify;\">Veuillez noter que nous ne collectons et n&rsquo;utilisons pas nos donn\u00e9es de site lorsque nous voyons un signal \u00ab\u00a0Ne pas suivre\u00a0\u00bb de votre navigateur.<\/p>\n<p style=\"text-align: justify;\">En s&rsquo;inscrivant ou en s&rsquo;authentifiant, les utilisateurs de cette application sont autoris\u00e9s \u00e0 s&rsquo;identifier et \u00e0 leur donner acc\u00e8s \u00e0 des services personnalis\u00e9s.<br \/>\nSelon ce qui est d\u00e9crit ci-dessous, des tiers peuvent fournir des services d&rsquo;enregistrement et d&rsquo;authentification. Dans ce cas, cette application pourra acc\u00e9der \u00e0 certaines donn\u00e9es stock\u00e9es par des services tiers \u00e0 des fins d&rsquo;enregistrement ou d&rsquo;identification.<br \/>\nCertains des services \u00e9num\u00e9r\u00e9s ci-dessous peuvent \u00e9galement collecter des donn\u00e9es personnelles \u00e0 des fins de ciblage et de profilage ; Pour en savoir plus, veuillez vous r\u00e9f\u00e9rer \u00e0 la description de chaque service.<\/p>\n<h3>Interaction avec les r\u00e9seaux sociaux et plateformes externes:<\/h3>\n<p style=\"text-align: justify;\">Ce type de service permet une interaction avec les r\u00e9seaux sociaux ou d&rsquo;autres plateformes externes directement depuis les pages de cette application. Les interactions et les informations obtenues via cette application sont toujours soumises aux param\u00e8tres de confidentialit\u00e9 de l&rsquo;utilisateur pour chaque r\u00e9seau social. Ce type de service peut continuer \u00e0 collecter des donn\u00e9es de trafic pour les pages sur lesquelles le Service est install\u00e9, m\u00eame lorsque les utilisateurs ne l&rsquo;utilisent pas. Il est recommand\u00e9 de se d\u00e9connecter des services respectifs pour s&rsquo;assurer que les donn\u00e9es trait\u00e9es sur cette application ne sont pas reconnect\u00e9es au profil utilisateur.<\/p>\n<h3>Droits et s\u00e9curit\u00e9 des informations personnelles des utilisateurs:<\/h3>\n<ul>\n<li style=\"text-align: justify;\">Nous maintiendrons \u00e0 tout moment la confidentialit\u00e9 et la confidentialit\u00e9 de toutes les donn\u00e9es personnelles que nous obtenons lors de l&rsquo;ouverture d&rsquo;un compte sur notre site Web.<\/li>\n<li style=\"text-align: justify;\">Nous nous engageons \u00e0 prendre des pr\u00e9cautions techniques et organisationnelles raisonnables pour \u00e9viter la perte, l&rsquo;utilisation abusive ou l&rsquo;alt\u00e9ration de vos informations personnelles.<\/li>\n<li style=\"text-align: justify;\">Nous nous engageons \u00e0 stocker toutes les informations personnelles que vous fournissez sur nos serveurs s\u00e9curis\u00e9s (prot\u00e9g\u00e9s par mot de passe et pare-feu).<\/li>\n<li style=\"text-align: justify;\">Toutes les transactions financi\u00e8res \u00e9lectroniques effectu\u00e9es via notre site Web sont prot\u00e9g\u00e9es par une technologie de cryptage.<\/li>\n<li style=\"text-align: justify;\">Vous reconnaissez que vous acceptez cette politique sachant que la transmission d&rsquo;informations sur Internet est intrins\u00e8quement non s\u00e9curis\u00e9e, et nous ne pouvons pas garantir la s\u00e9curit\u00e9 des donn\u00e9es transmises sur Internet.<\/li>\n<li style=\"text-align: justify;\">Vous \u00eates responsable du maintien de la confidentialit\u00e9 du mot de passe que vous utilisez pour acc\u00e9der \u00e0 notre site. Nous ne vous demanderons pas votre mot de passe (sauf lorsque vous vous connectez \u00e0 notre site).<\/li>\n<li style=\"text-align: justify;\">De plus, les donn\u00e9es que vous fournissez ne seront jamais vendues \u00ab commerciales, lou\u00e9es ou divulgu\u00e9es \u00bb \u00e0 des tiers dans le but de les commercialiser pour son propre b\u00e9n\u00e9fice.<\/li>\n<li style=\"text-align: justify;\">Lorsque vous passez une commande sur le Site, nous conserverons les informations de votre commande pour nos dossiers, \u00e0 moins que vous ne nous demandiez de supprimer ces informations.<\/li>\n<li style=\"text-align: justify;\">Vous avez le droit d&rsquo;acc\u00e9der aux informations personnelles que nous d\u00e9tenons \u00e0 votre sujet et de nous demander de corriger, mettre \u00e0 jour ou supprimer vos informations personnelles.<\/li>\n<li style=\"text-align: justify;\">Si vous souhaitez exercer ce droit, veuillez nous contacter via les coordonn\u00e9es ci-dessous.<\/li>\n<\/ul>\n<h3>Lorsque vous nous contactez:<\/h3>\n<ul>\n<li style=\"text-align: justify;\">Toutes les donn\u00e9es que vous fournissez seront trait\u00e9es comme priv\u00e9es et confidentielles.<\/li>\n<li style=\"text-align: justify;\">Les formulaires qui sont soumis directement sur le r\u00e9seau n\u00e9cessitent que vous fournissiez des donn\u00e9es qui nous aideront \u00e0 am\u00e9liorer notre site.<\/li>\n<li style=\"text-align: justify;\">Les donn\u00e9es que vous fournissez seront utilis\u00e9es pour r\u00e9pondre \u00e0 toutes vos demandes, commentaires ou demandes de notre site.<\/li>\n<\/ul>\n<h3>Modifications de la politique de confidentialit\u00e9 du site:<\/h3>\n<p style=\"text-align: justify;\">Nous nous r\u00e9servons le droit de modifier les termes et conditions de la politique de confidentialit\u00e9 et de confidentialit\u00e9 des informations si n\u00e9cessaire et le cas \u00e9ch\u00e9ant. Les modifications seront mises en \u0153uvre ici ou sur la page Politique de confidentialit\u00e9.<br \/>\nPour plus d&rsquo;informations sur nos pratiques de confidentialit\u00e9, veuillez nous contacter par email \u00e0 info@amin-sheikho.com<\/p>\n<h3>Contactez-nous:<\/h3>\n<p style=\"text-align: justify;\">Vous pouvez nous contacter en cas de besoin en cliquant sur le lien Contactez-nous disponible dans les liens de notre site Web ou en envoyant \u00e0 notre e-mail les informations sur le nom de domaine ci-dessus.<\/p>\n<h3>Finalement:<\/h3>\n<p style=\"text-align: justify;\">Vos pr\u00e9occupations et pr\u00e9occupations concernant la confidentialit\u00e9 et la confidentialit\u00e9 des donn\u00e9es sont une question de la plus haute importance pour nous. Nous esp\u00e9rons que cela sera r\u00e9alis\u00e9 gr\u00e2ce \u00e0 cette politique.<\/p>\n","protected":false},"excerpt":{"rendered":"<p>D\u00e9claration de confidentialit\u00e9 et de confidentialit\u00e9: Nous appr\u00e9cions votre int\u00e9r\u00eat et vos pr\u00e9occupations concernant la confidentialit\u00e9 de vos donn\u00e9es sur Internet. Cette politique a \u00e9t\u00e9 pr\u00e9par\u00e9e pour vous aider \u00e0 comprendre la nature des donn\u00e9es que nous recueillons aupr\u00e8s de vous lorsque vous visitez notre site Web et comment nous traitons ces donn\u00e9es personnelles, lorsque &hellip;<\/p>\n","protected":false},"author":1,"featured_media":0,"parent":0,"menu_order":0,"comment_status":"closed","ping_status":"closed","template":"","meta":{"footnotes":""},"class_list":["post-438","page","type-page","status-publish","hentry"],"jetpack_sharing_enabled":true,"_links":{"self":[{"href":"https:\/\/www.amin-sheikho.com\/fr\/wp-json\/wp\/v2\/pages\/438","targetHints":{"allow":["GET"]}}],"collection":[{"href":"https:\/\/www.amin-sheikho.com\/fr\/wp-json\/wp\/v2\/pages"}],"about":[{"href":"https:\/\/www.amin-sheikho.com\/fr\/wp-json\/wp\/v2\/types\/page"}],"author":[{"embeddable":true,"href":"https:\/\/www.amin-sheikho.com\/fr\/wp-json\/wp\/v2\/users\/1"}],"replies":[{"embeddable":true,"href":"https:\/\/www.amin-sheikho.com\/fr\/wp-json\/wp\/v2\/comments?post=438"}],"version-history":[{"count":4,"href":"https:\/\/www.amin-sheikho.com\/fr\/wp-json\/wp\/v2\/pages\/438\/revisions"}],"predecessor-version":[{"id":3774,"href":"https:\/\/www.amin-sheikho.com\/fr\/wp-json\/wp\/v2\/pages\/438\/revisions\/3774"}],"wp:attachment":[{"href":"https:\/\/www.amin-sheikho.com\/fr\/wp-json\/wp\/v2\/media?parent=438"}],"curies":[{"name":"wp","href":"https:\/\/api.w.org\/{rel}","templated":true}]}}