{"id":254,"date":"2017-07-24T21:50:51","date_gmt":"2017-07-24T18:50:51","guid":{"rendered":"http:\/\/localhost\/en\/?page_id=254"},"modified":"2017-08-20T08:31:02","modified_gmt":"2017-08-20T05:31:02","slug":"contact-us","status":"publish","type":"page","link":"https:\/\/www.amin-sheikho.com\/fr\/contact-us\/","title":{"rendered":"Contactez nous"},"content":{"rendered":"<p style=\"text-align: center;\">\n\t\t<div class=\"clearfix\"><\/div>\n\t\t<hr style=\"margin-top:20px; margin-bottom:20px;\" class=\"divider divider-solid\">\n\t\n<p style=\"text-align: center;\">\n\t\t<div class=\"box success  \">\n\t\t\t<div class=\"box-inner-block\">\n\t\t\t\t<span class=\"fa tie-shortcode-boxicon\"><\/span>\n<h3 style=\"text-align: center;\"><strong><span id=\"result_box\" class=\"short_text\" lang=\"fr\"><span class=\"\">Merci d&rsquo;avoir visit\u00e9 notre site Web.<\/span><\/span><\/strong><\/h3>\n<p style=\"text-align: center;\"><span id=\"result_box\" class=\"short_text\" lang=\"fr\"><span class=\"\">Nous appr\u00e9cions votre int\u00e9r\u00eat et vos commentaires<\/span><\/span> . Pour nous contacter et envoyer un message &#8230; Cliquez sur le bouton ci-dessous<\/p>\n<p style=\"text-align: center;\">\n\t\t\t<\/div>\n\t\t<\/div>\n\t\n<p style=\"text-align: center;\"><a href=\"mailto:info@amin-sheikho.com\" class=\"shortc-button medium orange\"><span id=\"result_box\" class=\"short_text\" lang=\"fr\"><span class=\"\">Cliquez ici pour envoyer<\/span><\/span><\/a>\n<p style=\"text-align: center;\">\n","protected":false},"excerpt":{"rendered":"<p>Merci d&rsquo;avoir visit\u00e9 notre site Web. Nous appr\u00e9cions votre int\u00e9r\u00eat et vos commentaires . Pour nous contacter et envoyer un message &#8230; Cliquez sur le bouton ci-dessous<\/p>\n","protected":false},"author":1,"featured_media":0,"parent":0,"menu_order":0,"comment_status":"closed","ping_status":"closed","template":"","meta":{"footnotes":""},"class_list":["post-254","page","type-page","status-publish","hentry"],"jetpack_sharing_enabled":true,"_links":{"self":[{"href":"https:\/\/www.amin-sheikho.com\/fr\/wp-json\/wp\/v2\/pages\/254","targetHints":{"allow":["GET"]}}],"collection":[{"href":"https:\/\/www.amin-sheikho.com\/fr\/wp-json\/wp\/v2\/pages"}],"about":[{"href":"https:\/\/www.amin-sheikho.com\/fr\/wp-json\/wp\/v2\/types\/page"}],"author":[{"embeddable":true,"href":"https:\/\/www.amin-sheikho.com\/fr\/wp-json\/wp\/v2\/users\/1"}],"replies":[{"embeddable":true,"href":"https:\/\/www.amin-sheikho.com\/fr\/wp-json\/wp\/v2\/comments?post=254"}],"version-history":[{"count":7,"href":"https:\/\/www.amin-sheikho.com\/fr\/wp-json\/wp\/v2\/pages\/254\/revisions"}],"predecessor-version":[{"id":258,"href":"https:\/\/www.amin-sheikho.com\/fr\/wp-json\/wp\/v2\/pages\/254\/revisions\/258"}],"wp:attachment":[{"href":"https:\/\/www.amin-sheikho.com\/fr\/wp-json\/wp\/v2\/media?parent=254"}],"curies":[{"name":"wp","href":"https:\/\/api.w.org\/{rel}","templated":true}]}}