{"id":214,"date":"2017-07-23T21:58:46","date_gmt":"2017-07-23T18:58:46","guid":{"rendered":"http:\/\/localhost\/en\/?page_id=214"},"modified":"2021-06-13T09:59:53","modified_gmt":"2021-06-13T06:59:53","slug":"a-glimpse-of-the-islamic-scholar-prof-a-k-john-alias-al-dayrani","status":"publish","type":"page","link":"https:\/\/www.amin-sheikho.com\/fr\/a-glimpse-of-the-islamic-scholar-prof-a-k-john-alias-al-dayrani\/","title":{"rendered":"La vie de Abdoul-kh\u00e2dir Yahya dit al-Dyrani"},"content":{"rendered":"<figure id=\"attachment_216\" aria-describedby=\"caption-attachment-216\" style=\"width: 300px\" class=\"wp-caption alignright\"><a href=\"http:\/\/www.amin-sheikho.com\/fr\/wp-content\/uploads\/2017\/07\/prof.dayrani_2.png\"><img loading=\"lazy\" decoding=\"async\" class=\"wp-image-216 size-medium\" src=\"http:\/\/www.amin-sheikho.com\/fr\/wp-content\/uploads\/2017\/07\/prof.dayrani_2-300x222.png\" alt=\"Prof. A.K. John alias Al-Dayrani\" width=\"300\" height=\"222\" srcset=\"https:\/\/www.amin-sheikho.com\/fr\/wp-content\/uploads\/2017\/07\/prof.dayrani_2-300x222.png 300w, https:\/\/www.amin-sheikho.com\/fr\/wp-content\/uploads\/2017\/07\/prof.dayrani_2.png 365w\" sizes=\"auto, (max-width: 300px) 100vw, 300px\" \/><\/a><figcaption id=\"caption-attachment-216\" class=\"wp-caption-text\">Prof. Abdoul-kh\u00e2dir Yahya dit al-Dyrani (Chercheur et penseur islamique)<\/figcaption><\/figure>\n<p style=\"text-align: justify;\">Prof. Abdoul-kh\u00e2dir Yahya dit al-Dyrani est n\u00e9 le 24 juillet 1934. Par la gr\u00e2ce de Dieu, il est issu d\u2019une amille d\u2019\u00e9rudits. Son p\u00e8re, le Cheikh Mohammad Dayrani (que Dieu lui accorde sa mis\u00e9ricorde), sp\u00e9cialiste des hadiths fait ses \u00e9tudes (comme mourides aspirant) chez le c\u00e9l\u00e9brissime Cheikh Badrou Dine Housseini (que Dieu lui accorde sa mis\u00e9ricorde).<\/p>\n<p style=\"text-align: justify;\">P\u00e9tri dans le moule de son p\u00e8re, il est comme pr\u00e9destin\u00e9 \u00e0 devenir un grand religieux. D\u00e8s son jeune \u00e2ge, il commence \u00e0 apprendre tous les livres \u00e9crits par son p\u00e8re. Sa rencontre avec Mohammad Amin Sheikho (que Dieu b\u00e9nisse son \u00e2me) pendant ses ann\u00e9es de lyc\u00e9e cr\u00e9e en lui un d\u00e9clic. Il reste sous sa tutelle acad\u00e9mique pr\u00e8s d\u2019une d\u00e9cennie, des ann\u00e9es \u00e0 jamais grav\u00e9s dans sa m\u00e9moire. Il dit avoir appris plus aupr\u00e8s de lui qu\u2019\u00e0 l\u2019universit\u00e9 d\u2019o\u00f9 il est sorti bard\u00e9 de dipl\u00f4mes (dix au total). \u00ab Tout ce que j\u2019ai comme savoir, je l\u2019ai re\u00e7u de mon guide, son Eminence Mohammad Amin. \u2026 \u00bb.<\/p>\n\n\t\t<div class=\"clearfix\"><\/div>\n\t\t<hr style=\"margin-top:20px; margin-bottom:20px;\" class=\"divider divider-solid\">\n\t\n\n\t\t<div class=\"tie-padding  has-padding-left has-padding-right\" style=\"padding-left:10%; padding-right:5%; padding-top:0; padding-bottom:0;\">\n\t\t\t<p>\n<p style=\"text-align: justify;\">Dayrani qui \u00e9prouve le sentiment d\u2019\u00eatre le d\u00e9positaire d\u2019un savoir g\u00e9n\u00e9rateur de sagesse et par cons\u00e9quent du bonheur humain va se d\u00e9cider \u00e0 mettre \u00e0 la disposition du monde musulmans et des non musulmans, le prestigieux h\u00e9ritage de Mohammad Amin Sheikho, c\u2019est la mati\u00e8re des ouvrages qu\u2019il publie. Pour la post\u00e9rit\u00e9, il a mis en forme le savoir qu\u2019il a re\u00e7u de son \u00e9minent professeur, lequel a pass\u00e9 au crible de la raison de nombreux sujets dans plusieurs domaines de connaissances. Il a ainsi pu d\u00e9montrer que la prononciation du nom de Dieu pendant l\u2019abattage d\u00e9sinfecte les bact\u00e9ries de la viande de l\u2019animal, diminue les douleurs de la b\u00eate et prot\u00e8ge contre les maladies incurables comme la vache folle ou la grippe aviaire.Il a mis d\u2019avantage en lumi\u00e8re le hijama (la saign\u00e9e), une m\u00e9thode th\u00e9rapeutique forte efficace qui permet de vaincre m\u00eame les maux d\u00e9clar\u00e9s incurables.<\/p>\n<p style=\"text-align: justify;\">Avec 55 ouvrages d\u00e9j\u00e0 publi\u00e9s par A. K. Yahya sur les enseignements de Mohammad Amin Sheikho, on ne parle plus de l\u2019un sans penser \u00e0 l\u2019autre. Les deux noms vont ensemble.<\/p>\n<\/p>\n\t\t<\/div>\n\t\n<p><a href=\"\/fr\/wp-content\/uploads\/2017\/07\/prof.dayrani_3-600x300.png\"><img loading=\"lazy\" decoding=\"async\" class=\"aligncenter wp-image-222\" src=\"https:\/\/www.amin-sheikho.com\/fr\/wp-content\/uploads\/2017\/07\/prof.dayrani_3.png\" alt=\"\" width=\"500\" height=\"250\" srcset=\"https:\/\/www.amin-sheikho.com\/fr\/wp-content\/uploads\/2017\/07\/prof.dayrani_3.png 660w, https:\/\/www.amin-sheikho.com\/fr\/wp-content\/uploads\/2017\/07\/prof.dayrani_3-300x150.png 300w, https:\/\/www.amin-sheikho.com\/fr\/wp-content\/uploads\/2017\/07\/prof.dayrani_3-600x300.png 600w, https:\/\/www.amin-sheikho.com\/fr\/wp-content\/uploads\/2017\/07\/prof.dayrani_3-400x200.png 400w, https:\/\/www.amin-sheikho.com\/fr\/wp-content\/uploads\/2017\/07\/prof.dayrani_3-450x225.png 450w\" sizes=\"auto, (max-width: 500px) 100vw, 500px\" \/><\/a><\/p>\n<p>&nbsp;<\/p>\n","protected":false},"excerpt":{"rendered":"<p>Prof. Abdoul-kh\u00e2dir Yahya dit al-Dyrani est n\u00e9 le 24 juillet 1934. Par la gr\u00e2ce de Dieu, il est issu d\u2019une amille d\u2019\u00e9rudits. Son p\u00e8re, le Cheikh Mohammad Dayrani (que Dieu lui accorde sa mis\u00e9ricorde), sp\u00e9cialiste des hadiths fait ses \u00e9tudes (comme mourides aspirant) chez le c\u00e9l\u00e9brissime Cheikh Badrou Dine Housseini (que Dieu lui accorde sa &hellip;<\/p>\n","protected":false},"author":1,"featured_media":207,"parent":0,"menu_order":0,"comment_status":"closed","ping_status":"closed","template":"","meta":{"footnotes":""},"class_list":["post-214","page","type-page","status-publish","has-post-thumbnail","hentry"],"jetpack_sharing_enabled":true,"_links":{"self":[{"href":"https:\/\/www.amin-sheikho.com\/fr\/wp-json\/wp\/v2\/pages\/214","targetHints":{"allow":["GET"]}}],"collection":[{"href":"https:\/\/www.amin-sheikho.com\/fr\/wp-json\/wp\/v2\/pages"}],"about":[{"href":"https:\/\/www.amin-sheikho.com\/fr\/wp-json\/wp\/v2\/types\/page"}],"author":[{"embeddable":true,"href":"https:\/\/www.amin-sheikho.com\/fr\/wp-json\/wp\/v2\/users\/1"}],"replies":[{"embeddable":true,"href":"https:\/\/www.amin-sheikho.com\/fr\/wp-json\/wp\/v2\/comments?post=214"}],"version-history":[{"count":9,"href":"https:\/\/www.amin-sheikho.com\/fr\/wp-json\/wp\/v2\/pages\/214\/revisions"}],"predecessor-version":[{"id":3717,"href":"https:\/\/www.amin-sheikho.com\/fr\/wp-json\/wp\/v2\/pages\/214\/revisions\/3717"}],"wp:featuredmedia":[{"embeddable":true,"href":"https:\/\/www.amin-sheikho.com\/fr\/wp-json\/wp\/v2\/media\/207"}],"wp:attachment":[{"href":"https:\/\/www.amin-sheikho.com\/fr\/wp-json\/wp\/v2\/media?parent=214"}],"curies":[{"name":"wp","href":"https:\/\/api.w.org\/{rel}","templated":true}]}}