{"id":205,"date":"2017-07-23T16:18:46","date_gmt":"2017-07-23T13:18:46","guid":{"rendered":"http:\/\/localhost\/en\/?page_id=205"},"modified":"2022-06-18T13:37:57","modified_gmt":"2022-06-18T10:37:57","slug":"biography-the-humane-scholar-m-a-sheikho-his-soul-has-been-sanctified-by-allah","status":"publish","type":"page","link":"https:\/\/www.amin-sheikho.com\/fr\/biography-the-humane-scholar-m-a-sheikho-his-soul-has-been-sanctified-by-allah\/","title":{"rendered":"L&rsquo;\u00e9minent \u00e9rudit humaniste Mohammad Amin Sheikho"},"content":{"rendered":"<h3>Pr\u00e9face:<\/h3>\n\n\t\t<div class=\"clearfix\"><\/div>\n\t\t<hr style=\"margin-top:20px; margin-bottom:20px;\" class=\"divider divider-normal\">\n\t\n\n\t\t<div class=\"tie-padding  has-padding-left has-padding-right\" style=\"padding-left:10%; padding-right:5%; padding-top:0; padding-bottom:0;\">\n\t\t\t<p>\n<p style=\"text-align: justify;\"><a href=\"http:\/\/www.amin-sheikho.com\/fr\/wp-content\/uploads\/2017\/07\/amin_sheikho.jpg\"><img loading=\"lazy\" decoding=\"async\" class=\"alignright wp-image-209 size-medium\" src=\"http:\/\/www.amin-sheikho.com\/fr\/wp-content\/uploads\/2017\/07\/amin_sheikho-203x300.jpg\" alt=\"\" width=\"203\" height=\"300\" srcset=\"https:\/\/www.amin-sheikho.com\/fr\/wp-content\/uploads\/2017\/07\/amin_sheikho-203x300.jpg 203w, https:\/\/www.amin-sheikho.com\/fr\/wp-content\/uploads\/2017\/07\/amin_sheikho.jpg 303w\" sizes=\"auto, (max-width: 203px) 100vw, 203px\" \/><\/a>Mohammad Amin Sheikho nait en 1308 de l\u2019h\u00e9gire \u00e0 Damas. Il est d\u2019une beaut\u00e9 l\u00e9gendaire et la pr\u00e9cocit\u00e9 de son intelligence est impressionnante. Ces qualit\u00e9s sont certainement pour beaucoup dans l\u2019immense amour que son p\u00e8re, un commer\u00e7ant damasc\u00e8ne (de Syrie) \u00e9prouve pour lui.<\/p>\n<p style=\"text-align: justify;\">Amin Sheikho est un enfant plein de gait\u00e9, sa personnalit\u00e9 influencent fortement ses parents qui prennent sp\u00e9cialement soin de lui et le couvre de tendresse. Il n\u2019en profite pas pour longtemps malheureusement. Son p\u00e8re d\u00e9c\u00e8de de suite d\u2019une longue maladie. Cette disparition affecte gravement le petit Sheikho qui n\u2019a alors que sept ans. Malgr\u00e9 son jeune \u00e2ge, il se trouve en devoir de prendre en charge sa m\u00e8re, veuve qui doit en plus de la mort de son mari, surmonter l\u2019absence de son fils Salim, le fr\u00e8re de Sheikho partie en Turquie. Il a la lourde responsabilit\u00e9 de consoler sa m\u00e8re et de subvenir \u00e0 ses besoins mat\u00e9riels.<br \/>\nIl se montre courageux et endurant face aux difficult\u00e9s qui surviennent apr\u00e8s le d\u00e9c\u00e8s de son p\u00e8re. Jadis ais\u00e9e, sa famille va connaitre la mis\u00e8re.<\/p>\n<\/p>\n\t\t<\/div>\n\t\n<h3 style=\"text-align: justify;\">Un adolescent assidu\u200b:<\/h3>\n\n\t\t<div class=\"clearfix\"><\/div>\n\t\t<hr style=\"margin-top:20px; margin-bottom:20px;\" class=\"divider divider-normal\">\n\t\n\n\t\t<div class=\"tie-padding  has-padding-left has-padding-right\" style=\"padding-left:10%; padding-right:5%; padding-top:0; padding-bottom:0;\">\n\t\t\t<p>\n<p style=\"text-align: justify;\"><a href=\"http:\/\/www.amin-sheikho.com\/fr\/wp-content\/uploads\/2017\/07\/scholar_officer.png\"><img loading=\"lazy\" decoding=\"async\" class=\"alignright wp-image-210 size-medium\" src=\"http:\/\/www.amin-sheikho.com\/fr\/wp-content\/uploads\/2017\/07\/scholar_officer-200x300.png\" alt=\"\" width=\"200\" height=\"300\" \/><\/a>Quand il atteint l\u2019\u00e2ge de l\u2019adolescence, il va r\u00e9sider au quartier r\u00e9sidentiel de Charoja appel\u00e9 \u00ab petit Istanbul \u00bb habit\u00e9 par les responsables du gouvernement turc. Etant Connu comme descendant de la lign\u00e9e du proph\u00e8te, il va b\u00e9n\u00e9ficier de leurs faveurs. Il s\u2019inscrit \u00e0 la facult\u00e9 royale turque Anbar \u00e0 Damas o\u00f9 il se distingue par son travail..<\/p>\n<p style=\"text-align: justify;\">Il en sort officier de police \u00e0 18 ans. Il exerce dans plusieurs postes de s\u00e9curit\u00e9 \u00e0 Damas et dans les districts environnants. Son passage \u00e0 la direction de la police \u00e0 Damas eut pour cons\u00e9quence l\u2019\u00e9radication de l\u2019ins\u00e9curit\u00e9 dans cette m\u00e9tropole.<\/p>\n<p style=\"text-align: justify;\">Vigilent, d\u00e9termin\u00e9 contre les fauteurs de troubles, il ne m\u00e9nage pas d\u2019efforts pour d\u00e9fendre et prot\u00e9ger sa zone. Certains criminels pr\u00e9f\u00e9raient se rendre \u00e0 Sheikho quand il \u00e9tait \u00e0 leurs trousses. Ils le trouvaient juste. Beaucoup de d\u00e9tenus fondaient sur lui l\u2019espoir d\u2019\u00eatre un jour affranchis.<\/p>\n<p style=\"text-align: justify;\">Il faut rappeler le contexte pour souligner qu\u2019\u00e0 cette \u00e9poque l\u2019empire ottoman commence \u00e0 perdre du terrain, son autorit\u00e9 est remise en question, le rayonnement de l\u2019islam en prend un coup. Le d\u00e9sordre s\u2019installe presque partout, de jour comme de nuit dans la r\u00e9gion sauf \u00e0 Damas et ses banlieues o\u00f9 r\u00e9gnait un certain Mohammad Amin Sheikho. De tout son c\u0153ur et de toutes ses forces, celui-ci put \u00e9tablir la s\u00e9curit\u00e9 dans son unit\u00e9 de comp\u00e9tence. il n\u2019y tol\u00e8re pas l\u2019anarchie encore moins le crime. L\u2019un des faits marquants de sa carri\u00e8re, l\u2019arrestation \u00e0 Damas d\u2019un chef de gang lui vaut le surnom de \u00ab Aslan \u00bb, c\u2019est-\u00e0-dire Le Lion. Il est l\u2019un des rares officiers \u00e0 afficher une implacable d\u00e9termination contre l\u2019injustice et la terreur. En ce temps d\u00e9j\u00e0, il a d\u00e9j\u00e0 totalement confiance en son Seigneur, celui qui donne la victoire. De promotions en promotions, il devient le directeur g\u00e9n\u00e9ral de la s\u00e9curit\u00e9 \u00e0 Damas. Un jour, il d\u00e9cide ou alors prend le risque de lib\u00e9rer des milliers de prisonniers pour les inciter \u00e0 lutter contre les m\u00e9cr\u00e9ants. Il mit ainsi fin \u00e0 la pratique de la pendaison institu\u00e9e par Jamal bacha Sifaah dans les march\u00e9s de la ville. Il s\u2019est maintes fois expos\u00e9 \u00e0 la mort pour ses prises de position contre ces pendaisons et contre les injustices de Jamal bacha mais Dieu le sauve pour la grandeur de son \u00e2me et sa cl\u00e9mence.<\/p>\n<p style=\"text-align: justify;\">Sous l\u2019occupation fran\u00e7aise, il est reconduit \u00e0 la direction de la police. Quand \u00e9clate la r\u00e9volution Syrienne contre les fran\u00e7ais, il soutient sans r\u00e9serve les r\u00e9volutionnaires.<\/p>\n<p style=\"text-align: justify;\">L\u2019amour pour son Seigneur et son pays est plus fort. Il va causer l\u2019insomnie aux Fran\u00e7ais lorsqu\u2019il donne la plus grosse cargaison d\u2019armes venue d\u2019Hexagone et d\u00e9pos\u00e9e dans l\u2019entrep\u00f4t de hanjar (au Liban) aux r\u00e9volutionnaires. L\u2019objectif est de faire triompher les croyants dans le conflit qui les oppose aux Fran\u00e7ais.<\/p>\n<p style=\"text-align: justify;\">Le g\u00e9n\u00e9ral Catroux est terrifi\u00e9 lorsqu\u2019il apprend la nouvelle. Il prononce la peine de mort contre Mohammad Amin Sheikho mais Dieu par sa gr\u00e2ce le sauve.<\/p>\n<\/p>\n\t\t<\/div>\n\t\n<h3>L\u2019epoque De L\u2019appel Vers Dieu\u200b:<\/h3>\n\n\t\t<div class=\"clearfix\"><\/div>\n\t\t<hr style=\"margin-top:20px; margin-bottom:20px;\" class=\"divider divider-normal\">\n\t\n\n\t\t<div class=\"tie-padding  has-padding-left has-padding-right\" style=\"padding-left:10%; padding-right:5%; padding-top:0; padding-bottom:0;\">\n\t\t\t<p>\n<p style=\"text-align: justify;\">Amin Sheikho est tr\u00e8s impressionn\u00e9 par la grande sagesse de l\u2019Eminent savant Cheikh Amin Kaftaro; Il restera \u00e0 ses c\u00f4t\u00e9 21 ans durant pendant lesquelles il se met enti\u00e8rement \u00e0 son service. A l\u2019\u00e2ge de 40 ans, Dieu lui ouvre le c\u0153ur. Il se met \u00e0 l\u2019apprentissage aupr\u00e8s de Kaftaro. Chez ce savant de grande renomm\u00e9, il commence par le commencement autrement dit par la \u00abFatiha\u00bb, la sourate de L\u2019ouverture. Sa passion pour la connaissance du Tr\u00e8s haut se mesure \u00e0 son assiduit\u00e9 et son d\u00e9vouement.<\/p>\n<p style=\"text-align: justify;\">La mort de Amin Kaftaro fit en lui un choc. Il se souviendra \u00e0 jamais de ce grand maitre. Il va avoir toujours pr\u00e9sent \u00e0 l\u2019esprit, ce temps pass\u00e9 ensemble, ces moment de pri\u00e8re et de m\u00e9ditation qu\u2019ils ont v\u00e9cu ensemble, bref de cette compagnie qui a d\u00e9finitivement chang\u00e9 sa vie en l\u2019incitant \u00e0 emprunter le chemin qui m\u00e8ne \u00e0 Dieu, La voie qui est conforme aux prescriptions d\u2019Allah, le Coran et la sunna.<\/p>\n<p style=\"text-align: justify;\">Suite \u00e0 la disparition de Kaftaro, il prend le flambeau de l\u2019appel avec m\u00e9rite et vigueur pour guider les aspirants.<\/p>\n<p style=\"text-align: justify;\">On le surnomme Mohammad Amin Bey <em>(que Dieu b\u00e9ni son \u00e2me)<\/em>. Bey mot d\u2019origine turque qui signifie puret\u00e9.<\/p>\n<p style=\"text-align: justify;\">Les gens venaient de partout <em>(Syrie, Irak, Liban\u2026)<\/em> pour s\u2019abreuver de son savoir et vivre dans l\u2019atmosph\u00e8re de pi\u00e9t\u00e9 et de r\u00e9v\u00e9rence qu\u2019il cr\u00e9ait autour de lui. En r\u00e9f\u00e9rence \u00e0 ses qualit\u00e9s morales, un po\u00e8te disait: <strong>\u00abQuand on parle de moral dans notre horizon c\u2019est \u00e0 Bey qu\u2019on se r\u00e9f\u00e8re\u00bb<\/strong>.<\/p>\n<\/p>\n\t\t<\/div>\n\t\n<h3 style=\"text-align: justify;\">Bref Aper\u00e7u Sur Son Appel Et Ses Expos\u00e9s:\u200b<\/h3>\n<p><a href=\"http:\/\/www.amin-sheikho.com\/fr\/wp-content\/uploads\/2017\/07\/scholar_f_2.png\"><img loading=\"lazy\" decoding=\"async\" class=\"aligncenter wp-image-199 size-full\" src=\"http:\/\/www.amin-sheikho.com\/fr\/wp-content\/uploads\/2017\/07\/scholar_f_2.png\" alt=\"\" width=\"660\" height=\"330\" srcset=\"https:\/\/www.amin-sheikho.com\/fr\/wp-content\/uploads\/2017\/07\/scholar_f_2.png 660w, https:\/\/www.amin-sheikho.com\/fr\/wp-content\/uploads\/2017\/07\/scholar_f_2-300x150.png 300w, https:\/\/www.amin-sheikho.com\/fr\/wp-content\/uploads\/2017\/07\/scholar_f_2-600x300.png 600w, https:\/\/www.amin-sheikho.com\/fr\/wp-content\/uploads\/2017\/07\/scholar_f_2-400x200.png 400w, https:\/\/www.amin-sheikho.com\/fr\/wp-content\/uploads\/2017\/07\/scholar_f_2-450x225.png 450w\" sizes=\"auto, (max-width: 660px) 100vw, 660px\" \/><\/a><\/p>\n\n\t\t<div class=\"clearfix\"><\/div>\n\t\t<hr style=\"margin-top:20px; margin-bottom:20px;\" class=\"divider divider-normal\">\n\t\n\n\t\t<div class=\"tie-padding  has-padding-left has-padding-right\" style=\"padding-left:10%; padding-right:5%; padding-top:0; padding-bottom:0;\">\n\t\t\t<p>\n<p style=\"text-align: justify;\">Les cours qu\u2019ils dispensaient \u00e9taient d\u2019autant plus captivants que ses propos \u00e9taient splendides. La clart\u00e9 de ses id\u00e9es et l\u2019intransigeance des v\u00e9rit\u00e9s qu\u2019il enseignait \u00e9taient remarquables. Il maitrisait l\u2019art de la p\u00e9dagogie. Il trouvait presque toujours la bonne formule pour que le message atteigne les oreilles des apprenants sans blesser leur c\u0153ur.<\/p>\n<p style=\"text-align: justify;\">Il a \u00e9clair\u00e9 les t\u00e9n\u00e8bres de l\u2019ignorance par sa science.<\/p>\n<p style=\"text-align: justify;\">Il a an\u00e9anti totalement les \u00e9coles de comploteurs et leurs discussions st\u00e9riles qui d\u00e9truisaient les relations entre les fid\u00e8les et leur Seigneur.<\/p>\n<p style=\"text-align: justify;\">Il a instruit les fid\u00e8les sur le Cr\u00e9ateur du monde et sur ses attributs <strong>\u00ab \u2026le Seigneur mis\u00e9ricordieux, sage, loyal, g\u00e9n\u00e9reux, qui n\u2019a point besoin de nous pour exister, le Seigneur de la gratitude et de la pl\u00e9nitude, celui qu\u2019on doit remercier \u00e0 tout instant m\u00eame dans les moments difficiles car sa gratitude ne tarde jamais \u00e0 venir, celui qui n\u2019a pas besoin de notre adoration pour exister mais nous avons besoin de sa lumi\u00e8re pour \u00e9chapper au p\u00e9ch\u00e9 et aux malheurs qui en d\u00e9coulent\u00bb<\/strong>.<\/p>\n<p style=\"text-align: justify;\">L\u2019\u0153uvre d\u2019Amin Sheikho <em>(que son \u00e2me soit b\u00e9nie)<\/em> est immense. La profondeur de ses r\u00e9flexions l\u2019inscrit parmi l\u2019un des meilleurs savants du monde musulman contemporain. Loin d\u2019\u00eatre un enchainement de th\u00e9ories, ses cours \u00e9taient vivants et parsem\u00e9 d\u2019exemples. Il a \u00e9t\u00e9 dans sa vie le mod\u00e8le des valeurs qu\u2019il a toujours pr\u00each\u00e9.<\/p>\n<p style=\"text-align: justify;\">Il a trait\u00e9 dans ses expos\u00e9s des sujets divers et vari\u00e9s parfois dans des domaines jamais explor\u00e9s auparavant. Il a apport\u00e9 des r\u00e9ponses pr\u00e9cises aux questions du genre:<\/p>\n<ul>\n<li style=\"text-align: justify;\">Qu\u2019est-ce que l\u2019\u00eatre?<\/li>\n<li style=\"text-align: justify;\">Qu\u2019est-ce que l\u2019\u00e2me?<\/li>\n<li style=\"text-align: justify;\">Qu\u2019est-ce que l\u2019esprit? La nature de l\u2019enfer? La nature du paradis?<\/li>\n<li style=\"text-align: justify;\">Qu\u2019est-ce que la fatalit\u00e9 et la pr\u00e9destin\u00e9e?<\/li>\n<li style=\"text-align: justify;\">Qu\u2019est-ce que la pr\u00e9existence? Pourquoi sommes-nous cr\u00e9\u00e9s? Pourquoi ce grand univers?<\/li>\n<li style=\"text-align: justify;\">Quelle est l\u2019int\u00e9r\u00eat des rites religieux? Pourquoi la privation pendant le je\u00fbne?<\/li>\n<li style=\"text-align: justify;\">Quel est l\u2019int\u00e9r\u00eat de la pri\u00e8re?<\/li>\n<li style=\"text-align: justify;\">Pourquoi on pratique le p\u00e8lerinage dans un endroit d\u00e9sertique sans eaux et sans arbres?<\/li>\n<\/ul>\n<p style=\"text-align: justify;\">Dans un monde o\u00f9 La course effr\u00e9n\u00e9e aux mat\u00e9riels et l\u2019attachement aux mondanit\u00e9s font figure de priorit\u00e9, ces questions ne pr\u00e9occupent par outre mesure les esprits. Ils oublient que le jour de la r\u00e9surrection chacun sera face \u00e0 ses \u0153uvres secr\u00e8tes ou publiques.<\/p>\n<p style=\"text-align: justify;\">A propos de son grand esprit le c\u00e9l\u00e8bre intellectuel anglais John G. Bennett disait <strong>\u00abtout ce que nous avons re\u00e7u de science n\u2019est rien devant l\u2019oc\u00e9an de science que j\u2019ai rencontr\u00e9 dans le Moyen orient\u00bb<\/strong> Sir Bennett \u00e9tait un homme politique et un diplomate exp\u00e9riment\u00e9. Il assurait la fonction de conseiller dans l\u2019empire ottoman quand celui-ci est \u00e0 son apog\u00e9e. Il \u00e9tait de nationalit\u00e9 anglaise mais travaillait pour le compte de la Turquie. Un jour il vint \u00e0 la rencontre de son \u00e9minence Amin Sheikho \u00e0 Damas. Il voulait obtenir de lui les r\u00e9ponses \u00e0 quelques questions qui lui trituraient le cerveau concernant l\u2019islam. Les deux se livr\u00e8rent \u00e0 d\u2019interminables \u00e9changes. Sir Bennett fut \u00e9difi\u00e9 et en sorti converti. plus abondante que les eaux des pluies car leurs v\u00e9ritables sources provienne des deux p\u00f4les: p\u00f4le nord et p\u00f4le sud. Il appuya cette th\u00e8se scientifique par plus de trente versets coraniques. C\u2019est \u00e9tonnant. G. Bennett apr\u00e8s avoir \u00e9cout\u00e9 et discut\u00e9 avec lui se point, d\u00e9clara sans h\u00e9sit\u00e9 sa conversion dans l\u2019islam disant: <strong>\u00ab c\u2019est \u00e9tonnant cela ne m\u2019est jamais venu \u00e0 l\u2019esprit durant toute ma vie\u00bb<\/strong>.<\/p>\n<p style=\"text-align: justify;\">Quand il retourna dans son pays, il fit savoir aux anglais que: <strong>\u00abtout ce que nous avons comme science n\u2019est rien par rapport \u00e0 l\u2019oc\u00e9an de science que j\u2019ai rencontr\u00e9 au moyen orient\u00bb<\/strong><\/p>\n<p style=\"text-align: justify;\">Lorsqu\u2019il rentre dans son pays, il s\u2019investit dans l\u2019\u00e9tude de la philosophie et de l\u2019astronomie. Les livres qu\u2019il \u00e9crit sont lus \u00e0 travers le monde.<\/p>\n<p style=\"text-align: justify;\">Toute la vie de son Eminence Mohammad Amin Sheikho <em>(que son \u00e2me soit b\u00e9nie)<\/em> est consacr\u00e9e \u00e0 la lutte pour la vraie foi et \u00e0 la recherche de l\u2019agr\u00e9ment de son Seigneur. Entr\u00e9 en \u00e9tat de communion avec Lui, il va avoir l\u2019inspiration qui lui a permis de r\u00e9aliser des \u0153uvres honorables pour la cause de l\u2019humanit\u00e9. Il reste un mod\u00e8le pour ceux qui veulent faire triompher la v\u00e9rit\u00e9 contre le mensonge.<\/p>\n<p style=\"text-align: justify;\">Le souci constant de Cheick Amin Sheikho aura \u00e9t\u00e9 de lib\u00e9rer dans la mesure de ses possibilit\u00e9s son prochain de la peine et de tristesse. Il ne l\u00e9sinait pas sur les moyens <em>(physique, financier, mat\u00e9riel)<\/em> \u00e0 consacrer \u00e0 la Da\u2019awa.<\/p>\n<p style=\"text-align: justify;\">Il ira jusqu\u2019\u00e0 la d\u00e9mission de son travail pour se mettre au service de l\u2019homme et de Dieu. Au cour d\u2019une nuit son Seigneur lui ouvre les porte de son royaume. Il acc\u00e8de au monde sacr\u00e9 gr\u00e2ce \u00e0 sa sinc\u00e9rit\u00e9 et \u00e0 l\u2019amour du proph\u00e8te. Les portes de ce royaume ne sont pas ferm\u00e9es, elles sont ouvertes \u00e0 tous les aspirants qui aiment Dieu sinc\u00e8rement. Mohammad Amin Sheikho va quitter ce monde un jour de rabi 1384 de l\u2019h\u00e9gire (1964) comme il est venu, avec dignit\u00e9. Pouvait-il en \u00eatre autrement pour cet \u00e9rudit qui s\u2019est investi \u00e0 fond dans la connaissance de l\u2019\u00eatre supr\u00eame. On peut \u00e0 juste titre relever \u00e0 juste titre que le Cheikh a accompli sa mission car il est demeur\u00e9 dans l\u2019esprits de ses milliers d\u2019\u00e9tudiants \u00e0 travers le monde cette boussole qui indique la voie. Son corps repose au cimeti\u00e8re du proph\u00e8te Zhul-kufli dans le quartier de Salihia \u00e0 Damas.<\/p>\n<p style=\"text-align: center;\"><strong>\u00ab Et qui prof\u00e8re plus bonne parole que celui qui appelle \u00e0 Allah, fait bonne \u0153uvre et dit je suis du nombre de musulmans \u00bb<\/strong> S.41:23<\/p>\n<\/p>\n\t\t<\/div>\n\t\n","protected":false},"excerpt":{"rendered":"<p>Pr\u00e9face: Mohammad Amin Sheikho nait en 1308 de l\u2019h\u00e9gire \u00e0 Damas. Il est d\u2019une beaut\u00e9 l\u00e9gendaire et la pr\u00e9cocit\u00e9 de son intelligence est impressionnante. Ces qualit\u00e9s sont certainement pour beaucoup dans l\u2019immense amour que son p\u00e8re, un commer\u00e7ant damasc\u00e8ne (de Syrie) \u00e9prouve pour lui. Amin Sheikho est un enfant plein de gait\u00e9, sa personnalit\u00e9 influencent &hellip;<\/p>\n","protected":false},"author":1,"featured_media":207,"parent":0,"menu_order":0,"comment_status":"closed","ping_status":"closed","template":"","meta":{"footnotes":""},"class_list":["post-205","page","type-page","status-publish","has-post-thumbnail","hentry"],"jetpack_sharing_enabled":true,"_links":{"self":[{"href":"https:\/\/www.amin-sheikho.com\/fr\/wp-json\/wp\/v2\/pages\/205","targetHints":{"allow":["GET"]}}],"collection":[{"href":"https:\/\/www.amin-sheikho.com\/fr\/wp-json\/wp\/v2\/pages"}],"about":[{"href":"https:\/\/www.amin-sheikho.com\/fr\/wp-json\/wp\/v2\/types\/page"}],"author":[{"embeddable":true,"href":"https:\/\/www.amin-sheikho.com\/fr\/wp-json\/wp\/v2\/users\/1"}],"replies":[{"embeddable":true,"href":"https:\/\/www.amin-sheikho.com\/fr\/wp-json\/wp\/v2\/comments?post=205"}],"version-history":[{"count":8,"href":"https:\/\/www.amin-sheikho.com\/fr\/wp-json\/wp\/v2\/pages\/205\/revisions"}],"predecessor-version":[{"id":387,"href":"https:\/\/www.amin-sheikho.com\/fr\/wp-json\/wp\/v2\/pages\/205\/revisions\/387"}],"wp:featuredmedia":[{"embeddable":true,"href":"https:\/\/www.amin-sheikho.com\/fr\/wp-json\/wp\/v2\/media\/207"}],"wp:attachment":[{"href":"https:\/\/www.amin-sheikho.com\/fr\/wp-json\/wp\/v2\/media?parent=205"}],"curies":[{"name":"wp","href":"https:\/\/api.w.org\/{rel}","templated":true}]}}