{"id":176,"date":"2017-07-22T07:39:48","date_gmt":"2017-07-22T04:39:48","guid":{"rendered":"http:\/\/localhost\/en\/?page_id=176"},"modified":"2017-08-19T21:09:44","modified_gmt":"2017-08-19T18:09:44","slug":"our-invitation-to-allah","status":"publish","type":"page","link":"https:\/\/www.amin-sheikho.com\/fr\/our-invitation-to-allah\/","title":{"rendered":"Notre invitation \u00e0 Allah"},"content":{"rendered":"<p style=\"text-align: justify;\"><strong>\u00ab Dis: Ceci est ma voie! J\u2019appelle les hommes \u00e0 Dieu, moi et ceux qui me suivent en toute clairvoyance ; et je ne suis pas, par la gr\u00e2ce du Seigneur du nombre des idol\u00e2tres \u00bb<\/strong><\/p>\n<p style=\"text-align: justify;\">C&rsquo;est sous la lumi\u00e8re de ce verset que nous avons ax\u00e9 notre appel \u00e0 Allah, il y a plus de vingt ans. Cet appel tourne autour des cinq points suivants:<\/p>\n\n\t\t<div class=\"clearfix\"><\/div>\n\t\t<hr style=\"margin-top:20px; margin-bottom:20px;\" class=\"divider divider-solid\">\n\t\n\n\t\t<div class=\"tie-padding  has-padding-left has-padding-right\" style=\"padding-left:10%; padding-right:5%; padding-top:0; padding-bottom:0;\">\n\t\t\t<p>\n<ul>\n<li style=\"text-align: justify;\">\n<h3><strong>Premi\u00e8rement:<\/strong><\/h3>\n<\/li>\n<\/ul>\n\n\t\t<div class=\"clearfix\"><\/div>\n\t\t<hr style=\"margin-top:20px; margin-bottom:20px;\" class=\"divider divider-normal\">\n\t\n<p style=\"text-align: justify;\">Apprendre aux gens la perfection d&rsquo;Allah, Exalt\u00e9 soit-Il, leur expliquer Sa mis\u00e9ricorde envers Ses serviteurs, Sa justice \u00e0 l&rsquo;endroit de Sa cr\u00e9ature, et r\u00e9futer tout ce qui, en \u00e9tant incompatible avec la justice, la compassion et la cl\u00e9mence est contraire \u00e0 la perfection divine. La parole ci-apr\u00e8s du Tout-Puissant est la lumi\u00e8re qui \u00e9claire cette voie qui m\u00e8ne \u00e0 la perfection:<\/p>\n<p style=\"text-align: justify;\"><strong>\u00ab C&rsquo;est \u00e0 Dieu qu&rsquo;appartiennent les plus beaux Noms. Servez- vous de ces Noms quand vous l\u2019invoquez! Eloignez-vous de ceux qui les profanent et qui seront r\u00e9tribu\u00e9s selon leurs actes.\u00bb<\/strong> [Al-A`r\u00e2f, v 180]\n<ul>\n<li style=\"text-align: justify;\">\n<h3><strong>Deuxi\u00e8mement:<\/strong><\/h3>\n<\/li>\n<\/ul>\n\n\t\t<div class=\"clearfix\"><\/div>\n\t\t<hr style=\"margin-top:20px; margin-bottom:20px;\" class=\"divider divider-normal\">\n\t\n<p style=\"text-align: justify;\">Expliquer le caract\u00e8re parfait des messagers (Pbsl), ceux dont le Tout-Puissant t\u00e9moigne de la puret\u00e9 de leurs esprits dans Son livre. Ceux qu\u2019Allah a \u00e9rig\u00e9s en mod\u00e8les parfaits \u00e0 suivre. Mais au-del\u00e0 de l\u2019explication, r\u00e9futer toutes les diffamations ou interpr\u00e9tations contraires \u00e0 l&rsquo;\u00e9minence de ces proph\u00e8tes et leur autorit\u00e9. Nous nous r\u00e9f\u00e9rons \u00e0 cette parole du Tout-Puissant:<\/p>\n<p style=\"text-align: justify;\"><strong>\u00ab Voil\u00e0 ceux dont Dieu a guid\u00e9 les pas! Suis donc leur direction\u2026\u00bb<\/strong> [Al-An`\u00e2m, v 90.]\n<ul>\n<li style=\"text-align: justify;\">\n<h3><strong>Troisi\u00e8mement:<\/strong><\/h3>\n<\/li>\n<\/ul>\n\n\t\t<div class=\"clearfix\"><\/div>\n\t\t<hr style=\"margin-top:20px; margin-bottom:20px;\" class=\"divider divider-normal\">\n\t\n<p style=\"text-align: justify;\">L&rsquo;appel \u00e0 l&rsquo;attachement aux objectifs de la Chari`a (l\u00e9gislation divine), \u00e0 la crainte d&rsquo;Allah comme il se doit puis, la mise en garde de l&rsquo;homme contre ce fait paradoxal qui consiste \u00e0 \u00e9couter ses passions et en m\u00eame temps \u00e0 adresser des v\u0153ux \u00e0 Allah. Notre r\u00e9f\u00e9rence sur ce point est cette parole du Tr\u00e8s Haut:<\/p>\n<p style=\"text-align: justify;\"><strong>\u00abVotre salut ne d\u00e9pend ni de vos souhaits ni des souhaits des gens des Ecritures. Quiconque fait du mal aura \u00e0 en r\u00e9pondre, et ne trouvera personne, en dehors de Dieu, pour le prot\u00e9ger ou le secourir \u00bb<\/strong>. [An-Niss\u00e2, v 123]\n<p style=\"text-align: justify;\">\u200bEt le Messager d&rsquo;Allah de pr\u00e9ciser:\u200b<\/p>\n<p style=\"text-align: justify;\"><strong>\u00ab\u00a0Sage est celui qui se rabaisse, accomplit des \u0153uvres qui lui seront utiles apr\u00e8s la mort. Le sot, lui, suit sa passion et adresse des v\u0153ux \u00e0 Allah\u00a0\u00bb<\/strong> [Rapport\u00e9 par At.-Tirmidhi]\n<ul>\n<li style=\"text-align: justify;\">\n<h3><strong>Quatri\u00e8mement:<\/strong><\/h3>\n<\/li>\n<\/ul>\n\n\t\t<div class=\"clearfix\"><\/div>\n\t\t<hr style=\"margin-top:20px; margin-bottom:20px;\" class=\"divider divider-normal\">\n\t\n<p style=\"text-align: justify;\">Guider les gens vers la foi r\u00e9elle que le Messager d&rsquo;Allah (Pbsl), enseigna \u00e0 ses nobles compagnons, en nous inspirant du Coran. Tout individu dont le c\u0153ur est habit\u00e9 par la foi respecte les recommandations d&rsquo;Allah, il a de la retenu. C&rsquo;est \u00e0 cela que le Tout-Puissant fait allusion \u00e0 travers ce verset:<\/p>\n<p style=\"text-align: justify;\"><strong>\u00ab\u2026 Dieu guide le c\u0153ur de quiconque croit en Lui \u00bb<\/strong> [At-Tagh\u00e2bon, v 11]\n<ul>\n<li style=\"text-align: justify;\">\n<h3><strong>Cinqui\u00e8mement:<\/strong><\/h3>\n<\/li>\n<\/ul>\n\n\t\t<div class=\"clearfix\"><\/div>\n\t\t<hr style=\"margin-top:20px; margin-bottom:20px;\" class=\"divider divider-normal\">\n\t\n<p style=\"text-align: justify;\">Apprendre aux gens la grandeur du Proph\u00e8te (Pbsl), \u00e0 faire des pri\u00e8res sur lui, en plus guider les fid\u00e8les dans la voie qui conduit \u00e0 l\u2019amour du Messager (Pbsl), et montrer en effet qu\u2019en manifestant un amour sans faille \u00e0 cette esprit pure, on gagne le renforcement de sa confiance en Allah et l\u2019impr\u00e9gnation de son esprit de la perfection. Cette parole du Tout-Puissant l\u2019atteste si bien:<\/p>\n<p style=\"text-align: justify;\"><strong>\u00ab Ceux qui ont cru en lui, qui l\u2019ont glorifi\u00e9, l\u2019ont appuy\u00e9 et ont suivi la Lumi\u00e8re qui lui a \u00e9t\u00e9 r\u00e9v\u00e9l\u00e9e \u2013 le Coran -, ce sont eux qui auront r\u00e9ussi \u00bb <\/strong>[Al-A`r\u00e2f, v 157]\n<p style=\"text-align: justify;\"><strong>\u00ab Dis: Si vos parents, vos enfants, vos fr\u00e8res, vos conjoints, vos proches, les biens que vous avez acquis, le commerce dont vous redoutez le d\u00e9clin, les habitats o\u00f9 vous vous pr\u00e9lassez, vous sont plus chers qu\u2019Allah, Son Proph\u00e8te et l&rsquo;effort dans Son sentier, alors attendez que vienne s&rsquo;instaurer l&rsquo;ordre du Seigneur! Car Dieu ne guide pas les gens pervers\u00bb <\/strong>[At-Tawba, v 24]\n<\/p>\n\t\t<\/div>\n\t\n","protected":false},"excerpt":{"rendered":"<p>\u00ab Dis: Ceci est ma voie! J\u2019appelle les hommes \u00e0 Dieu, moi et ceux qui me suivent en toute clairvoyance ; et je ne suis pas, par la gr\u00e2ce du Seigneur du nombre des idol\u00e2tres \u00bb C&rsquo;est sous la lumi\u00e8re de ce verset que nous avons ax\u00e9 notre appel \u00e0 Allah, il y a plus &hellip;<\/p>\n","protected":false},"author":1,"featured_media":181,"parent":0,"menu_order":0,"comment_status":"closed","ping_status":"closed","template":"","meta":{"footnotes":""},"class_list":["post-176","page","type-page","status-publish","has-post-thumbnail","hentry"],"jetpack_sharing_enabled":true,"_links":{"self":[{"href":"https:\/\/www.amin-sheikho.com\/fr\/wp-json\/wp\/v2\/pages\/176","targetHints":{"allow":["GET"]}}],"collection":[{"href":"https:\/\/www.amin-sheikho.com\/fr\/wp-json\/wp\/v2\/pages"}],"about":[{"href":"https:\/\/www.amin-sheikho.com\/fr\/wp-json\/wp\/v2\/types\/page"}],"author":[{"embeddable":true,"href":"https:\/\/www.amin-sheikho.com\/fr\/wp-json\/wp\/v2\/users\/1"}],"replies":[{"embeddable":true,"href":"https:\/\/www.amin-sheikho.com\/fr\/wp-json\/wp\/v2\/comments?post=176"}],"version-history":[{"count":8,"href":"https:\/\/www.amin-sheikho.com\/fr\/wp-json\/wp\/v2\/pages\/176\/revisions"}],"predecessor-version":[{"id":386,"href":"https:\/\/www.amin-sheikho.com\/fr\/wp-json\/wp\/v2\/pages\/176\/revisions\/386"}],"wp:featuredmedia":[{"embeddable":true,"href":"https:\/\/www.amin-sheikho.com\/fr\/wp-json\/wp\/v2\/media\/181"}],"wp:attachment":[{"href":"https:\/\/www.amin-sheikho.com\/fr\/wp-json\/wp\/v2\/media?parent=176"}],"curies":[{"name":"wp","href":"https:\/\/api.w.org\/{rel}","templated":true}]}}